{"id":31534,"date":"2023-06-13T09:12:38","date_gmt":"2024-04-30T07:11:40","guid":{"rendered":"https:\/\/tasdashop.com\/?post_type=product&#038;p=31534"},"modified":"2024-04-30T11:16:23","modified_gmt":"2024-04-30T09:16:23","slug":"pendientes-de-plata-y-jade","status":"publish","type":"product","link":"https:\/\/tasdashop.com\/es\/producto\/pendientes-de-plata-y-jade\/","title":{"rendered":"Pendientes de plata y jade"},"content":{"rendered":"<p>Estos bonitos y delicados pendientes de bot\u00f3n presentan una piedra de jade natural en una plata de ley redondeada. Elaborado con meticulosa atenci\u00f3n al detalle, desprende un aura de elegancia y sofisticaci\u00f3n.<\/p>\n<ul>\n<li>Fabricado con Plata de ley 925<\/li>\n<li>Tama\u00f1o de la piedra: 6 mm<\/li>\n<li>Tama\u00f1o de los pendientes: 7,6 mm<\/li>\n<li>Grosor: 4 mm<\/li>\n<li>Piedra Jade<\/li>\n<\/ul>\n<p>Este anillo, que forma parte de la encantadora colecci\u00f3n de joyas \u00abMi energ\u00eda\u00bb, es algo m\u00e1s que un accesorio: es un s\u00edmbolo de empoderamiento y positividad. Inspiradas en las energ\u00edas intr\u00ednsecas de las piedras preciosas, llevar estas piezas es como portar un escudo de protecci\u00f3n e irradiar un aura \u00fanica de confianza y gracia all\u00e1 donde te lleve la vida.<\/p>\n<p>El dise\u00f1o circular del anillo encierra un profundo simbolismo. Representa el amor eterno, la interconexi\u00f3n de la vida y la b\u00fasqueda de la perfecci\u00f3n. Adem\u00e1s, evoca la naturaleza c\u00edclica del tiempo y la danza armoniosa de los cuerpos celestes en el universo.<\/p>\n<p>Cada vez que lleves este anillo, no solo te estar\u00e1s adornando con belleza, sino que tambi\u00e9n estar\u00e1s abrazando el simbolismo intemporal que resuena profundamente en tu interior.<\/p>\n<p>&nbsp;<\/p>\n<p>&nbsp;<\/p>\n","protected":false},"excerpt":{"rendered":"<p>Estos bonitos y delicados pendientes de bot\u00f3n presentan una piedra de jade natural en una plata de ley redondeada. Elaborado con meticulosa atenci\u00f3n al detalle, desprende un aura de elegancia y sofisticaci\u00f3n. Fabricado con Plata de ley 925 Tama\u00f1o de la piedra: 6 mm Tama\u00f1o de los pendientes: 7,6 mm Grosor: 4 mm Piedra Jade [&hellip;]<\/p>\n","protected":false},"featured_media":31273,"comment_status":"open","ping_status":"closed","template":"","meta":{"_coblocks_attr":"","_coblocks_dimensions":"","_coblocks_responsive_height":"","_coblocks_accordion_ie_support":""},"product_brand":[],"product_cat":[222,238,260,240],"product_tag":[292],"class_list":{"0":"post-31534","1":"product","2":"type-product","3":"status-publish","4":"has-post-thumbnail","6":"product_cat-nuevo","7":"product_cat-joyas","8":"product_cat-pendientes","9":"product_cat-todas-las-joyas","10":"product_tag-energy","11":"product_shipping_class-standard-shipping-es","13":"first","14":"instock","15":"taxable","16":"shipping-taxable","17":"purchasable","18":"product-type-variable"},"yoast_head":"<!-- This site is optimized with the Yoast SEO plugin v27.4 - https:\/\/yoast.com\/product\/yoast-seo-wordpress\/ -->\n<title>Pendientes de plata y jade - Joyas TASDA<\/title>\n<meta name=\"description\" content=\"Echa un vistazo a toda la colecci\u00f3n de joyas ENERGY. Anillos, pendientes, collares. S\u00e9 \u00fanico, llevar esas piezas es como llevar un escudo de protecci\u00f3n.\" \/>\n<meta name=\"robots\" content=\"index, follow, max-snippet:-1, max-image-preview:large, max-video-preview:-1\" \/>\n<link rel=\"canonical\" href=\"https:\/\/tasdashop.com\/es\/producto\/pendientes-de-plata-y-jade\/\" \/>\n<meta property=\"og:locale\" content=\"es_ES\" \/>\n<meta property=\"og:type\" content=\"article\" \/>\n<meta property=\"og:title\" content=\"Pendientes de plata y jade - Joyas TASDA\" \/>\n<meta property=\"og:description\" content=\"Echa un vistazo a toda la colecci\u00f3n de joyas ENERGY. Anillos, pendientes, collares. S\u00e9 \u00fanico, llevar esas piezas es como llevar un escudo de protecci\u00f3n.\" \/>\n<meta property=\"og:url\" content=\"https:\/\/tasdashop.com\/es\/producto\/pendientes-de-plata-y-jade\/\" \/>\n<meta property=\"og:site_name\" content=\"TASDA\" \/>\n<meta property=\"article:publisher\" content=\"https:\/\/www.facebook.com\/Tasda-107458447328529\/\" \/>\n<meta property=\"article:modified_time\" content=\"2024-04-30T09:16:23+00:00\" \/>\n<meta property=\"og:image\" content=\"https:\/\/tasdashop.com\/wp-content\/uploads\/2024\/04\/green-jade-stud-earrings-silver-tasda-tasda-jewelry-1.jpg\" \/>\n\t<meta property=\"og:image:width\" content=\"1000\" \/>\n\t<meta property=\"og:image:height\" content=\"1000\" \/>\n\t<meta property=\"og:image:type\" content=\"image\/jpeg\" \/>\n<meta name=\"twitter:card\" content=\"summary_large_image\" \/>\n<meta name=\"twitter:label1\" content=\"Tiempo de lectura\" \/>\n\t<meta name=\"twitter:data1\" content=\"2 minutos\" \/>\n<script type=\"application\/ld+json\" class=\"yoast-schema-graph\">{\"@context\":\"https:\\\/\\\/schema.org\",\"@graph\":[{\"@type\":\"WebPage\",\"@id\":\"https:\\\/\\\/tasdashop.com\\\/es\\\/producto\\\/pendientes-de-plata-y-jade\\\/\",\"url\":\"https:\\\/\\\/tasdashop.com\\\/es\\\/producto\\\/pendientes-de-plata-y-jade\\\/\",\"name\":\"Pendientes de plata y jade - Joyas TASDA\",\"isPartOf\":{\"@id\":\"https:\\\/\\\/tasdashop.com\\\/es\\\/#website\"},\"primaryImageOfPage\":{\"@id\":\"https:\\\/\\\/tasdashop.com\\\/es\\\/producto\\\/pendientes-de-plata-y-jade\\\/#primaryimage\"},\"image\":{\"@id\":\"https:\\\/\\\/tasdashop.com\\\/es\\\/producto\\\/pendientes-de-plata-y-jade\\\/#primaryimage\"},\"thumbnailUrl\":\"https:\\\/\\\/tasdashop.com\\\/wp-content\\\/uploads\\\/2024\\\/04\\\/green-jade-stud-earrings-silver-tasda-tasda-jewelry-1.jpg\",\"datePublished\":\"2024-04-30T07:11:40+00:00\",\"dateModified\":\"2024-04-30T09:16:23+00:00\",\"description\":\"Echa un vistazo a toda la colecci\u00f3n de joyas ENERGY. Anillos, pendientes, collares. S\u00e9 \u00fanico, llevar esas piezas es como llevar un escudo de protecci\u00f3n.\",\"breadcrumb\":{\"@id\":\"https:\\\/\\\/tasdashop.com\\\/es\\\/producto\\\/pendientes-de-plata-y-jade\\\/#breadcrumb\"},\"inLanguage\":\"es\",\"potentialAction\":[{\"@type\":\"ReadAction\",\"target\":[\"https:\\\/\\\/tasdashop.com\\\/es\\\/producto\\\/pendientes-de-plata-y-jade\\\/\"]}]},{\"@type\":\"ImageObject\",\"inLanguage\":\"es\",\"@id\":\"https:\\\/\\\/tasdashop.com\\\/es\\\/producto\\\/pendientes-de-plata-y-jade\\\/#primaryimage\",\"url\":\"https:\\\/\\\/tasdashop.com\\\/wp-content\\\/uploads\\\/2024\\\/04\\\/green-jade-stud-earrings-silver-tasda-tasda-jewelry-1.jpg\",\"contentUrl\":\"https:\\\/\\\/tasdashop.com\\\/wp-content\\\/uploads\\\/2024\\\/04\\\/green-jade-stud-earrings-silver-tasda-tasda-jewelry-1.jpg\",\"width\":1000,\"height\":1000,\"caption\":\"pendientes de jade verde plata - joyas tasda\"},{\"@type\":\"BreadcrumbList\",\"@id\":\"https:\\\/\\\/tasdashop.com\\\/es\\\/producto\\\/pendientes-de-plata-y-jade\\\/#breadcrumb\",\"itemListElement\":[{\"@type\":\"ListItem\",\"position\":1,\"name\":\"Portada\",\"item\":\"https:\\\/\\\/tasdashop.com\\\/es\\\/\"},{\"@type\":\"ListItem\",\"position\":2,\"name\":\"Tienda\",\"item\":\"https:\\\/\\\/tasdashop.com\\\/es\\\/tienda\\\/\"},{\"@type\":\"ListItem\",\"position\":3,\"name\":\"Pendientes de plata y jade\"}]},{\"@type\":\"WebSite\",\"@id\":\"https:\\\/\\\/tasdashop.com\\\/es\\\/#website\",\"url\":\"https:\\\/\\\/tasdashop.com\\\/es\\\/\",\"name\":\"TASDA\",\"description\":\"Bags, jewelry, clothimg and accessories Global Brand\",\"publisher\":{\"@id\":\"https:\\\/\\\/tasdashop.com\\\/es\\\/#organization\"},\"potentialAction\":[{\"@type\":\"SearchAction\",\"target\":{\"@type\":\"EntryPoint\",\"urlTemplate\":\"https:\\\/\\\/tasdashop.com\\\/es\\\/?s={search_term_string}\"},\"query-input\":{\"@type\":\"PropertyValueSpecification\",\"valueRequired\":true,\"valueName\":\"search_term_string\"}}],\"inLanguage\":\"es\"},{\"@type\":\"Organization\",\"@id\":\"https:\\\/\\\/tasdashop.com\\\/es\\\/#organization\",\"name\":\"TASDA\",\"url\":\"https:\\\/\\\/tasdashop.com\\\/es\\\/\",\"logo\":{\"@type\":\"ImageObject\",\"inLanguage\":\"es\",\"@id\":\"https:\\\/\\\/tasdashop.com\\\/es\\\/#\\\/schema\\\/logo\\\/image\\\/\",\"url\":\"\",\"contentUrl\":\"\",\"caption\":\"TASDA\"},\"image\":{\"@id\":\"https:\\\/\\\/tasdashop.com\\\/es\\\/#\\\/schema\\\/logo\\\/image\\\/\"},\"sameAs\":[\"https:\\\/\\\/www.facebook.com\\\/Tasda-107458447328529\\\/\",\"https:\\\/\\\/www.instagram.com\\\/tasda.es\\\/?hl=es\"]}]}<\/script>\n<!-- \/ Yoast SEO plugin. -->","yoast_head_json":{"title":"Pendientes de plata y jade - Joyas TASDA","description":"Echa un vistazo a toda la colecci\u00f3n de joyas ENERGY. Anillos, pendientes, collares. S\u00e9 \u00fanico, llevar esas piezas es como llevar un escudo de protecci\u00f3n.","robots":{"index":"index","follow":"follow","max-snippet":"max-snippet:-1","max-image-preview":"max-image-preview:large","max-video-preview":"max-video-preview:-1"},"canonical":"https:\/\/tasdashop.com\/es\/producto\/pendientes-de-plata-y-jade\/","og_locale":"es_ES","og_type":"article","og_title":"Pendientes de plata y jade - Joyas TASDA","og_description":"Echa un vistazo a toda la colecci\u00f3n de joyas ENERGY. Anillos, pendientes, collares. S\u00e9 \u00fanico, llevar esas piezas es como llevar un escudo de protecci\u00f3n.","og_url":"https:\/\/tasdashop.com\/es\/producto\/pendientes-de-plata-y-jade\/","og_site_name":"TASDA","article_publisher":"https:\/\/www.facebook.com\/Tasda-107458447328529\/","article_modified_time":"2024-04-30T09:16:23+00:00","og_image":[{"width":1000,"height":1000,"url":"https:\/\/tasdashop.com\/wp-content\/uploads\/2024\/04\/green-jade-stud-earrings-silver-tasda-tasda-jewelry-1.jpg","type":"image\/jpeg"}],"twitter_card":"summary_large_image","twitter_misc":{"Tiempo de lectura":"2 minutos"},"schema":{"@context":"https:\/\/schema.org","@graph":[{"@type":"WebPage","@id":"https:\/\/tasdashop.com\/es\/producto\/pendientes-de-plata-y-jade\/","url":"https:\/\/tasdashop.com\/es\/producto\/pendientes-de-plata-y-jade\/","name":"Pendientes de plata y jade - Joyas TASDA","isPartOf":{"@id":"https:\/\/tasdashop.com\/es\/#website"},"primaryImageOfPage":{"@id":"https:\/\/tasdashop.com\/es\/producto\/pendientes-de-plata-y-jade\/#primaryimage"},"image":{"@id":"https:\/\/tasdashop.com\/es\/producto\/pendientes-de-plata-y-jade\/#primaryimage"},"thumbnailUrl":"https:\/\/tasdashop.com\/wp-content\/uploads\/2024\/04\/green-jade-stud-earrings-silver-tasda-tasda-jewelry-1.jpg","datePublished":"2024-04-30T07:11:40+00:00","dateModified":"2024-04-30T09:16:23+00:00","description":"Echa un vistazo a toda la colecci\u00f3n de joyas ENERGY. Anillos, pendientes, collares. S\u00e9 \u00fanico, llevar esas piezas es como llevar un escudo de protecci\u00f3n.","breadcrumb":{"@id":"https:\/\/tasdashop.com\/es\/producto\/pendientes-de-plata-y-jade\/#breadcrumb"},"inLanguage":"es","potentialAction":[{"@type":"ReadAction","target":["https:\/\/tasdashop.com\/es\/producto\/pendientes-de-plata-y-jade\/"]}]},{"@type":"ImageObject","inLanguage":"es","@id":"https:\/\/tasdashop.com\/es\/producto\/pendientes-de-plata-y-jade\/#primaryimage","url":"https:\/\/tasdashop.com\/wp-content\/uploads\/2024\/04\/green-jade-stud-earrings-silver-tasda-tasda-jewelry-1.jpg","contentUrl":"https:\/\/tasdashop.com\/wp-content\/uploads\/2024\/04\/green-jade-stud-earrings-silver-tasda-tasda-jewelry-1.jpg","width":1000,"height":1000,"caption":"pendientes de jade verde plata - joyas tasda"},{"@type":"BreadcrumbList","@id":"https:\/\/tasdashop.com\/es\/producto\/pendientes-de-plata-y-jade\/#breadcrumb","itemListElement":[{"@type":"ListItem","position":1,"name":"Portada","item":"https:\/\/tasdashop.com\/es\/"},{"@type":"ListItem","position":2,"name":"Tienda","item":"https:\/\/tasdashop.com\/es\/tienda\/"},{"@type":"ListItem","position":3,"name":"Pendientes de plata y jade"}]},{"@type":"WebSite","@id":"https:\/\/tasdashop.com\/es\/#website","url":"https:\/\/tasdashop.com\/es\/","name":"TASDA","description":"Bags, jewelry, clothimg and accessories Global Brand","publisher":{"@id":"https:\/\/tasdashop.com\/es\/#organization"},"potentialAction":[{"@type":"SearchAction","target":{"@type":"EntryPoint","urlTemplate":"https:\/\/tasdashop.com\/es\/?s={search_term_string}"},"query-input":{"@type":"PropertyValueSpecification","valueRequired":true,"valueName":"search_term_string"}}],"inLanguage":"es"},{"@type":"Organization","@id":"https:\/\/tasdashop.com\/es\/#organization","name":"TASDA","url":"https:\/\/tasdashop.com\/es\/","logo":{"@type":"ImageObject","inLanguage":"es","@id":"https:\/\/tasdashop.com\/es\/#\/schema\/logo\/image\/","url":"","contentUrl":"","caption":"TASDA"},"image":{"@id":"https:\/\/tasdashop.com\/es\/#\/schema\/logo\/image\/"},"sameAs":["https:\/\/www.facebook.com\/Tasda-107458447328529\/","https:\/\/www.instagram.com\/tasda.es\/?hl=es"]}]}},"jetpack_sharing_enabled":true,"_links":{"self":[{"href":"https:\/\/tasdashop.com\/es\/wp-json\/wp\/v2\/product\/31534","targetHints":{"allow":["GET"]}}],"collection":[{"href":"https:\/\/tasdashop.com\/es\/wp-json\/wp\/v2\/product"}],"about":[{"href":"https:\/\/tasdashop.com\/es\/wp-json\/wp\/v2\/types\/product"}],"replies":[{"embeddable":true,"href":"https:\/\/tasdashop.com\/es\/wp-json\/wp\/v2\/comments?post=31534"}],"wp:featuredmedia":[{"embeddable":true,"href":"https:\/\/tasdashop.com\/es\/wp-json\/wp\/v2\/media\/31273"}],"wp:attachment":[{"href":"https:\/\/tasdashop.com\/es\/wp-json\/wp\/v2\/media?parent=31534"}],"wp:term":[{"taxonomy":"product_brand","embeddable":true,"href":"https:\/\/tasdashop.com\/es\/wp-json\/wp\/v2\/product_brand?post=31534"},{"taxonomy":"product_cat","embeddable":true,"href":"https:\/\/tasdashop.com\/es\/wp-json\/wp\/v2\/product_cat?post=31534"},{"taxonomy":"product_tag","embeddable":true,"href":"https:\/\/tasdashop.com\/es\/wp-json\/wp\/v2\/product_tag?post=31534"}],"curies":[{"name":"wp","href":"https:\/\/api.w.org\/{rel}","templated":true}]}}