{"id":30936,"date":"2021-09-05T14:11:40","date_gmt":"2024-02-20T13:11:41","guid":{"rendered":"https:\/\/tasdashop.com\/?post_type=product&#038;p=30936"},"modified":"2024-04-15T19:13:57","modified_gmt":"2024-04-15T17:13:57","slug":"bolso-de-movil-de-rayas-de-colores","status":"publish","type":"product","link":"https:\/\/tasdashop.com\/es\/producto\/bolso-de-movil-de-rayas-de-colores\/","title":{"rendered":"Bolso M\u00f3vil Rayas Colores"},"content":{"rendered":"<p>Bolso para el m\u00f3vil negro con rayas de colores.<\/p>\n<p>Es el bolso ideal para llevar a diario, ya que el tama\u00f1o es perfecto para llevar accesorios b\u00e1sicos como tel\u00e9fono, tarjetas, llaves e incluso gafas, entre otras cosas que desees.<\/p>\n<p>Dise\u00f1ado con cierre magn\u00e9tico y cremallera, tiene doble compartimento para que puedas guardar lo que quieras, adem\u00e1s su asa es ajustable para usarlo del largo que quieras.<\/p>\n<p>Est\u00e1 confeccionado con piel PU de alta calidad y forrado con poli\u00e9ster con detalles en negro.<\/p>\n<p>El dise\u00f1o del estampado es una creaci\u00f3n \u00fanica.<\/p>\n<p>\u00a1Sea \u00fanico, use TASDA!<\/p>\n","protected":false},"excerpt":{"rendered":"<p>Este bolso es tu compa\u00f1ero perfecto para el d\u00eda a d\u00eda.<\/p>\n<p>Su tama\u00f1o compacto es ideal para llevar tus cosas esenciales como el m\u00f3vil, tarjetas, llaves y gafas de sol, asegurando que tengas todo a mano en todo momento gracias a su amplia capacidad.<\/p>\n","protected":false},"featured_media":30938,"comment_status":"open","ping_status":"closed","template":"","meta":{"_coblocks_attr":"","_coblocks_dimensions":"","_coblocks_responsive_height":"","_coblocks_accordion_ie_support":""},"product_brand":[],"product_cat":[83,204,107,113],"product_tag":[],"class_list":{"0":"post-30936","1":"product","2":"type-product","3":"status-publish","4":"has-post-thumbnail","6":"product_cat-new-arrivals","7":"product_cat-phone-bags","8":"product_cat-bags","9":"product_cat-all-bags","10":"product_shipping_class-standard-shipping","12":"first","13":"instock","14":"taxable","15":"shipping-taxable","16":"purchasable","17":"product-type-simple"},"yoast_head":"<!-- This site is optimized with the Yoast SEO plugin v27.4 - https:\/\/yoast.com\/product\/yoast-seo-wordpress\/ -->\n<title>Bolso M\u00f3vil Rayas Colores - TASDA<\/title>\n<meta name=\"description\" content=\"Bolso m\u00f3vil negro con rayas de colores. Perfecto para el uso diario, puedes guardar todo lo que quieras por su amplia capacidad. Env\u00edo gratis. Bolsos TASDA\" \/>\n<meta name=\"robots\" content=\"index, follow, max-snippet:-1, max-image-preview:large, max-video-preview:-1\" \/>\n<link rel=\"canonical\" href=\"https:\/\/tasdashop.com\/es\/producto\/bolso-de-movil-de-rayas-de-colores\/\" \/>\n<meta property=\"og:locale\" content=\"es_ES\" \/>\n<meta property=\"og:type\" content=\"article\" \/>\n<meta property=\"og:title\" content=\"Bolso M\u00f3vil Rayas Colores - TASDA\" \/>\n<meta property=\"og:description\" content=\"Bolso m\u00f3vil negro con rayas de colores. Perfecto para el uso diario, puedes guardar todo lo que quieras por su amplia capacidad. Env\u00edo gratis. Bolsos TASDA\" \/>\n<meta property=\"og:url\" content=\"https:\/\/tasdashop.com\/es\/producto\/bolso-de-movil-de-rayas-de-colores\/\" \/>\n<meta property=\"og:site_name\" content=\"TASDA\" \/>\n<meta property=\"article:publisher\" content=\"https:\/\/www.facebook.com\/Tasda-107458447328529\/\" \/>\n<meta property=\"article:modified_time\" content=\"2024-04-15T17:13:57+00:00\" \/>\n<meta property=\"og:image\" content=\"https:\/\/tasdashop.com\/wp-content\/uploads\/2024\/02\/AAC04476-C307-4303-8853-C9FBF0AB3A87.jpeg\" \/>\n\t<meta property=\"og:image:width\" content=\"1000\" \/>\n\t<meta property=\"og:image:height\" content=\"1000\" \/>\n\t<meta property=\"og:image:type\" content=\"image\/jpeg\" \/>\n<meta name=\"twitter:card\" content=\"summary_large_image\" \/>\n<meta name=\"twitter:label1\" content=\"Tiempo de lectura\" \/>\n\t<meta name=\"twitter:data1\" content=\"1 minuto\" \/>\n<script type=\"application\/ld+json\" class=\"yoast-schema-graph\">{\"@context\":\"https:\\\/\\\/schema.org\",\"@graph\":[{\"@type\":\"WebPage\",\"@id\":\"https:\\\/\\\/tasdashop.com\\\/es\\\/producto\\\/bolso-de-movil-de-rayas-de-colores\\\/\",\"url\":\"https:\\\/\\\/tasdashop.com\\\/es\\\/producto\\\/bolso-de-movil-de-rayas-de-colores\\\/\",\"name\":\"Bolso M\u00f3vil Rayas Colores - TASDA\",\"isPartOf\":{\"@id\":\"https:\\\/\\\/tasdashop.com\\\/es\\\/#website\"},\"primaryImageOfPage\":{\"@id\":\"https:\\\/\\\/tasdashop.com\\\/es\\\/producto\\\/bolso-de-movil-de-rayas-de-colores\\\/#primaryimage\"},\"image\":{\"@id\":\"https:\\\/\\\/tasdashop.com\\\/es\\\/producto\\\/bolso-de-movil-de-rayas-de-colores\\\/#primaryimage\"},\"thumbnailUrl\":\"https:\\\/\\\/tasdashop.com\\\/wp-content\\\/uploads\\\/2024\\\/02\\\/AAC04476-C307-4303-8853-C9FBF0AB3A87.jpeg\",\"datePublished\":\"2024-02-20T13:11:41+00:00\",\"dateModified\":\"2024-04-15T17:13:57+00:00\",\"description\":\"Bolso m\u00f3vil negro con rayas de colores. Perfecto para el uso diario, puedes guardar todo lo que quieras por su amplia capacidad. Env\u00edo gratis. Bolsos TASDA\",\"breadcrumb\":{\"@id\":\"https:\\\/\\\/tasdashop.com\\\/es\\\/producto\\\/bolso-de-movil-de-rayas-de-colores\\\/#breadcrumb\"},\"inLanguage\":\"es\",\"potentialAction\":[{\"@type\":\"ReadAction\",\"target\":[\"https:\\\/\\\/tasdashop.com\\\/es\\\/producto\\\/bolso-de-movil-de-rayas-de-colores\\\/\"]}]},{\"@type\":\"ImageObject\",\"inLanguage\":\"es\",\"@id\":\"https:\\\/\\\/tasdashop.com\\\/es\\\/producto\\\/bolso-de-movil-de-rayas-de-colores\\\/#primaryimage\",\"url\":\"https:\\\/\\\/tasdashop.com\\\/wp-content\\\/uploads\\\/2024\\\/02\\\/AAC04476-C307-4303-8853-C9FBF0AB3A87.jpeg\",\"contentUrl\":\"https:\\\/\\\/tasdashop.com\\\/wp-content\\\/uploads\\\/2024\\\/02\\\/AAC04476-C307-4303-8853-C9FBF0AB3A87.jpeg\",\"width\":1000,\"height\":1000,\"caption\":\"rayas de colores bolsa de tel\u00e9fono -tasda bolsas\"},{\"@type\":\"BreadcrumbList\",\"@id\":\"https:\\\/\\\/tasdashop.com\\\/es\\\/producto\\\/bolso-de-movil-de-rayas-de-colores\\\/#breadcrumb\",\"itemListElement\":[{\"@type\":\"ListItem\",\"position\":1,\"name\":\"Portada\",\"item\":\"https:\\\/\\\/tasdashop.com\\\/es\\\/\"},{\"@type\":\"ListItem\",\"position\":2,\"name\":\"Tienda\",\"item\":\"https:\\\/\\\/tasdashop.com\\\/es\\\/tienda\\\/\"},{\"@type\":\"ListItem\",\"position\":3,\"name\":\"Bolso M\u00f3vil Rayas Colores\"}]},{\"@type\":\"WebSite\",\"@id\":\"https:\\\/\\\/tasdashop.com\\\/es\\\/#website\",\"url\":\"https:\\\/\\\/tasdashop.com\\\/es\\\/\",\"name\":\"TASDA\",\"description\":\"Bags, jewelry, clothimg and accessories Global Brand\",\"publisher\":{\"@id\":\"https:\\\/\\\/tasdashop.com\\\/es\\\/#organization\"},\"potentialAction\":[{\"@type\":\"SearchAction\",\"target\":{\"@type\":\"EntryPoint\",\"urlTemplate\":\"https:\\\/\\\/tasdashop.com\\\/es\\\/?s={search_term_string}\"},\"query-input\":{\"@type\":\"PropertyValueSpecification\",\"valueRequired\":true,\"valueName\":\"search_term_string\"}}],\"inLanguage\":\"es\"},{\"@type\":\"Organization\",\"@id\":\"https:\\\/\\\/tasdashop.com\\\/es\\\/#organization\",\"name\":\"TASDA\",\"url\":\"https:\\\/\\\/tasdashop.com\\\/es\\\/\",\"logo\":{\"@type\":\"ImageObject\",\"inLanguage\":\"es\",\"@id\":\"https:\\\/\\\/tasdashop.com\\\/es\\\/#\\\/schema\\\/logo\\\/image\\\/\",\"url\":\"\",\"contentUrl\":\"\",\"caption\":\"TASDA\"},\"image\":{\"@id\":\"https:\\\/\\\/tasdashop.com\\\/es\\\/#\\\/schema\\\/logo\\\/image\\\/\"},\"sameAs\":[\"https:\\\/\\\/www.facebook.com\\\/Tasda-107458447328529\\\/\",\"https:\\\/\\\/www.instagram.com\\\/tasda.es\\\/?hl=es\"]}]}<\/script>\n<!-- \/ Yoast SEO plugin. -->","yoast_head_json":{"title":"Bolso M\u00f3vil Rayas Colores - TASDA","description":"Bolso m\u00f3vil negro con rayas de colores. Perfecto para el uso diario, puedes guardar todo lo que quieras por su amplia capacidad. Env\u00edo gratis. Bolsos TASDA","robots":{"index":"index","follow":"follow","max-snippet":"max-snippet:-1","max-image-preview":"max-image-preview:large","max-video-preview":"max-video-preview:-1"},"canonical":"https:\/\/tasdashop.com\/es\/producto\/bolso-de-movil-de-rayas-de-colores\/","og_locale":"es_ES","og_type":"article","og_title":"Bolso M\u00f3vil Rayas Colores - TASDA","og_description":"Bolso m\u00f3vil negro con rayas de colores. Perfecto para el uso diario, puedes guardar todo lo que quieras por su amplia capacidad. Env\u00edo gratis. Bolsos TASDA","og_url":"https:\/\/tasdashop.com\/es\/producto\/bolso-de-movil-de-rayas-de-colores\/","og_site_name":"TASDA","article_publisher":"https:\/\/www.facebook.com\/Tasda-107458447328529\/","article_modified_time":"2024-04-15T17:13:57+00:00","og_image":[{"width":1000,"height":1000,"url":"https:\/\/tasdashop.com\/wp-content\/uploads\/2024\/02\/AAC04476-C307-4303-8853-C9FBF0AB3A87.jpeg","type":"image\/jpeg"}],"twitter_card":"summary_large_image","twitter_misc":{"Tiempo de lectura":"1 minuto"},"schema":{"@context":"https:\/\/schema.org","@graph":[{"@type":"WebPage","@id":"https:\/\/tasdashop.com\/es\/producto\/bolso-de-movil-de-rayas-de-colores\/","url":"https:\/\/tasdashop.com\/es\/producto\/bolso-de-movil-de-rayas-de-colores\/","name":"Bolso M\u00f3vil Rayas Colores - TASDA","isPartOf":{"@id":"https:\/\/tasdashop.com\/es\/#website"},"primaryImageOfPage":{"@id":"https:\/\/tasdashop.com\/es\/producto\/bolso-de-movil-de-rayas-de-colores\/#primaryimage"},"image":{"@id":"https:\/\/tasdashop.com\/es\/producto\/bolso-de-movil-de-rayas-de-colores\/#primaryimage"},"thumbnailUrl":"https:\/\/tasdashop.com\/wp-content\/uploads\/2024\/02\/AAC04476-C307-4303-8853-C9FBF0AB3A87.jpeg","datePublished":"2024-02-20T13:11:41+00:00","dateModified":"2024-04-15T17:13:57+00:00","description":"Bolso m\u00f3vil negro con rayas de colores. Perfecto para el uso diario, puedes guardar todo lo que quieras por su amplia capacidad. Env\u00edo gratis. Bolsos TASDA","breadcrumb":{"@id":"https:\/\/tasdashop.com\/es\/producto\/bolso-de-movil-de-rayas-de-colores\/#breadcrumb"},"inLanguage":"es","potentialAction":[{"@type":"ReadAction","target":["https:\/\/tasdashop.com\/es\/producto\/bolso-de-movil-de-rayas-de-colores\/"]}]},{"@type":"ImageObject","inLanguage":"es","@id":"https:\/\/tasdashop.com\/es\/producto\/bolso-de-movil-de-rayas-de-colores\/#primaryimage","url":"https:\/\/tasdashop.com\/wp-content\/uploads\/2024\/02\/AAC04476-C307-4303-8853-C9FBF0AB3A87.jpeg","contentUrl":"https:\/\/tasdashop.com\/wp-content\/uploads\/2024\/02\/AAC04476-C307-4303-8853-C9FBF0AB3A87.jpeg","width":1000,"height":1000,"caption":"rayas de colores bolsa de tel\u00e9fono -tasda bolsas"},{"@type":"BreadcrumbList","@id":"https:\/\/tasdashop.com\/es\/producto\/bolso-de-movil-de-rayas-de-colores\/#breadcrumb","itemListElement":[{"@type":"ListItem","position":1,"name":"Portada","item":"https:\/\/tasdashop.com\/es\/"},{"@type":"ListItem","position":2,"name":"Tienda","item":"https:\/\/tasdashop.com\/es\/tienda\/"},{"@type":"ListItem","position":3,"name":"Bolso M\u00f3vil Rayas Colores"}]},{"@type":"WebSite","@id":"https:\/\/tasdashop.com\/es\/#website","url":"https:\/\/tasdashop.com\/es\/","name":"TASDA","description":"Bags, jewelry, clothimg and accessories Global Brand","publisher":{"@id":"https:\/\/tasdashop.com\/es\/#organization"},"potentialAction":[{"@type":"SearchAction","target":{"@type":"EntryPoint","urlTemplate":"https:\/\/tasdashop.com\/es\/?s={search_term_string}"},"query-input":{"@type":"PropertyValueSpecification","valueRequired":true,"valueName":"search_term_string"}}],"inLanguage":"es"},{"@type":"Organization","@id":"https:\/\/tasdashop.com\/es\/#organization","name":"TASDA","url":"https:\/\/tasdashop.com\/es\/","logo":{"@type":"ImageObject","inLanguage":"es","@id":"https:\/\/tasdashop.com\/es\/#\/schema\/logo\/image\/","url":"","contentUrl":"","caption":"TASDA"},"image":{"@id":"https:\/\/tasdashop.com\/es\/#\/schema\/logo\/image\/"},"sameAs":["https:\/\/www.facebook.com\/Tasda-107458447328529\/","https:\/\/www.instagram.com\/tasda.es\/?hl=es"]}]}},"jetpack_sharing_enabled":true,"_links":{"self":[{"href":"https:\/\/tasdashop.com\/es\/wp-json\/wp\/v2\/product\/30936","targetHints":{"allow":["GET"]}}],"collection":[{"href":"https:\/\/tasdashop.com\/es\/wp-json\/wp\/v2\/product"}],"about":[{"href":"https:\/\/tasdashop.com\/es\/wp-json\/wp\/v2\/types\/product"}],"replies":[{"embeddable":true,"href":"https:\/\/tasdashop.com\/es\/wp-json\/wp\/v2\/comments?post=30936"}],"wp:featuredmedia":[{"embeddable":true,"href":"https:\/\/tasdashop.com\/es\/wp-json\/wp\/v2\/media\/30938"}],"wp:attachment":[{"href":"https:\/\/tasdashop.com\/es\/wp-json\/wp\/v2\/media?parent=30936"}],"wp:term":[{"taxonomy":"product_brand","embeddable":true,"href":"https:\/\/tasdashop.com\/es\/wp-json\/wp\/v2\/product_brand?post=30936"},{"taxonomy":"product_cat","embeddable":true,"href":"https:\/\/tasdashop.com\/es\/wp-json\/wp\/v2\/product_cat?post=30936"},{"taxonomy":"product_tag","embeddable":true,"href":"https:\/\/tasdashop.com\/es\/wp-json\/wp\/v2\/product_tag?post=30936"}],"curies":[{"name":"wp","href":"https:\/\/api.w.org\/{rel}","templated":true}]}}