{"id":29487,"date":"2023-01-28T19:00:17","date_gmt":"2023-01-28T18:00:25","guid":{"rendered":"https:\/\/tasdashop.com\/?post_type=product&#038;p=29487"},"modified":"2024-04-16T18:27:29","modified_gmt":"2024-04-16T16:27:29","slug":"collar-cadena-colgnte-oro-energy-mini","status":"publish","type":"product","link":"https:\/\/tasdashop.com\/es\/producto\/collar-cadena-colgnte-oro-energy-mini\/","title":{"rendered":"Collar de cadena colgante de oro Energy Mini"},"content":{"rendered":"<p>Collar de cadena ENERGY colgante peque\u00f1o de acero inoxidable chapado en oro 18kt con piedra natural.<\/p>\n<p>Elige la piedra con la que te identificas y adem\u00e1s elige la longitud de tu collar.<\/p>\n<p>Piedras naturales: amatista, perla, malaquita, unaquita, \u00f3nix, \u00f3palo, jade, \u00e1gata, turquesa, piedra de arena, ojo de tigre, jaspe, aventurina.<\/p>\n<p>Consulte la\u00a0<a href=\"https:\/\/tasdashop.com\/es\/guia-de-piedra\/\"><em><strong>GU\u00cdA DE PIEDRAS<\/strong><\/em><\/a>\u00a0para ver el significado, el cumplea\u00f1os y el signo del zod\u00edaco de cada piedra.<\/p>\n<p>Tama\u00f1o del colgante: 10 x 10 mm<\/p>\n<p>Tipo de cadena: Cadena de caja (ajustable)<\/p>\n<p>Las cadenas de caja son uno de los tipos m\u00e1s resistentes de eslabones de cadena de collar con m\u00e1s estabilidad y resistencia.<\/p>\n<p>Por ejemplo, es perfecto para un regalo para \u00e9l y para ella, incluido un regalo en pareja.<\/p>\n<p>&nbsp;<\/p>\n","protected":false},"excerpt":{"rendered":"<p>Elige la piedra con la que te identificas.<\/p>\n<p>&nbsp;<\/p>\n","protected":false},"featured_media":29180,"comment_status":"closed","ping_status":"closed","template":"","meta":{"_coblocks_attr":"","_coblocks_dimensions":"","_coblocks_responsive_height":"","_coblocks_accordion_ie_support":""},"product_brand":[],"product_cat":[222,245,238,240],"product_tag":[292,246],"class_list":{"0":"post-29487","1":"product","2":"type-product","3":"status-publish","4":"has-post-thumbnail","6":"product_cat-nuevo","7":"product_cat-collares","8":"product_cat-joyas","9":"product_cat-todas-las-joyas","10":"product_tag-energy","11":"product_tag-los-mas-vendidos","12":"product_shipping_class-standard-shipping-es","14":"first","15":"instock","16":"purchasable","17":"product-type-variable","18":"has-default-attributes"},"yoast_head":"<!-- This site is optimized with the Yoast SEO plugin v27.4 - https:\/\/yoast.com\/product\/yoast-seo-wordpress\/ -->\n<title>Collar de cadena colgante de oro Energy Mini - TASDA Jewelry<\/title>\n<meta name=\"description\" content=\"Colgante de energ\u00eda de acero chapado en oro con collar de piedras naturales. Vea todas las piedras disponibles en la colecci\u00f3n. Joyer\u00eda TASDA.\" \/>\n<meta name=\"robots\" content=\"index, follow, max-snippet:-1, max-image-preview:large, max-video-preview:-1\" \/>\n<link rel=\"canonical\" href=\"https:\/\/tasdashop.com\/es\/producto\/collar-cadena-colgnte-oro-energy-mini\/\" \/>\n<meta property=\"og:locale\" content=\"es_ES\" \/>\n<meta property=\"og:type\" content=\"article\" \/>\n<meta property=\"og:title\" content=\"Collar de cadena colgante de oro Energy Mini - TASDA Jewelry\" \/>\n<meta property=\"og:description\" content=\"Colgante de energ\u00eda de acero chapado en oro con collar de piedras naturales. Vea todas las piedras disponibles en la colecci\u00f3n. Joyer\u00eda TASDA.\" \/>\n<meta property=\"og:url\" content=\"https:\/\/tasdashop.com\/es\/producto\/collar-cadena-colgnte-oro-energy-mini\/\" \/>\n<meta property=\"og:site_name\" content=\"TASDA\" \/>\n<meta property=\"article:publisher\" content=\"https:\/\/www.facebook.com\/Tasda-107458447328529\/\" \/>\n<meta property=\"article:modified_time\" content=\"2024-04-16T16:27:29+00:00\" \/>\n<meta property=\"og:image\" content=\"https:\/\/tasdashop.com\/wp-content\/uploads\/2023\/01\/malachite-gold-necklace-pendant-necklace-small-tasda-2-2.jpg\" \/>\n\t<meta property=\"og:image:width\" content=\"1000\" \/>\n\t<meta property=\"og:image:height\" content=\"1000\" \/>\n\t<meta property=\"og:image:type\" content=\"image\/jpeg\" \/>\n<meta name=\"twitter:card\" content=\"summary_large_image\" \/>\n<meta name=\"twitter:label1\" content=\"Tiempo de lectura\" \/>\n\t<meta name=\"twitter:data1\" content=\"1 minuto\" \/>\n<script type=\"application\/ld+json\" class=\"yoast-schema-graph\">{\"@context\":\"https:\\\/\\\/schema.org\",\"@graph\":[{\"@type\":\"WebPage\",\"@id\":\"https:\\\/\\\/tasdashop.com\\\/es\\\/producto\\\/collar-cadena-colgnte-oro-energy-mini\\\/\",\"url\":\"https:\\\/\\\/tasdashop.com\\\/es\\\/producto\\\/collar-cadena-colgnte-oro-energy-mini\\\/\",\"name\":\"Collar de cadena colgante de oro Energy Mini - TASDA Jewelry\",\"isPartOf\":{\"@id\":\"https:\\\/\\\/tasdashop.com\\\/es\\\/#website\"},\"primaryImageOfPage\":{\"@id\":\"https:\\\/\\\/tasdashop.com\\\/es\\\/producto\\\/collar-cadena-colgnte-oro-energy-mini\\\/#primaryimage\"},\"image\":{\"@id\":\"https:\\\/\\\/tasdashop.com\\\/es\\\/producto\\\/collar-cadena-colgnte-oro-energy-mini\\\/#primaryimage\"},\"thumbnailUrl\":\"https:\\\/\\\/tasdashop.com\\\/wp-content\\\/uploads\\\/2023\\\/01\\\/malachite-gold-necklace-pendant-necklace-small-tasda-2-2.jpg\",\"datePublished\":\"2023-01-28T18:00:25+00:00\",\"dateModified\":\"2024-04-16T16:27:29+00:00\",\"description\":\"Colgante de energ\u00eda de acero chapado en oro con collar de piedras naturales. Vea todas las piedras disponibles en la colecci\u00f3n. Joyer\u00eda TASDA.\",\"breadcrumb\":{\"@id\":\"https:\\\/\\\/tasdashop.com\\\/es\\\/producto\\\/collar-cadena-colgnte-oro-energy-mini\\\/#breadcrumb\"},\"inLanguage\":\"es\",\"potentialAction\":[{\"@type\":\"ReadAction\",\"target\":[\"https:\\\/\\\/tasdashop.com\\\/es\\\/producto\\\/collar-cadena-colgnte-oro-energy-mini\\\/\"]}]},{\"@type\":\"ImageObject\",\"inLanguage\":\"es\",\"@id\":\"https:\\\/\\\/tasdashop.com\\\/es\\\/producto\\\/collar-cadena-colgnte-oro-energy-mini\\\/#primaryimage\",\"url\":\"https:\\\/\\\/tasdashop.com\\\/wp-content\\\/uploads\\\/2023\\\/01\\\/malachite-gold-necklace-pendant-necklace-small-tasda-2-2.jpg\",\"contentUrl\":\"https:\\\/\\\/tasdashop.com\\\/wp-content\\\/uploads\\\/2023\\\/01\\\/malachite-gold-necklace-pendant-necklace-small-tasda-2-2.jpg\",\"width\":1000,\"height\":1000,\"caption\":\"Malachite-gold necklace-pendant necklace small-dainty necklace-natural stone necklace-gold chain necklace-delicate chain necklace-circle stone pendant necklace\"},{\"@type\":\"BreadcrumbList\",\"@id\":\"https:\\\/\\\/tasdashop.com\\\/es\\\/producto\\\/collar-cadena-colgnte-oro-energy-mini\\\/#breadcrumb\",\"itemListElement\":[{\"@type\":\"ListItem\",\"position\":1,\"name\":\"Portada\",\"item\":\"https:\\\/\\\/tasdashop.com\\\/es\\\/\"},{\"@type\":\"ListItem\",\"position\":2,\"name\":\"Tienda\",\"item\":\"https:\\\/\\\/tasdashop.com\\\/es\\\/tienda\\\/\"},{\"@type\":\"ListItem\",\"position\":3,\"name\":\"Collar de cadena colgante de oro Energy Mini\"}]},{\"@type\":\"WebSite\",\"@id\":\"https:\\\/\\\/tasdashop.com\\\/es\\\/#website\",\"url\":\"https:\\\/\\\/tasdashop.com\\\/es\\\/\",\"name\":\"TASDA\",\"description\":\"Bags, jewelry, clothimg and accessories Global Brand\",\"publisher\":{\"@id\":\"https:\\\/\\\/tasdashop.com\\\/es\\\/#organization\"},\"potentialAction\":[{\"@type\":\"SearchAction\",\"target\":{\"@type\":\"EntryPoint\",\"urlTemplate\":\"https:\\\/\\\/tasdashop.com\\\/es\\\/?s={search_term_string}\"},\"query-input\":{\"@type\":\"PropertyValueSpecification\",\"valueRequired\":true,\"valueName\":\"search_term_string\"}}],\"inLanguage\":\"es\"},{\"@type\":\"Organization\",\"@id\":\"https:\\\/\\\/tasdashop.com\\\/es\\\/#organization\",\"name\":\"TASDA\",\"url\":\"https:\\\/\\\/tasdashop.com\\\/es\\\/\",\"logo\":{\"@type\":\"ImageObject\",\"inLanguage\":\"es\",\"@id\":\"https:\\\/\\\/tasdashop.com\\\/es\\\/#\\\/schema\\\/logo\\\/image\\\/\",\"url\":\"\",\"contentUrl\":\"\",\"caption\":\"TASDA\"},\"image\":{\"@id\":\"https:\\\/\\\/tasdashop.com\\\/es\\\/#\\\/schema\\\/logo\\\/image\\\/\"},\"sameAs\":[\"https:\\\/\\\/www.facebook.com\\\/Tasda-107458447328529\\\/\",\"https:\\\/\\\/www.instagram.com\\\/tasda.es\\\/?hl=es\"]}]}<\/script>\n<!-- \/ Yoast SEO plugin. -->","yoast_head_json":{"title":"Collar de cadena colgante de oro Energy Mini - TASDA Jewelry","description":"Colgante de energ\u00eda de acero chapado en oro con collar de piedras naturales. Vea todas las piedras disponibles en la colecci\u00f3n. Joyer\u00eda TASDA.","robots":{"index":"index","follow":"follow","max-snippet":"max-snippet:-1","max-image-preview":"max-image-preview:large","max-video-preview":"max-video-preview:-1"},"canonical":"https:\/\/tasdashop.com\/es\/producto\/collar-cadena-colgnte-oro-energy-mini\/","og_locale":"es_ES","og_type":"article","og_title":"Collar de cadena colgante de oro Energy Mini - TASDA Jewelry","og_description":"Colgante de energ\u00eda de acero chapado en oro con collar de piedras naturales. Vea todas las piedras disponibles en la colecci\u00f3n. Joyer\u00eda TASDA.","og_url":"https:\/\/tasdashop.com\/es\/producto\/collar-cadena-colgnte-oro-energy-mini\/","og_site_name":"TASDA","article_publisher":"https:\/\/www.facebook.com\/Tasda-107458447328529\/","article_modified_time":"2024-04-16T16:27:29+00:00","og_image":[{"width":1000,"height":1000,"url":"https:\/\/tasdashop.com\/wp-content\/uploads\/2023\/01\/malachite-gold-necklace-pendant-necklace-small-tasda-2-2.jpg","type":"image\/jpeg"}],"twitter_card":"summary_large_image","twitter_misc":{"Tiempo de lectura":"1 minuto"},"schema":{"@context":"https:\/\/schema.org","@graph":[{"@type":"WebPage","@id":"https:\/\/tasdashop.com\/es\/producto\/collar-cadena-colgnte-oro-energy-mini\/","url":"https:\/\/tasdashop.com\/es\/producto\/collar-cadena-colgnte-oro-energy-mini\/","name":"Collar de cadena colgante de oro Energy Mini - TASDA Jewelry","isPartOf":{"@id":"https:\/\/tasdashop.com\/es\/#website"},"primaryImageOfPage":{"@id":"https:\/\/tasdashop.com\/es\/producto\/collar-cadena-colgnte-oro-energy-mini\/#primaryimage"},"image":{"@id":"https:\/\/tasdashop.com\/es\/producto\/collar-cadena-colgnte-oro-energy-mini\/#primaryimage"},"thumbnailUrl":"https:\/\/tasdashop.com\/wp-content\/uploads\/2023\/01\/malachite-gold-necklace-pendant-necklace-small-tasda-2-2.jpg","datePublished":"2023-01-28T18:00:25+00:00","dateModified":"2024-04-16T16:27:29+00:00","description":"Colgante de energ\u00eda de acero chapado en oro con collar de piedras naturales. Vea todas las piedras disponibles en la colecci\u00f3n. Joyer\u00eda TASDA.","breadcrumb":{"@id":"https:\/\/tasdashop.com\/es\/producto\/collar-cadena-colgnte-oro-energy-mini\/#breadcrumb"},"inLanguage":"es","potentialAction":[{"@type":"ReadAction","target":["https:\/\/tasdashop.com\/es\/producto\/collar-cadena-colgnte-oro-energy-mini\/"]}]},{"@type":"ImageObject","inLanguage":"es","@id":"https:\/\/tasdashop.com\/es\/producto\/collar-cadena-colgnte-oro-energy-mini\/#primaryimage","url":"https:\/\/tasdashop.com\/wp-content\/uploads\/2023\/01\/malachite-gold-necklace-pendant-necklace-small-tasda-2-2.jpg","contentUrl":"https:\/\/tasdashop.com\/wp-content\/uploads\/2023\/01\/malachite-gold-necklace-pendant-necklace-small-tasda-2-2.jpg","width":1000,"height":1000,"caption":"Malachite-gold necklace-pendant necklace small-dainty necklace-natural stone necklace-gold chain necklace-delicate chain necklace-circle stone pendant necklace"},{"@type":"BreadcrumbList","@id":"https:\/\/tasdashop.com\/es\/producto\/collar-cadena-colgnte-oro-energy-mini\/#breadcrumb","itemListElement":[{"@type":"ListItem","position":1,"name":"Portada","item":"https:\/\/tasdashop.com\/es\/"},{"@type":"ListItem","position":2,"name":"Tienda","item":"https:\/\/tasdashop.com\/es\/tienda\/"},{"@type":"ListItem","position":3,"name":"Collar de cadena colgante de oro Energy Mini"}]},{"@type":"WebSite","@id":"https:\/\/tasdashop.com\/es\/#website","url":"https:\/\/tasdashop.com\/es\/","name":"TASDA","description":"Bags, jewelry, clothimg and accessories Global Brand","publisher":{"@id":"https:\/\/tasdashop.com\/es\/#organization"},"potentialAction":[{"@type":"SearchAction","target":{"@type":"EntryPoint","urlTemplate":"https:\/\/tasdashop.com\/es\/?s={search_term_string}"},"query-input":{"@type":"PropertyValueSpecification","valueRequired":true,"valueName":"search_term_string"}}],"inLanguage":"es"},{"@type":"Organization","@id":"https:\/\/tasdashop.com\/es\/#organization","name":"TASDA","url":"https:\/\/tasdashop.com\/es\/","logo":{"@type":"ImageObject","inLanguage":"es","@id":"https:\/\/tasdashop.com\/es\/#\/schema\/logo\/image\/","url":"","contentUrl":"","caption":"TASDA"},"image":{"@id":"https:\/\/tasdashop.com\/es\/#\/schema\/logo\/image\/"},"sameAs":["https:\/\/www.facebook.com\/Tasda-107458447328529\/","https:\/\/www.instagram.com\/tasda.es\/?hl=es"]}]}},"jetpack_sharing_enabled":true,"_links":{"self":[{"href":"https:\/\/tasdashop.com\/es\/wp-json\/wp\/v2\/product\/29487","targetHints":{"allow":["GET"]}}],"collection":[{"href":"https:\/\/tasdashop.com\/es\/wp-json\/wp\/v2\/product"}],"about":[{"href":"https:\/\/tasdashop.com\/es\/wp-json\/wp\/v2\/types\/product"}],"replies":[{"embeddable":true,"href":"https:\/\/tasdashop.com\/es\/wp-json\/wp\/v2\/comments?post=29487"}],"wp:featuredmedia":[{"embeddable":true,"href":"https:\/\/tasdashop.com\/es\/wp-json\/wp\/v2\/media\/29180"}],"wp:attachment":[{"href":"https:\/\/tasdashop.com\/es\/wp-json\/wp\/v2\/media?parent=29487"}],"wp:term":[{"taxonomy":"product_brand","embeddable":true,"href":"https:\/\/tasdashop.com\/es\/wp-json\/wp\/v2\/product_brand?post=29487"},{"taxonomy":"product_cat","embeddable":true,"href":"https:\/\/tasdashop.com\/es\/wp-json\/wp\/v2\/product_cat?post=29487"},{"taxonomy":"product_tag","embeddable":true,"href":"https:\/\/tasdashop.com\/es\/wp-json\/wp\/v2\/product_tag?post=29487"}],"curies":[{"name":"wp","href":"https:\/\/api.w.org\/{rel}","templated":true}]}}