{"id":28611,"date":"2023-01-14T20:26:52","date_gmt":"2023-01-15T11:06:40","guid":{"rendered":"https:\/\/tasdashop.com\/product\/chaqueta-cortavientos-blue-star\/"},"modified":"2023-01-26T13:37:37","modified_gmt":"2023-01-26T12:37:37","slug":"chaqueta-blue-star-windbreakerc","status":"publish","type":"product","link":"https:\/\/tasdashop.com\/es\/producto\/chaqueta-blue-star-windbreakerc\/","title":{"rendered":"Chaqueta cortavientos Blue Star"},"content":{"rendered":"<p>Este ligero cortavientos garantiza la m\u00e1xima comodidad en d\u00edas ventosos, lluviosos y soleados, gracias al tejido resistente al agua y al forro de malla transpirable. El cortavientos tiene un aspecto desenfadado que se adapta a diferentes estilos y se puede combinar f\u00e1cilmente con camisas de manga corta y larga.  <\/p>\n<p>El dise\u00f1o de impresi\u00f3n es una creaci\u00f3n \u00fanica de TASDA.<\/p>\n<p>&#8211; 100% poli\u00e9ster<br \/>\n&#8211; Peso del tejido: 75 g\/m\u00b2 (2,21 oz\/yd\u00b2)<br \/>\n&#8211; Tejido ligero e impermeable<br \/>\n&#8211; Forro de malla transpirable, reduce la est\u00e1tica<br \/>\n\u2022 Ajuste regular<br \/>\n&#8211; Pu\u00f1os el\u00e1sticos<br \/>\n&#8211; Capucha y bolsillos laterales<br \/>\n&#8211; Cremallera frontal<\/p>\n","protected":false},"excerpt":{"rendered":"<p>Este ligero cortavientos garantiza la m\u00e1xima comodidad en d\u00edas ventosos, lluviosos y soleados, gracias al tejido resistente al agua y al forro de malla transpirable. El cortavientos tiene un aspecto desenfadado que se adapta a diferentes estilos y se puede combinar f\u00e1cilmente con camisas de manga corta y larga. El dise\u00f1o de impresi\u00f3n es una [&hellip;]<\/p>\n","protected":false},"featured_media":28426,"comment_status":"open","ping_status":"closed","template":"","meta":{"_coblocks_attr":"","_coblocks_dimensions":"","_coblocks_responsive_height":"","_coblocks_accordion_ie_support":""},"product_brand":[],"product_cat":[131,444,123],"product_tag":[172],"class_list":{"0":"post-28611","1":"product","2":"type-product","3":"status-publish","4":"has-post-thumbnail","6":"product_cat-men","7":"product_cat-jaquets","8":"product_cat-clothing","9":"product_tag-kaleidescope-collection","11":"first","12":"instock","13":"taxable","14":"shipping-taxable","15":"purchasable","16":"product-type-variable"},"yoast_head":"<!-- This site is optimized with the Yoast SEO plugin v27.4 - https:\/\/yoast.com\/product\/yoast-seo-wordpress\/ -->\n<title>Chaqueta cortavientos Blue Star - TASDA<\/title>\n<meta name=\"robots\" content=\"index, follow, max-snippet:-1, max-image-preview:large, max-video-preview:-1\" \/>\n<link rel=\"canonical\" href=\"https:\/\/tasdashop.com\/es\/producto\/chaqueta-blue-star-windbreakerc\/\" \/>\n<meta property=\"og:locale\" content=\"es_ES\" \/>\n<meta property=\"og:type\" content=\"article\" \/>\n<meta property=\"og:title\" content=\"Chaqueta cortavientos Blue Star - TASDA\" \/>\n<meta property=\"og:description\" content=\"Este ligero cortavientos garantiza la m\u00e1xima comodidad en d\u00edas ventosos, lluviosos y soleados, gracias al tejido resistente al agua y al forro de malla transpirable. El cortavientos tiene un aspecto desenfadado que se adapta a diferentes estilos y se puede combinar f\u00e1cilmente con camisas de manga corta y larga. El dise\u00f1o de impresi\u00f3n es una [&hellip;]\" \/>\n<meta property=\"og:url\" content=\"https:\/\/tasdashop.com\/es\/producto\/chaqueta-blue-star-windbreakerc\/\" \/>\n<meta property=\"og:site_name\" content=\"TASDA\" \/>\n<meta property=\"article:publisher\" content=\"https:\/\/www.facebook.com\/Tasda-107458447328529\/\" \/>\n<meta property=\"article:modified_time\" content=\"2023-01-26T12:37:37+00:00\" \/>\n<meta property=\"og:image\" content=\"https:\/\/tasdashop.com\/wp-content\/uploads\/2023\/01\/all-over-print-mens-windbreaker-black-front-63c301e468b4f.jpg\" \/>\n\t<meta property=\"og:image:width\" content=\"2000\" \/>\n\t<meta property=\"og:image:height\" content=\"2000\" \/>\n\t<meta property=\"og:image:type\" content=\"image\/jpeg\" \/>\n<meta name=\"twitter:card\" content=\"summary_large_image\" \/>\n<meta name=\"twitter:label1\" content=\"Tiempo de lectura\" \/>\n\t<meta name=\"twitter:data1\" content=\"1 minuto\" \/>\n<script type=\"application\/ld+json\" class=\"yoast-schema-graph\">{\"@context\":\"https:\\\/\\\/schema.org\",\"@graph\":[{\"@type\":\"WebPage\",\"@id\":\"https:\\\/\\\/tasdashop.com\\\/es\\\/producto\\\/chaqueta-blue-star-windbreakerc\\\/\",\"url\":\"https:\\\/\\\/tasdashop.com\\\/es\\\/producto\\\/chaqueta-blue-star-windbreakerc\\\/\",\"name\":\"Chaqueta cortavientos Blue Star - TASDA\",\"isPartOf\":{\"@id\":\"https:\\\/\\\/tasdashop.com\\\/es\\\/#website\"},\"primaryImageOfPage\":{\"@id\":\"https:\\\/\\\/tasdashop.com\\\/es\\\/producto\\\/chaqueta-blue-star-windbreakerc\\\/#primaryimage\"},\"image\":{\"@id\":\"https:\\\/\\\/tasdashop.com\\\/es\\\/producto\\\/chaqueta-blue-star-windbreakerc\\\/#primaryimage\"},\"thumbnailUrl\":\"https:\\\/\\\/tasdashop.com\\\/wp-content\\\/uploads\\\/2023\\\/01\\\/all-over-print-mens-windbreaker-black-front-63c301e468b4f.jpg\",\"datePublished\":\"2023-01-15T11:06:40+00:00\",\"dateModified\":\"2023-01-26T12:37:37+00:00\",\"breadcrumb\":{\"@id\":\"https:\\\/\\\/tasdashop.com\\\/es\\\/producto\\\/chaqueta-blue-star-windbreakerc\\\/#breadcrumb\"},\"inLanguage\":\"es\",\"potentialAction\":[{\"@type\":\"ReadAction\",\"target\":[\"https:\\\/\\\/tasdashop.com\\\/es\\\/producto\\\/chaqueta-blue-star-windbreakerc\\\/\"]}]},{\"@type\":\"ImageObject\",\"inLanguage\":\"es\",\"@id\":\"https:\\\/\\\/tasdashop.com\\\/es\\\/producto\\\/chaqueta-blue-star-windbreakerc\\\/#primaryimage\",\"url\":\"https:\\\/\\\/tasdashop.com\\\/wp-content\\\/uploads\\\/2023\\\/01\\\/all-over-print-mens-windbreaker-black-front-63c301e468b4f.jpg\",\"contentUrl\":\"https:\\\/\\\/tasdashop.com\\\/wp-content\\\/uploads\\\/2023\\\/01\\\/all-over-print-mens-windbreaker-black-front-63c301e468b4f.jpg\",\"width\":2000,\"height\":2000},{\"@type\":\"BreadcrumbList\",\"@id\":\"https:\\\/\\\/tasdashop.com\\\/es\\\/producto\\\/chaqueta-blue-star-windbreakerc\\\/#breadcrumb\",\"itemListElement\":[{\"@type\":\"ListItem\",\"position\":1,\"name\":\"Portada\",\"item\":\"https:\\\/\\\/tasdashop.com\\\/es\\\/\"},{\"@type\":\"ListItem\",\"position\":2,\"name\":\"Tienda\",\"item\":\"https:\\\/\\\/tasdashop.com\\\/es\\\/tienda\\\/\"},{\"@type\":\"ListItem\",\"position\":3,\"name\":\"Chaqueta cortavientos Blue Star\"}]},{\"@type\":\"WebSite\",\"@id\":\"https:\\\/\\\/tasdashop.com\\\/es\\\/#website\",\"url\":\"https:\\\/\\\/tasdashop.com\\\/es\\\/\",\"name\":\"TASDA\",\"description\":\"Bags, jewelry, clothimg and accessories Global Brand\",\"publisher\":{\"@id\":\"https:\\\/\\\/tasdashop.com\\\/es\\\/#organization\"},\"potentialAction\":[{\"@type\":\"SearchAction\",\"target\":{\"@type\":\"EntryPoint\",\"urlTemplate\":\"https:\\\/\\\/tasdashop.com\\\/es\\\/?s={search_term_string}\"},\"query-input\":{\"@type\":\"PropertyValueSpecification\",\"valueRequired\":true,\"valueName\":\"search_term_string\"}}],\"inLanguage\":\"es\"},{\"@type\":\"Organization\",\"@id\":\"https:\\\/\\\/tasdashop.com\\\/es\\\/#organization\",\"name\":\"TASDA\",\"url\":\"https:\\\/\\\/tasdashop.com\\\/es\\\/\",\"logo\":{\"@type\":\"ImageObject\",\"inLanguage\":\"es\",\"@id\":\"https:\\\/\\\/tasdashop.com\\\/es\\\/#\\\/schema\\\/logo\\\/image\\\/\",\"url\":\"\",\"contentUrl\":\"\",\"caption\":\"TASDA\"},\"image\":{\"@id\":\"https:\\\/\\\/tasdashop.com\\\/es\\\/#\\\/schema\\\/logo\\\/image\\\/\"},\"sameAs\":[\"https:\\\/\\\/www.facebook.com\\\/Tasda-107458447328529\\\/\",\"https:\\\/\\\/www.instagram.com\\\/tasda.es\\\/?hl=es\"]}]}<\/script>\n<!-- \/ Yoast SEO plugin. -->","yoast_head_json":{"title":"Chaqueta cortavientos Blue Star - TASDA","robots":{"index":"index","follow":"follow","max-snippet":"max-snippet:-1","max-image-preview":"max-image-preview:large","max-video-preview":"max-video-preview:-1"},"canonical":"https:\/\/tasdashop.com\/es\/producto\/chaqueta-blue-star-windbreakerc\/","og_locale":"es_ES","og_type":"article","og_title":"Chaqueta cortavientos Blue Star - TASDA","og_description":"Este ligero cortavientos garantiza la m\u00e1xima comodidad en d\u00edas ventosos, lluviosos y soleados, gracias al tejido resistente al agua y al forro de malla transpirable. El cortavientos tiene un aspecto desenfadado que se adapta a diferentes estilos y se puede combinar f\u00e1cilmente con camisas de manga corta y larga. El dise\u00f1o de impresi\u00f3n es una [&hellip;]","og_url":"https:\/\/tasdashop.com\/es\/producto\/chaqueta-blue-star-windbreakerc\/","og_site_name":"TASDA","article_publisher":"https:\/\/www.facebook.com\/Tasda-107458447328529\/","article_modified_time":"2023-01-26T12:37:37+00:00","og_image":[{"width":2000,"height":2000,"url":"https:\/\/tasdashop.com\/wp-content\/uploads\/2023\/01\/all-over-print-mens-windbreaker-black-front-63c301e468b4f.jpg","type":"image\/jpeg"}],"twitter_card":"summary_large_image","twitter_misc":{"Tiempo de lectura":"1 minuto"},"schema":{"@context":"https:\/\/schema.org","@graph":[{"@type":"WebPage","@id":"https:\/\/tasdashop.com\/es\/producto\/chaqueta-blue-star-windbreakerc\/","url":"https:\/\/tasdashop.com\/es\/producto\/chaqueta-blue-star-windbreakerc\/","name":"Chaqueta cortavientos Blue Star - TASDA","isPartOf":{"@id":"https:\/\/tasdashop.com\/es\/#website"},"primaryImageOfPage":{"@id":"https:\/\/tasdashop.com\/es\/producto\/chaqueta-blue-star-windbreakerc\/#primaryimage"},"image":{"@id":"https:\/\/tasdashop.com\/es\/producto\/chaqueta-blue-star-windbreakerc\/#primaryimage"},"thumbnailUrl":"https:\/\/tasdashop.com\/wp-content\/uploads\/2023\/01\/all-over-print-mens-windbreaker-black-front-63c301e468b4f.jpg","datePublished":"2023-01-15T11:06:40+00:00","dateModified":"2023-01-26T12:37:37+00:00","breadcrumb":{"@id":"https:\/\/tasdashop.com\/es\/producto\/chaqueta-blue-star-windbreakerc\/#breadcrumb"},"inLanguage":"es","potentialAction":[{"@type":"ReadAction","target":["https:\/\/tasdashop.com\/es\/producto\/chaqueta-blue-star-windbreakerc\/"]}]},{"@type":"ImageObject","inLanguage":"es","@id":"https:\/\/tasdashop.com\/es\/producto\/chaqueta-blue-star-windbreakerc\/#primaryimage","url":"https:\/\/tasdashop.com\/wp-content\/uploads\/2023\/01\/all-over-print-mens-windbreaker-black-front-63c301e468b4f.jpg","contentUrl":"https:\/\/tasdashop.com\/wp-content\/uploads\/2023\/01\/all-over-print-mens-windbreaker-black-front-63c301e468b4f.jpg","width":2000,"height":2000},{"@type":"BreadcrumbList","@id":"https:\/\/tasdashop.com\/es\/producto\/chaqueta-blue-star-windbreakerc\/#breadcrumb","itemListElement":[{"@type":"ListItem","position":1,"name":"Portada","item":"https:\/\/tasdashop.com\/es\/"},{"@type":"ListItem","position":2,"name":"Tienda","item":"https:\/\/tasdashop.com\/es\/tienda\/"},{"@type":"ListItem","position":3,"name":"Chaqueta cortavientos Blue Star"}]},{"@type":"WebSite","@id":"https:\/\/tasdashop.com\/es\/#website","url":"https:\/\/tasdashop.com\/es\/","name":"TASDA","description":"Bags, jewelry, clothimg and accessories Global Brand","publisher":{"@id":"https:\/\/tasdashop.com\/es\/#organization"},"potentialAction":[{"@type":"SearchAction","target":{"@type":"EntryPoint","urlTemplate":"https:\/\/tasdashop.com\/es\/?s={search_term_string}"},"query-input":{"@type":"PropertyValueSpecification","valueRequired":true,"valueName":"search_term_string"}}],"inLanguage":"es"},{"@type":"Organization","@id":"https:\/\/tasdashop.com\/es\/#organization","name":"TASDA","url":"https:\/\/tasdashop.com\/es\/","logo":{"@type":"ImageObject","inLanguage":"es","@id":"https:\/\/tasdashop.com\/es\/#\/schema\/logo\/image\/","url":"","contentUrl":"","caption":"TASDA"},"image":{"@id":"https:\/\/tasdashop.com\/es\/#\/schema\/logo\/image\/"},"sameAs":["https:\/\/www.facebook.com\/Tasda-107458447328529\/","https:\/\/www.instagram.com\/tasda.es\/?hl=es"]}]}},"jetpack_sharing_enabled":true,"_links":{"self":[{"href":"https:\/\/tasdashop.com\/es\/wp-json\/wp\/v2\/product\/28611","targetHints":{"allow":["GET"]}}],"collection":[{"href":"https:\/\/tasdashop.com\/es\/wp-json\/wp\/v2\/product"}],"about":[{"href":"https:\/\/tasdashop.com\/es\/wp-json\/wp\/v2\/types\/product"}],"replies":[{"embeddable":true,"href":"https:\/\/tasdashop.com\/es\/wp-json\/wp\/v2\/comments?post=28611"}],"wp:featuredmedia":[{"embeddable":true,"href":"https:\/\/tasdashop.com\/es\/wp-json\/wp\/v2\/media\/28426"}],"wp:attachment":[{"href":"https:\/\/tasdashop.com\/es\/wp-json\/wp\/v2\/media?parent=28611"}],"wp:term":[{"taxonomy":"product_brand","embeddable":true,"href":"https:\/\/tasdashop.com\/es\/wp-json\/wp\/v2\/product_brand?post=28611"},{"taxonomy":"product_cat","embeddable":true,"href":"https:\/\/tasdashop.com\/es\/wp-json\/wp\/v2\/product_cat?post=28611"},{"taxonomy":"product_tag","embeddable":true,"href":"https:\/\/tasdashop.com\/es\/wp-json\/wp\/v2\/product_tag?post=28611"}],"curies":[{"name":"wp","href":"https:\/\/api.w.org\/{rel}","templated":true}]}}