{"id":23630,"date":"2022-01-26T19:17:07","date_gmt":"2022-01-26T18:18:08","guid":{"rendered":"https:\/\/tasdashop.com\/product\/joggers-de-mujer-tigre\/"},"modified":"2022-02-01T11:28:28","modified_gmt":"2022-02-01T10:28:28","slug":"joggers-mujer-tigre","status":"publish","type":"product","link":"https:\/\/tasdashop.com\/es\/producto\/joggers-mujer-tigre\/","title":{"rendered":"Joggers de mujer tigre"},"content":{"rendered":"<p>\u00a1Felicitaciones, has encontrado tu pr\u00f3ximo pantal\u00f3n de ch\u00e1ndal con estampado de leopardo favorito!<\/p>\n<p>Confeccionados con una mezcla de algod\u00f3n suave, estos joggers cuentan con un estampado vibrante que no se desti\u00f1e, por lo que pueden permanecer en tu guardarropa durante mucho tiempo.<\/p>\n<p>El dise\u00f1o de impresi\u00f3n es una creaci\u00f3n \u00fanica de TASDA.<\/p>\n<p>\u2022 70% poli\u00e9ster, 27% algod\u00f3n, 3% elastano<br \/>\n\u2022 Peso de la tela: 8,85 oz \/ yd\u00b2 (300 g \/ m\u00b2)<br \/>\n\u2022 Ajustado<br \/>\n\u2022 Frente de tela suave con tacto de algod\u00f3n<br \/>\n\u2022 Tejido de vell\u00f3n cepillado en el interior<br \/>\n\u2022 Piernas con pu\u00f1os<br \/>\n\u2022 Pr\u00e1cticos bolsillos<br \/>\n\u2022 Cintura el\u00e1stica con cord\u00f3n blanco<\/p>\n","protected":false},"excerpt":{"rendered":"<p>\u00a1Felicitaciones, has encontrado tu pr\u00f3ximo pantal\u00f3n de ch\u00e1ndal con estampado de leopardo favorito! Confeccionados con una mezcla de algod\u00f3n suave, estos joggers cuentan con un estampado vibrante que no se desti\u00f1e, por lo que pueden permanecer en tu guardarropa durante mucho tiempo. El dise\u00f1o de impresi\u00f3n es una creaci\u00f3n \u00fanica de TASDA. \u2022 70% poli\u00e9ster, [&hellip;]<\/p>\n","protected":false},"featured_media":23623,"comment_status":"open","ping_status":"closed","template":"","meta":{"_coblocks_attr":"","_coblocks_dimensions":"","_coblocks_responsive_height":"","_coblocks_accordion_ie_support":""},"product_brand":[],"product_cat":[83,126,124,123,132],"product_tag":[417],"class_list":{"0":"post-23630","1":"product","2":"type-product","3":"status-publish","4":"has-post-thumbnail","6":"product_cat-new-arrivals","7":"product_cat-women-joggers-shorts","8":"product_cat-women","9":"product_cat-clothing","10":"product_cat-all-women-clothing","11":"product_tag-the-year-of-the-tiger","13":"first","14":"instock","15":"taxable","16":"shipping-taxable","17":"purchasable","18":"product-type-variable"},"yoast_head":"<!-- This site is optimized with the Yoast SEO plugin v27.4 - https:\/\/yoast.com\/product\/yoast-seo-wordpress\/ -->\n<title>Joggers de mujer tigre - TASDA<\/title>\n<meta name=\"robots\" content=\"index, follow, max-snippet:-1, max-image-preview:large, max-video-preview:-1\" \/>\n<link rel=\"canonical\" href=\"https:\/\/tasdashop.com\/es\/producto\/joggers-mujer-tigre\/\" \/>\n<meta property=\"og:locale\" content=\"es_ES\" \/>\n<meta property=\"og:type\" content=\"article\" \/>\n<meta property=\"og:title\" content=\"Joggers de mujer tigre - TASDA\" \/>\n<meta property=\"og:description\" content=\"\u00a1Felicitaciones, has encontrado tu pr\u00f3ximo pantal\u00f3n de ch\u00e1ndal con estampado de leopardo favorito! Confeccionados con una mezcla de algod\u00f3n suave, estos joggers cuentan con un estampado vibrante que no se desti\u00f1e, por lo que pueden permanecer en tu guardarropa durante mucho tiempo. El dise\u00f1o de impresi\u00f3n es una creaci\u00f3n \u00fanica de TASDA. \u2022 70% poli\u00e9ster, [&hellip;]\" \/>\n<meta property=\"og:url\" content=\"https:\/\/tasdashop.com\/es\/producto\/joggers-mujer-tigre\/\" \/>\n<meta property=\"og:site_name\" content=\"TASDA\" \/>\n<meta property=\"article:publisher\" content=\"https:\/\/www.facebook.com\/Tasda-107458447328529\/\" \/>\n<meta property=\"article:modified_time\" content=\"2022-02-01T10:28:28+00:00\" \/>\n<meta property=\"og:image\" content=\"https:\/\/tasdashop.com\/wp-content\/uploads\/2022\/01\/all-over-print-womens-joggers-white-front-61f1900f74c65.jpg\" \/>\n\t<meta property=\"og:image:width\" content=\"1000\" \/>\n\t<meta property=\"og:image:height\" content=\"1000\" \/>\n\t<meta property=\"og:image:type\" content=\"image\/jpeg\" \/>\n<meta name=\"twitter:card\" content=\"summary_large_image\" \/>\n<meta name=\"twitter:label1\" content=\"Tiempo de lectura\" \/>\n\t<meta name=\"twitter:data1\" content=\"1 minuto\" \/>\n<script type=\"application\/ld+json\" class=\"yoast-schema-graph\">{\"@context\":\"https:\\\/\\\/schema.org\",\"@graph\":[{\"@type\":\"WebPage\",\"@id\":\"https:\\\/\\\/tasdashop.com\\\/es\\\/producto\\\/joggers-mujer-tigre\\\/\",\"url\":\"https:\\\/\\\/tasdashop.com\\\/es\\\/producto\\\/joggers-mujer-tigre\\\/\",\"name\":\"Joggers de mujer tigre - TASDA\",\"isPartOf\":{\"@id\":\"https:\\\/\\\/tasdashop.com\\\/es\\\/#website\"},\"primaryImageOfPage\":{\"@id\":\"https:\\\/\\\/tasdashop.com\\\/es\\\/producto\\\/joggers-mujer-tigre\\\/#primaryimage\"},\"image\":{\"@id\":\"https:\\\/\\\/tasdashop.com\\\/es\\\/producto\\\/joggers-mujer-tigre\\\/#primaryimage\"},\"thumbnailUrl\":\"https:\\\/\\\/tasdashop.com\\\/wp-content\\\/uploads\\\/2022\\\/01\\\/all-over-print-womens-joggers-white-front-61f1900f74c65.jpg\",\"datePublished\":\"2022-01-26T18:18:08+00:00\",\"dateModified\":\"2022-02-01T10:28:28+00:00\",\"breadcrumb\":{\"@id\":\"https:\\\/\\\/tasdashop.com\\\/es\\\/producto\\\/joggers-mujer-tigre\\\/#breadcrumb\"},\"inLanguage\":\"es\",\"potentialAction\":[{\"@type\":\"ReadAction\",\"target\":[\"https:\\\/\\\/tasdashop.com\\\/es\\\/producto\\\/joggers-mujer-tigre\\\/\"]}]},{\"@type\":\"ImageObject\",\"inLanguage\":\"es\",\"@id\":\"https:\\\/\\\/tasdashop.com\\\/es\\\/producto\\\/joggers-mujer-tigre\\\/#primaryimage\",\"url\":\"https:\\\/\\\/tasdashop.com\\\/wp-content\\\/uploads\\\/2022\\\/01\\\/all-over-print-womens-joggers-white-front-61f1900f74c65.jpg\",\"contentUrl\":\"https:\\\/\\\/tasdashop.com\\\/wp-content\\\/uploads\\\/2022\\\/01\\\/all-over-print-womens-joggers-white-front-61f1900f74c65.jpg\",\"width\":1000,\"height\":1000},{\"@type\":\"BreadcrumbList\",\"@id\":\"https:\\\/\\\/tasdashop.com\\\/es\\\/producto\\\/joggers-mujer-tigre\\\/#breadcrumb\",\"itemListElement\":[{\"@type\":\"ListItem\",\"position\":1,\"name\":\"Portada\",\"item\":\"https:\\\/\\\/tasdashop.com\\\/es\\\/\"},{\"@type\":\"ListItem\",\"position\":2,\"name\":\"Tienda\",\"item\":\"https:\\\/\\\/tasdashop.com\\\/es\\\/tienda\\\/\"},{\"@type\":\"ListItem\",\"position\":3,\"name\":\"Joggers de mujer tigre\"}]},{\"@type\":\"WebSite\",\"@id\":\"https:\\\/\\\/tasdashop.com\\\/es\\\/#website\",\"url\":\"https:\\\/\\\/tasdashop.com\\\/es\\\/\",\"name\":\"TASDA\",\"description\":\"Bags, jewelry, clothimg and accessories Global Brand\",\"publisher\":{\"@id\":\"https:\\\/\\\/tasdashop.com\\\/es\\\/#organization\"},\"potentialAction\":[{\"@type\":\"SearchAction\",\"target\":{\"@type\":\"EntryPoint\",\"urlTemplate\":\"https:\\\/\\\/tasdashop.com\\\/es\\\/?s={search_term_string}\"},\"query-input\":{\"@type\":\"PropertyValueSpecification\",\"valueRequired\":true,\"valueName\":\"search_term_string\"}}],\"inLanguage\":\"es\"},{\"@type\":\"Organization\",\"@id\":\"https:\\\/\\\/tasdashop.com\\\/es\\\/#organization\",\"name\":\"TASDA\",\"url\":\"https:\\\/\\\/tasdashop.com\\\/es\\\/\",\"logo\":{\"@type\":\"ImageObject\",\"inLanguage\":\"es\",\"@id\":\"https:\\\/\\\/tasdashop.com\\\/es\\\/#\\\/schema\\\/logo\\\/image\\\/\",\"url\":\"\",\"contentUrl\":\"\",\"caption\":\"TASDA\"},\"image\":{\"@id\":\"https:\\\/\\\/tasdashop.com\\\/es\\\/#\\\/schema\\\/logo\\\/image\\\/\"},\"sameAs\":[\"https:\\\/\\\/www.facebook.com\\\/Tasda-107458447328529\\\/\",\"https:\\\/\\\/www.instagram.com\\\/tasda.es\\\/?hl=es\"]}]}<\/script>\n<!-- \/ Yoast SEO plugin. -->","yoast_head_json":{"title":"Joggers de mujer tigre - TASDA","robots":{"index":"index","follow":"follow","max-snippet":"max-snippet:-1","max-image-preview":"max-image-preview:large","max-video-preview":"max-video-preview:-1"},"canonical":"https:\/\/tasdashop.com\/es\/producto\/joggers-mujer-tigre\/","og_locale":"es_ES","og_type":"article","og_title":"Joggers de mujer tigre - TASDA","og_description":"\u00a1Felicitaciones, has encontrado tu pr\u00f3ximo pantal\u00f3n de ch\u00e1ndal con estampado de leopardo favorito! Confeccionados con una mezcla de algod\u00f3n suave, estos joggers cuentan con un estampado vibrante que no se desti\u00f1e, por lo que pueden permanecer en tu guardarropa durante mucho tiempo. El dise\u00f1o de impresi\u00f3n es una creaci\u00f3n \u00fanica de TASDA. \u2022 70% poli\u00e9ster, [&hellip;]","og_url":"https:\/\/tasdashop.com\/es\/producto\/joggers-mujer-tigre\/","og_site_name":"TASDA","article_publisher":"https:\/\/www.facebook.com\/Tasda-107458447328529\/","article_modified_time":"2022-02-01T10:28:28+00:00","og_image":[{"width":1000,"height":1000,"url":"https:\/\/tasdashop.com\/wp-content\/uploads\/2022\/01\/all-over-print-womens-joggers-white-front-61f1900f74c65.jpg","type":"image\/jpeg"}],"twitter_card":"summary_large_image","twitter_misc":{"Tiempo de lectura":"1 minuto"},"schema":{"@context":"https:\/\/schema.org","@graph":[{"@type":"WebPage","@id":"https:\/\/tasdashop.com\/es\/producto\/joggers-mujer-tigre\/","url":"https:\/\/tasdashop.com\/es\/producto\/joggers-mujer-tigre\/","name":"Joggers de mujer tigre - TASDA","isPartOf":{"@id":"https:\/\/tasdashop.com\/es\/#website"},"primaryImageOfPage":{"@id":"https:\/\/tasdashop.com\/es\/producto\/joggers-mujer-tigre\/#primaryimage"},"image":{"@id":"https:\/\/tasdashop.com\/es\/producto\/joggers-mujer-tigre\/#primaryimage"},"thumbnailUrl":"https:\/\/tasdashop.com\/wp-content\/uploads\/2022\/01\/all-over-print-womens-joggers-white-front-61f1900f74c65.jpg","datePublished":"2022-01-26T18:18:08+00:00","dateModified":"2022-02-01T10:28:28+00:00","breadcrumb":{"@id":"https:\/\/tasdashop.com\/es\/producto\/joggers-mujer-tigre\/#breadcrumb"},"inLanguage":"es","potentialAction":[{"@type":"ReadAction","target":["https:\/\/tasdashop.com\/es\/producto\/joggers-mujer-tigre\/"]}]},{"@type":"ImageObject","inLanguage":"es","@id":"https:\/\/tasdashop.com\/es\/producto\/joggers-mujer-tigre\/#primaryimage","url":"https:\/\/tasdashop.com\/wp-content\/uploads\/2022\/01\/all-over-print-womens-joggers-white-front-61f1900f74c65.jpg","contentUrl":"https:\/\/tasdashop.com\/wp-content\/uploads\/2022\/01\/all-over-print-womens-joggers-white-front-61f1900f74c65.jpg","width":1000,"height":1000},{"@type":"BreadcrumbList","@id":"https:\/\/tasdashop.com\/es\/producto\/joggers-mujer-tigre\/#breadcrumb","itemListElement":[{"@type":"ListItem","position":1,"name":"Portada","item":"https:\/\/tasdashop.com\/es\/"},{"@type":"ListItem","position":2,"name":"Tienda","item":"https:\/\/tasdashop.com\/es\/tienda\/"},{"@type":"ListItem","position":3,"name":"Joggers de mujer tigre"}]},{"@type":"WebSite","@id":"https:\/\/tasdashop.com\/es\/#website","url":"https:\/\/tasdashop.com\/es\/","name":"TASDA","description":"Bags, jewelry, clothimg and accessories Global Brand","publisher":{"@id":"https:\/\/tasdashop.com\/es\/#organization"},"potentialAction":[{"@type":"SearchAction","target":{"@type":"EntryPoint","urlTemplate":"https:\/\/tasdashop.com\/es\/?s={search_term_string}"},"query-input":{"@type":"PropertyValueSpecification","valueRequired":true,"valueName":"search_term_string"}}],"inLanguage":"es"},{"@type":"Organization","@id":"https:\/\/tasdashop.com\/es\/#organization","name":"TASDA","url":"https:\/\/tasdashop.com\/es\/","logo":{"@type":"ImageObject","inLanguage":"es","@id":"https:\/\/tasdashop.com\/es\/#\/schema\/logo\/image\/","url":"","contentUrl":"","caption":"TASDA"},"image":{"@id":"https:\/\/tasdashop.com\/es\/#\/schema\/logo\/image\/"},"sameAs":["https:\/\/www.facebook.com\/Tasda-107458447328529\/","https:\/\/www.instagram.com\/tasda.es\/?hl=es"]}]}},"jetpack_sharing_enabled":true,"_links":{"self":[{"href":"https:\/\/tasdashop.com\/es\/wp-json\/wp\/v2\/product\/23630","targetHints":{"allow":["GET"]}}],"collection":[{"href":"https:\/\/tasdashop.com\/es\/wp-json\/wp\/v2\/product"}],"about":[{"href":"https:\/\/tasdashop.com\/es\/wp-json\/wp\/v2\/types\/product"}],"replies":[{"embeddable":true,"href":"https:\/\/tasdashop.com\/es\/wp-json\/wp\/v2\/comments?post=23630"}],"wp:featuredmedia":[{"embeddable":true,"href":"https:\/\/tasdashop.com\/es\/wp-json\/wp\/v2\/media\/23623"}],"wp:attachment":[{"href":"https:\/\/tasdashop.com\/es\/wp-json\/wp\/v2\/media?parent=23630"}],"wp:term":[{"taxonomy":"product_brand","embeddable":true,"href":"https:\/\/tasdashop.com\/es\/wp-json\/wp\/v2\/product_brand?post=23630"},{"taxonomy":"product_cat","embeddable":true,"href":"https:\/\/tasdashop.com\/es\/wp-json\/wp\/v2\/product_cat?post=23630"},{"taxonomy":"product_tag","embeddable":true,"href":"https:\/\/tasdashop.com\/es\/wp-json\/wp\/v2\/product_tag?post=23630"}],"curies":[{"name":"wp","href":"https:\/\/api.w.org\/{rel}","templated":true}]}}