{"id":22208,"date":"2022-01-21T19:31:16","date_gmt":"2022-01-21T18:31:36","guid":{"rendered":"https:\/\/tasdashop.com\/product\/collar-de-cadena-de-lazo-de-plata\/"},"modified":"2024-01-07T15:21:07","modified_gmt":"2024-01-07T14:21:07","slug":"collar-de-cadena-de-plata-2","status":"publish","type":"product","link":"https:\/\/tasdashop.com\/es\/producto\/collar-de-cadena-de-plata-2\/","title":{"rendered":"Collar de cadena de lazo de plata"},"content":{"rendered":"<p>Collar de lazo de cadena de caja de acero inoxidable con colgantes de circonitas en los extremos.<\/p>\n<p>Este collar no tiene cierre, por lo que se ajusta muy f\u00e1cilmente sobre tu cabeza, \u00a1y puedes usarlo como un lazo del largo que quieras!<\/p>\n<p>Es un dise\u00f1o \u00fanico, vers\u00e1til y ajustable.<\/p>\n<p>Tipo de cadena: Cadena de caja<br \/>\nLongitud de la cadena: m\u00ednimo 45 cm<\/p>\n<p>Las cadenas de caja son uno de los tipos m\u00e1s resistentes de eslabones de cadena de collar con m\u00e1s estabilidad y resistencia.<\/p>\n","protected":false},"excerpt":{"rendered":"<p>Collar de lazo de cadena de caja de acero inoxidable con colgantes de circonitas en los extremos. Este collar no tiene cierre, por lo que se ajusta muy f\u00e1cilmente sobre tu cabeza, \u00a1y puedes usarlo como un lazo del largo que quieras! Es un dise\u00f1o \u00fanico, vers\u00e1til y ajustable. Tipo de cadena: Cadena de caja [&hellip;]<\/p>\n","protected":false},"featured_media":22130,"comment_status":"open","ping_status":"closed","template":"","meta":{"_coblocks_attr":"","_coblocks_dimensions":"","_coblocks_responsive_height":"","_coblocks_accordion_ie_support":""},"product_brand":[],"product_cat":[222,245,238,240],"product_tag":[356],"class_list":{"0":"post-22208","1":"product","2":"type-product","3":"status-publish","4":"has-post-thumbnail","6":"product_cat-nuevo","7":"product_cat-collares","8":"product_cat-joyas","9":"product_cat-todas-las-joyas","10":"product_tag-classic-es","11":"product_shipping_class-standard-shipping-es","13":"first","14":"instock","15":"taxable","16":"shipping-taxable","17":"purchasable","18":"product-type-simple"},"yoast_head":"<!-- This site is optimized with the Yoast SEO plugin v27.4 - https:\/\/yoast.com\/product\/yoast-seo-wordpress\/ -->\n<title>Collar de cadena de lazo de plata - TASDA<\/title>\n<meta name=\"robots\" content=\"index, follow, max-snippet:-1, max-image-preview:large, max-video-preview:-1\" \/>\n<link rel=\"canonical\" href=\"https:\/\/tasdashop.com\/es\/producto\/collar-de-cadena-de-plata-2\/\" \/>\n<meta property=\"og:locale\" content=\"es_ES\" \/>\n<meta property=\"og:type\" content=\"article\" \/>\n<meta property=\"og:title\" content=\"Collar de cadena de lazo de plata - TASDA\" \/>\n<meta property=\"og:description\" content=\"Collar de lazo de cadena de caja de acero inoxidable con colgantes de circonitas en los extremos. Este collar no tiene cierre, por lo que se ajusta muy f\u00e1cilmente sobre tu cabeza, \u00a1y puedes usarlo como un lazo del largo que quieras! Es un dise\u00f1o \u00fanico, vers\u00e1til y ajustable. Tipo de cadena: Cadena de caja [&hellip;]\" \/>\n<meta property=\"og:url\" content=\"https:\/\/tasdashop.com\/es\/producto\/collar-de-cadena-de-plata-2\/\" \/>\n<meta property=\"og:site_name\" content=\"TASDA\" \/>\n<meta property=\"article:publisher\" content=\"https:\/\/www.facebook.com\/Tasda-107458447328529\/\" \/>\n<meta property=\"article:modified_time\" content=\"2024-01-07T14:21:07+00:00\" \/>\n<meta property=\"og:image\" content=\"https:\/\/tasdashop.com\/wp-content\/uploads\/2022\/01\/TASDA-Jewelry-box-chain-necklace3.jpg\" \/>\n\t<meta property=\"og:image:width\" content=\"1000\" \/>\n\t<meta property=\"og:image:height\" content=\"1000\" \/>\n\t<meta property=\"og:image:type\" content=\"image\/jpeg\" \/>\n<meta name=\"twitter:card\" content=\"summary_large_image\" \/>\n<script type=\"application\/ld+json\" class=\"yoast-schema-graph\">{\"@context\":\"https:\\\/\\\/schema.org\",\"@graph\":[{\"@type\":\"WebPage\",\"@id\":\"https:\\\/\\\/tasdashop.com\\\/es\\\/producto\\\/collar-de-cadena-de-plata-2\\\/\",\"url\":\"https:\\\/\\\/tasdashop.com\\\/es\\\/producto\\\/collar-de-cadena-de-plata-2\\\/\",\"name\":\"Collar de cadena de lazo de plata - TASDA\",\"isPartOf\":{\"@id\":\"https:\\\/\\\/tasdashop.com\\\/es\\\/#website\"},\"primaryImageOfPage\":{\"@id\":\"https:\\\/\\\/tasdashop.com\\\/es\\\/producto\\\/collar-de-cadena-de-plata-2\\\/#primaryimage\"},\"image\":{\"@id\":\"https:\\\/\\\/tasdashop.com\\\/es\\\/producto\\\/collar-de-cadena-de-plata-2\\\/#primaryimage\"},\"thumbnailUrl\":\"https:\\\/\\\/tasdashop.com\\\/wp-content\\\/uploads\\\/2022\\\/01\\\/TASDA-Jewelry-box-chain-necklace3.jpg\",\"datePublished\":\"2022-01-21T18:31:36+00:00\",\"dateModified\":\"2024-01-07T14:21:07+00:00\",\"breadcrumb\":{\"@id\":\"https:\\\/\\\/tasdashop.com\\\/es\\\/producto\\\/collar-de-cadena-de-plata-2\\\/#breadcrumb\"},\"inLanguage\":\"es\",\"potentialAction\":[{\"@type\":\"ReadAction\",\"target\":[\"https:\\\/\\\/tasdashop.com\\\/es\\\/producto\\\/collar-de-cadena-de-plata-2\\\/\"]}]},{\"@type\":\"ImageObject\",\"inLanguage\":\"es\",\"@id\":\"https:\\\/\\\/tasdashop.com\\\/es\\\/producto\\\/collar-de-cadena-de-plata-2\\\/#primaryimage\",\"url\":\"https:\\\/\\\/tasdashop.com\\\/wp-content\\\/uploads\\\/2022\\\/01\\\/TASDA-Jewelry-box-chain-necklace3.jpg\",\"contentUrl\":\"https:\\\/\\\/tasdashop.com\\\/wp-content\\\/uploads\\\/2022\\\/01\\\/TASDA-Jewelry-box-chain-necklace3.jpg\",\"width\":1000,\"height\":1000,\"caption\":\"TASDA Joyero cadena collar-corbata collar\"},{\"@type\":\"BreadcrumbList\",\"@id\":\"https:\\\/\\\/tasdashop.com\\\/es\\\/producto\\\/collar-de-cadena-de-plata-2\\\/#breadcrumb\",\"itemListElement\":[{\"@type\":\"ListItem\",\"position\":1,\"name\":\"Portada\",\"item\":\"https:\\\/\\\/tasdashop.com\\\/es\\\/\"},{\"@type\":\"ListItem\",\"position\":2,\"name\":\"Tienda\",\"item\":\"https:\\\/\\\/tasdashop.com\\\/es\\\/tienda\\\/\"},{\"@type\":\"ListItem\",\"position\":3,\"name\":\"Collar de cadena de lazo de plata\"}]},{\"@type\":\"WebSite\",\"@id\":\"https:\\\/\\\/tasdashop.com\\\/es\\\/#website\",\"url\":\"https:\\\/\\\/tasdashop.com\\\/es\\\/\",\"name\":\"TASDA\",\"description\":\"Bags, jewelry, clothimg and accessories Global Brand\",\"publisher\":{\"@id\":\"https:\\\/\\\/tasdashop.com\\\/es\\\/#organization\"},\"potentialAction\":[{\"@type\":\"SearchAction\",\"target\":{\"@type\":\"EntryPoint\",\"urlTemplate\":\"https:\\\/\\\/tasdashop.com\\\/es\\\/?s={search_term_string}\"},\"query-input\":{\"@type\":\"PropertyValueSpecification\",\"valueRequired\":true,\"valueName\":\"search_term_string\"}}],\"inLanguage\":\"es\"},{\"@type\":\"Organization\",\"@id\":\"https:\\\/\\\/tasdashop.com\\\/es\\\/#organization\",\"name\":\"TASDA\",\"url\":\"https:\\\/\\\/tasdashop.com\\\/es\\\/\",\"logo\":{\"@type\":\"ImageObject\",\"inLanguage\":\"es\",\"@id\":\"https:\\\/\\\/tasdashop.com\\\/es\\\/#\\\/schema\\\/logo\\\/image\\\/\",\"url\":\"\",\"contentUrl\":\"\",\"caption\":\"TASDA\"},\"image\":{\"@id\":\"https:\\\/\\\/tasdashop.com\\\/es\\\/#\\\/schema\\\/logo\\\/image\\\/\"},\"sameAs\":[\"https:\\\/\\\/www.facebook.com\\\/Tasda-107458447328529\\\/\",\"https:\\\/\\\/www.instagram.com\\\/tasda.es\\\/?hl=es\"]}]}<\/script>\n<!-- \/ Yoast SEO plugin. -->","yoast_head_json":{"title":"Collar de cadena de lazo de plata - TASDA","robots":{"index":"index","follow":"follow","max-snippet":"max-snippet:-1","max-image-preview":"max-image-preview:large","max-video-preview":"max-video-preview:-1"},"canonical":"https:\/\/tasdashop.com\/es\/producto\/collar-de-cadena-de-plata-2\/","og_locale":"es_ES","og_type":"article","og_title":"Collar de cadena de lazo de plata - TASDA","og_description":"Collar de lazo de cadena de caja de acero inoxidable con colgantes de circonitas en los extremos. Este collar no tiene cierre, por lo que se ajusta muy f\u00e1cilmente sobre tu cabeza, \u00a1y puedes usarlo como un lazo del largo que quieras! Es un dise\u00f1o \u00fanico, vers\u00e1til y ajustable. Tipo de cadena: Cadena de caja [&hellip;]","og_url":"https:\/\/tasdashop.com\/es\/producto\/collar-de-cadena-de-plata-2\/","og_site_name":"TASDA","article_publisher":"https:\/\/www.facebook.com\/Tasda-107458447328529\/","article_modified_time":"2024-01-07T14:21:07+00:00","og_image":[{"width":1000,"height":1000,"url":"https:\/\/tasdashop.com\/wp-content\/uploads\/2022\/01\/TASDA-Jewelry-box-chain-necklace3.jpg","type":"image\/jpeg"}],"twitter_card":"summary_large_image","schema":{"@context":"https:\/\/schema.org","@graph":[{"@type":"WebPage","@id":"https:\/\/tasdashop.com\/es\/producto\/collar-de-cadena-de-plata-2\/","url":"https:\/\/tasdashop.com\/es\/producto\/collar-de-cadena-de-plata-2\/","name":"Collar de cadena de lazo de plata - TASDA","isPartOf":{"@id":"https:\/\/tasdashop.com\/es\/#website"},"primaryImageOfPage":{"@id":"https:\/\/tasdashop.com\/es\/producto\/collar-de-cadena-de-plata-2\/#primaryimage"},"image":{"@id":"https:\/\/tasdashop.com\/es\/producto\/collar-de-cadena-de-plata-2\/#primaryimage"},"thumbnailUrl":"https:\/\/tasdashop.com\/wp-content\/uploads\/2022\/01\/TASDA-Jewelry-box-chain-necklace3.jpg","datePublished":"2022-01-21T18:31:36+00:00","dateModified":"2024-01-07T14:21:07+00:00","breadcrumb":{"@id":"https:\/\/tasdashop.com\/es\/producto\/collar-de-cadena-de-plata-2\/#breadcrumb"},"inLanguage":"es","potentialAction":[{"@type":"ReadAction","target":["https:\/\/tasdashop.com\/es\/producto\/collar-de-cadena-de-plata-2\/"]}]},{"@type":"ImageObject","inLanguage":"es","@id":"https:\/\/tasdashop.com\/es\/producto\/collar-de-cadena-de-plata-2\/#primaryimage","url":"https:\/\/tasdashop.com\/wp-content\/uploads\/2022\/01\/TASDA-Jewelry-box-chain-necklace3.jpg","contentUrl":"https:\/\/tasdashop.com\/wp-content\/uploads\/2022\/01\/TASDA-Jewelry-box-chain-necklace3.jpg","width":1000,"height":1000,"caption":"TASDA Joyero cadena collar-corbata collar"},{"@type":"BreadcrumbList","@id":"https:\/\/tasdashop.com\/es\/producto\/collar-de-cadena-de-plata-2\/#breadcrumb","itemListElement":[{"@type":"ListItem","position":1,"name":"Portada","item":"https:\/\/tasdashop.com\/es\/"},{"@type":"ListItem","position":2,"name":"Tienda","item":"https:\/\/tasdashop.com\/es\/tienda\/"},{"@type":"ListItem","position":3,"name":"Collar de cadena de lazo de plata"}]},{"@type":"WebSite","@id":"https:\/\/tasdashop.com\/es\/#website","url":"https:\/\/tasdashop.com\/es\/","name":"TASDA","description":"Bags, jewelry, clothimg and accessories Global Brand","publisher":{"@id":"https:\/\/tasdashop.com\/es\/#organization"},"potentialAction":[{"@type":"SearchAction","target":{"@type":"EntryPoint","urlTemplate":"https:\/\/tasdashop.com\/es\/?s={search_term_string}"},"query-input":{"@type":"PropertyValueSpecification","valueRequired":true,"valueName":"search_term_string"}}],"inLanguage":"es"},{"@type":"Organization","@id":"https:\/\/tasdashop.com\/es\/#organization","name":"TASDA","url":"https:\/\/tasdashop.com\/es\/","logo":{"@type":"ImageObject","inLanguage":"es","@id":"https:\/\/tasdashop.com\/es\/#\/schema\/logo\/image\/","url":"","contentUrl":"","caption":"TASDA"},"image":{"@id":"https:\/\/tasdashop.com\/es\/#\/schema\/logo\/image\/"},"sameAs":["https:\/\/www.facebook.com\/Tasda-107458447328529\/","https:\/\/www.instagram.com\/tasda.es\/?hl=es"]}]}},"jetpack_sharing_enabled":true,"_links":{"self":[{"href":"https:\/\/tasdashop.com\/es\/wp-json\/wp\/v2\/product\/22208","targetHints":{"allow":["GET"]}}],"collection":[{"href":"https:\/\/tasdashop.com\/es\/wp-json\/wp\/v2\/product"}],"about":[{"href":"https:\/\/tasdashop.com\/es\/wp-json\/wp\/v2\/types\/product"}],"replies":[{"embeddable":true,"href":"https:\/\/tasdashop.com\/es\/wp-json\/wp\/v2\/comments?post=22208"}],"wp:featuredmedia":[{"embeddable":true,"href":"https:\/\/tasdashop.com\/es\/wp-json\/wp\/v2\/media\/22130"}],"wp:attachment":[{"href":"https:\/\/tasdashop.com\/es\/wp-json\/wp\/v2\/media?parent=22208"}],"wp:term":[{"taxonomy":"product_brand","embeddable":true,"href":"https:\/\/tasdashop.com\/es\/wp-json\/wp\/v2\/product_brand?post=22208"},{"taxonomy":"product_cat","embeddable":true,"href":"https:\/\/tasdashop.com\/es\/wp-json\/wp\/v2\/product_cat?post=22208"},{"taxonomy":"product_tag","embeddable":true,"href":"https:\/\/tasdashop.com\/es\/wp-json\/wp\/v2\/product_tag?post=22208"}],"curies":[{"name":"wp","href":"https:\/\/api.w.org\/{rel}","templated":true}]}}