{"id":21508,"date":"2020-07-23T17:25:31","date_gmt":"2022-01-12T10:17:24","guid":{"rendered":"https:\/\/tasdashop.com\/product\/bufanda-flor-verde\/"},"modified":"2024-04-16T16:44:30","modified_gmt":"2024-04-16T14:44:30","slug":"panuelo-de-seda-flor-verde","status":"publish","type":"product","link":"https:\/\/tasdashop.com\/es\/producto\/panuelo-de-seda-flor-verde\/","title":{"rendered":"Pa\u00f1uelo Flor Verde"},"content":{"rendered":"<div id=\"product-21531\" class=\"product type-product post-21531 status-publish first instock product_cat-nuevo product_cat-accesorios product_cat-panuelos product_cat-todos-los-accesorios product_tag-caleidescopio has-post-thumbnail taxable shipping-taxable purchasable product-type-simple\">\n<div class=\"woocommerce-tabs\">\n<div id=\"tab-description\" class=\"panel entry-content current\">\n<div class=\"row\">\n<div class=\"large-8 xlarge-6 large-centered xlarge-centered columns\">\n<p>Pa\u00f1uelo de mujer.<\/p>\n<p>El dise\u00f1o del estampado es una creaci\u00f3n de la colecci\u00f3n caleidoscopio.<\/p>\n<p>Puedes usarlo alrededor del cuello, como collar o en la cabeza, incluso como complemento para un bolso u otro accesorio.<\/p>\n<p>Confeccionado de 100% seda<\/p>\n<p>\u00a1Sea \u00fanico, use TASDA!<\/p>\n<\/div>\n<\/div>\n<\/div>\n<\/div>\n<div class=\"row\">\n<div class=\"large-9 large-centered columns\"><\/div>\n<\/div>\n<\/div>\n<div class=\"row\">\n<div class=\"xlarge-9 xlarge-centered columns\"><\/div>\n<\/div>\n<div class=\"single_product_summary_related\">\n<div class=\"row\">\n<div class=\"xlarge-9 xlarge-centered columns\">\n<div class=\"row\">\n<div class=\"large-12 large-centered columns\"><\/div>\n<\/div>\n<\/div>\n<\/div>\n<\/div>\n<div id=\"gtx-trans\" style=\"position: absolute; left: 419px; top: 185px;\">\n<div class=\"gtx-trans-icon\"><\/div>\n<\/div>\n","protected":false},"excerpt":{"rendered":"<p>Pa\u00f1uelo de mujer. El dise\u00f1o del estampado es una creaci\u00f3n de la colecci\u00f3n caleidoscopio. Puedes usarlo alrededor del cuello, como collar o en la cabeza, incluso como complemento para un bolso u otro accesorio. Confeccionado de 100% seda \u00a1Sea \u00fanico, use TASDA!<\/p>\n","protected":false},"featured_media":18609,"comment_status":"closed","ping_status":"closed","template":"","meta":{"_coblocks_attr":"","_coblocks_dimensions":"","_coblocks_responsive_height":"","_coblocks_accordion_ie_support":""},"product_brand":[],"product_cat":[222,271,319,272],"product_tag":[227],"class_list":{"0":"post-21508","1":"product","2":"type-product","3":"status-publish","4":"has-post-thumbnail","6":"product_cat-nuevo","7":"product_cat-accesorios","8":"product_cat-panuelos","9":"product_cat-todos-los-accesorios","10":"product_tag-caleidescopio","12":"first","13":"instock","14":"taxable","15":"shipping-taxable","16":"purchasable","17":"product-type-simple"},"yoast_head":"<!-- This site is optimized with the Yoast SEO plugin v27.4 - https:\/\/yoast.com\/product\/yoast-seo-wordpress\/ -->\n<title>Bufanda de seda con flores verdes - Accesorios TASDA<\/title>\n<meta name=\"description\" content=\"Pa\u00f1uelo de mujer. Descubre nuestros dise\u00f1os de pa\u00f1uelos de seda disponibles en diferentes colores y estampados \u00fanicos. Env\u00edo gratis a todo el mundo\" \/>\n<meta name=\"robots\" content=\"index, follow, max-snippet:-1, max-image-preview:large, max-video-preview:-1\" \/>\n<link rel=\"canonical\" href=\"https:\/\/tasdashop.com\/es\/producto\/panuelo-de-seda-flor-verde\/\" \/>\n<meta property=\"og:locale\" content=\"es_ES\" \/>\n<meta property=\"og:type\" content=\"article\" \/>\n<meta property=\"og:title\" content=\"Bufanda de seda con flores verdes - Accesorios TASDA\" \/>\n<meta property=\"og:description\" content=\"Pa\u00f1uelo de mujer. Descubre nuestros dise\u00f1os de pa\u00f1uelos de seda disponibles en diferentes colores y estampados \u00fanicos. Env\u00edo gratis a todo el mundo\" \/>\n<meta property=\"og:url\" content=\"https:\/\/tasdashop.com\/es\/producto\/panuelo-de-seda-flor-verde\/\" \/>\n<meta property=\"og:site_name\" content=\"TASDA\" \/>\n<meta property=\"article:publisher\" content=\"https:\/\/www.facebook.com\/Tasda-107458447328529\/\" \/>\n<meta property=\"article:modified_time\" content=\"2024-04-16T14:44:30+00:00\" \/>\n<meta property=\"og:image\" content=\"https:\/\/tasdashop.com\/wp-content\/uploads\/2020\/07\/green2-copy.jpg\" \/>\n\t<meta property=\"og:image:width\" content=\"1000\" \/>\n\t<meta property=\"og:image:height\" content=\"921\" \/>\n\t<meta property=\"og:image:type\" content=\"image\/jpeg\" \/>\n<meta name=\"twitter:card\" content=\"summary_large_image\" \/>\n<meta name=\"twitter:label1\" content=\"Tiempo de lectura\" \/>\n\t<meta name=\"twitter:data1\" content=\"1 minuto\" \/>\n<script type=\"application\/ld+json\" class=\"yoast-schema-graph\">{\"@context\":\"https:\\\/\\\/schema.org\",\"@graph\":[{\"@type\":\"WebPage\",\"@id\":\"https:\\\/\\\/tasdashop.com\\\/es\\\/producto\\\/panuelo-de-seda-flor-verde\\\/\",\"url\":\"https:\\\/\\\/tasdashop.com\\\/es\\\/producto\\\/panuelo-de-seda-flor-verde\\\/\",\"name\":\"Bufanda de seda con flores verdes - Accesorios TASDA\",\"isPartOf\":{\"@id\":\"https:\\\/\\\/tasdashop.com\\\/es\\\/#website\"},\"primaryImageOfPage\":{\"@id\":\"https:\\\/\\\/tasdashop.com\\\/es\\\/producto\\\/panuelo-de-seda-flor-verde\\\/#primaryimage\"},\"image\":{\"@id\":\"https:\\\/\\\/tasdashop.com\\\/es\\\/producto\\\/panuelo-de-seda-flor-verde\\\/#primaryimage\"},\"thumbnailUrl\":\"https:\\\/\\\/tasdashop.com\\\/wp-content\\\/uploads\\\/2020\\\/07\\\/green2-copy.jpg\",\"datePublished\":\"2022-01-12T10:17:24+00:00\",\"dateModified\":\"2024-04-16T14:44:30+00:00\",\"description\":\"Pa\u00f1uelo de mujer. Descubre nuestros dise\u00f1os de pa\u00f1uelos de seda disponibles en diferentes colores y estampados \u00fanicos. Env\u00edo gratis a todo el mundo\",\"breadcrumb\":{\"@id\":\"https:\\\/\\\/tasdashop.com\\\/es\\\/producto\\\/panuelo-de-seda-flor-verde\\\/#breadcrumb\"},\"inLanguage\":\"es\",\"potentialAction\":[{\"@type\":\"ReadAction\",\"target\":[\"https:\\\/\\\/tasdashop.com\\\/es\\\/producto\\\/panuelo-de-seda-flor-verde\\\/\"]}]},{\"@type\":\"ImageObject\",\"inLanguage\":\"es\",\"@id\":\"https:\\\/\\\/tasdashop.com\\\/es\\\/producto\\\/panuelo-de-seda-flor-verde\\\/#primaryimage\",\"url\":\"https:\\\/\\\/tasdashop.com\\\/wp-content\\\/uploads\\\/2020\\\/07\\\/green2-copy.jpg\",\"contentUrl\":\"https:\\\/\\\/tasdashop.com\\\/wp-content\\\/uploads\\\/2020\\\/07\\\/green2-copy.jpg\",\"width\":1000,\"height\":921},{\"@type\":\"BreadcrumbList\",\"@id\":\"https:\\\/\\\/tasdashop.com\\\/es\\\/producto\\\/panuelo-de-seda-flor-verde\\\/#breadcrumb\",\"itemListElement\":[{\"@type\":\"ListItem\",\"position\":1,\"name\":\"Portada\",\"item\":\"https:\\\/\\\/tasdashop.com\\\/es\\\/\"},{\"@type\":\"ListItem\",\"position\":2,\"name\":\"Tienda\",\"item\":\"https:\\\/\\\/tasdashop.com\\\/es\\\/tienda\\\/\"},{\"@type\":\"ListItem\",\"position\":3,\"name\":\"Pa\u00f1uelo Flor Verde\"}]},{\"@type\":\"WebSite\",\"@id\":\"https:\\\/\\\/tasdashop.com\\\/es\\\/#website\",\"url\":\"https:\\\/\\\/tasdashop.com\\\/es\\\/\",\"name\":\"TASDA\",\"description\":\"Bags, jewelry, clothimg and accessories Global Brand\",\"publisher\":{\"@id\":\"https:\\\/\\\/tasdashop.com\\\/es\\\/#organization\"},\"potentialAction\":[{\"@type\":\"SearchAction\",\"target\":{\"@type\":\"EntryPoint\",\"urlTemplate\":\"https:\\\/\\\/tasdashop.com\\\/es\\\/?s={search_term_string}\"},\"query-input\":{\"@type\":\"PropertyValueSpecification\",\"valueRequired\":true,\"valueName\":\"search_term_string\"}}],\"inLanguage\":\"es\"},{\"@type\":\"Organization\",\"@id\":\"https:\\\/\\\/tasdashop.com\\\/es\\\/#organization\",\"name\":\"TASDA\",\"url\":\"https:\\\/\\\/tasdashop.com\\\/es\\\/\",\"logo\":{\"@type\":\"ImageObject\",\"inLanguage\":\"es\",\"@id\":\"https:\\\/\\\/tasdashop.com\\\/es\\\/#\\\/schema\\\/logo\\\/image\\\/\",\"url\":\"\",\"contentUrl\":\"\",\"caption\":\"TASDA\"},\"image\":{\"@id\":\"https:\\\/\\\/tasdashop.com\\\/es\\\/#\\\/schema\\\/logo\\\/image\\\/\"},\"sameAs\":[\"https:\\\/\\\/www.facebook.com\\\/Tasda-107458447328529\\\/\",\"https:\\\/\\\/www.instagram.com\\\/tasda.es\\\/?hl=es\"]}]}<\/script>\n<!-- \/ Yoast SEO plugin. -->","yoast_head_json":{"title":"Bufanda de seda con flores verdes - Accesorios TASDA","description":"Pa\u00f1uelo de mujer. Descubre nuestros dise\u00f1os de pa\u00f1uelos de seda disponibles en diferentes colores y estampados \u00fanicos. Env\u00edo gratis a todo el mundo","robots":{"index":"index","follow":"follow","max-snippet":"max-snippet:-1","max-image-preview":"max-image-preview:large","max-video-preview":"max-video-preview:-1"},"canonical":"https:\/\/tasdashop.com\/es\/producto\/panuelo-de-seda-flor-verde\/","og_locale":"es_ES","og_type":"article","og_title":"Bufanda de seda con flores verdes - Accesorios TASDA","og_description":"Pa\u00f1uelo de mujer. Descubre nuestros dise\u00f1os de pa\u00f1uelos de seda disponibles en diferentes colores y estampados \u00fanicos. Env\u00edo gratis a todo el mundo","og_url":"https:\/\/tasdashop.com\/es\/producto\/panuelo-de-seda-flor-verde\/","og_site_name":"TASDA","article_publisher":"https:\/\/www.facebook.com\/Tasda-107458447328529\/","article_modified_time":"2024-04-16T14:44:30+00:00","og_image":[{"width":1000,"height":921,"url":"https:\/\/tasdashop.com\/wp-content\/uploads\/2020\/07\/green2-copy.jpg","type":"image\/jpeg"}],"twitter_card":"summary_large_image","twitter_misc":{"Tiempo de lectura":"1 minuto"},"schema":{"@context":"https:\/\/schema.org","@graph":[{"@type":"WebPage","@id":"https:\/\/tasdashop.com\/es\/producto\/panuelo-de-seda-flor-verde\/","url":"https:\/\/tasdashop.com\/es\/producto\/panuelo-de-seda-flor-verde\/","name":"Bufanda de seda con flores verdes - Accesorios TASDA","isPartOf":{"@id":"https:\/\/tasdashop.com\/es\/#website"},"primaryImageOfPage":{"@id":"https:\/\/tasdashop.com\/es\/producto\/panuelo-de-seda-flor-verde\/#primaryimage"},"image":{"@id":"https:\/\/tasdashop.com\/es\/producto\/panuelo-de-seda-flor-verde\/#primaryimage"},"thumbnailUrl":"https:\/\/tasdashop.com\/wp-content\/uploads\/2020\/07\/green2-copy.jpg","datePublished":"2022-01-12T10:17:24+00:00","dateModified":"2024-04-16T14:44:30+00:00","description":"Pa\u00f1uelo de mujer. Descubre nuestros dise\u00f1os de pa\u00f1uelos de seda disponibles en diferentes colores y estampados \u00fanicos. Env\u00edo gratis a todo el mundo","breadcrumb":{"@id":"https:\/\/tasdashop.com\/es\/producto\/panuelo-de-seda-flor-verde\/#breadcrumb"},"inLanguage":"es","potentialAction":[{"@type":"ReadAction","target":["https:\/\/tasdashop.com\/es\/producto\/panuelo-de-seda-flor-verde\/"]}]},{"@type":"ImageObject","inLanguage":"es","@id":"https:\/\/tasdashop.com\/es\/producto\/panuelo-de-seda-flor-verde\/#primaryimage","url":"https:\/\/tasdashop.com\/wp-content\/uploads\/2020\/07\/green2-copy.jpg","contentUrl":"https:\/\/tasdashop.com\/wp-content\/uploads\/2020\/07\/green2-copy.jpg","width":1000,"height":921},{"@type":"BreadcrumbList","@id":"https:\/\/tasdashop.com\/es\/producto\/panuelo-de-seda-flor-verde\/#breadcrumb","itemListElement":[{"@type":"ListItem","position":1,"name":"Portada","item":"https:\/\/tasdashop.com\/es\/"},{"@type":"ListItem","position":2,"name":"Tienda","item":"https:\/\/tasdashop.com\/es\/tienda\/"},{"@type":"ListItem","position":3,"name":"Pa\u00f1uelo Flor Verde"}]},{"@type":"WebSite","@id":"https:\/\/tasdashop.com\/es\/#website","url":"https:\/\/tasdashop.com\/es\/","name":"TASDA","description":"Bags, jewelry, clothimg and accessories Global Brand","publisher":{"@id":"https:\/\/tasdashop.com\/es\/#organization"},"potentialAction":[{"@type":"SearchAction","target":{"@type":"EntryPoint","urlTemplate":"https:\/\/tasdashop.com\/es\/?s={search_term_string}"},"query-input":{"@type":"PropertyValueSpecification","valueRequired":true,"valueName":"search_term_string"}}],"inLanguage":"es"},{"@type":"Organization","@id":"https:\/\/tasdashop.com\/es\/#organization","name":"TASDA","url":"https:\/\/tasdashop.com\/es\/","logo":{"@type":"ImageObject","inLanguage":"es","@id":"https:\/\/tasdashop.com\/es\/#\/schema\/logo\/image\/","url":"","contentUrl":"","caption":"TASDA"},"image":{"@id":"https:\/\/tasdashop.com\/es\/#\/schema\/logo\/image\/"},"sameAs":["https:\/\/www.facebook.com\/Tasda-107458447328529\/","https:\/\/www.instagram.com\/tasda.es\/?hl=es"]}]}},"jetpack_sharing_enabled":true,"_links":{"self":[{"href":"https:\/\/tasdashop.com\/es\/wp-json\/wp\/v2\/product\/21508","targetHints":{"allow":["GET"]}}],"collection":[{"href":"https:\/\/tasdashop.com\/es\/wp-json\/wp\/v2\/product"}],"about":[{"href":"https:\/\/tasdashop.com\/es\/wp-json\/wp\/v2\/types\/product"}],"replies":[{"embeddable":true,"href":"https:\/\/tasdashop.com\/es\/wp-json\/wp\/v2\/comments?post=21508"}],"wp:featuredmedia":[{"embeddable":true,"href":"https:\/\/tasdashop.com\/es\/wp-json\/wp\/v2\/media\/18609"}],"wp:attachment":[{"href":"https:\/\/tasdashop.com\/es\/wp-json\/wp\/v2\/media?parent=21508"}],"wp:term":[{"taxonomy":"product_brand","embeddable":true,"href":"https:\/\/tasdashop.com\/es\/wp-json\/wp\/v2\/product_brand?post=21508"},{"taxonomy":"product_cat","embeddable":true,"href":"https:\/\/tasdashop.com\/es\/wp-json\/wp\/v2\/product_cat?post=21508"},{"taxonomy":"product_tag","embeddable":true,"href":"https:\/\/tasdashop.com\/es\/wp-json\/wp\/v2\/product_tag?post=21508"}],"curies":[{"name":"wp","href":"https:\/\/api.w.org\/{rel}","templated":true}]}}