{"id":21489,"date":"2020-09-01T15:35:15","date_gmt":"2022-01-12T10:17:23","guid":{"rendered":"https:\/\/tasdashop.com\/product\/sudadera-yorki-mujer\/"},"modified":"2022-01-12T11:17:23","modified_gmt":"2022-01-12T10:17:23","slug":"sudadera-yorki-mujer","status":"publish","type":"product","link":"https:\/\/tasdashop.com\/es\/producto\/sudadera-yorki-mujer\/","title":{"rendered":"SUDADERA YORKI MUJER"},"content":{"rendered":"<p>Qui\u00e9n dir\u00eda que la sudadera con capucha m\u00e1s suave que jam\u00e1s tendr\u00e1s viene con un dise\u00f1o tan genial. No te arrepentir\u00e1s de comprar esta cl\u00e1sica prenda de vestir de calle con un pr\u00e1ctico bolsillo y una capucha c\u00e1lida para las noches fr\u00edas.<\/p>\n<p>\u2022 Cara 100% algod\u00f3n<br \/>\n\u2022 65% algod\u00f3n hilado en anillos, 35% poli\u00e9ster<br \/>\n\u2022 Bolsillo frontal tipo canguro<br \/>\n\u2022 Parche del mismo tejido en la espalda<br \/>\n\u2022 Cordones planos a juego<br \/>\n\u2022 Capucha de 3 paneles<\/p>\n","protected":false},"excerpt":{"rendered":"<p>Qui\u00e9n dir\u00eda que la sudadera con capucha m\u00e1s suave que jam\u00e1s tendr\u00e1s viene con un dise\u00f1o tan genial. No te arrepentir\u00e1s de comprar esta cl\u00e1sica prenda de vestir de calle con un pr\u00e1ctico bolsillo y una capucha c\u00e1lida para las noches fr\u00edas. \u2022 Cara 100% algod\u00f3n \u2022 65% algod\u00f3n hilado en anillos, 35% poli\u00e9ster \u2022 [&hellip;]<\/p>\n","protected":false},"featured_media":17897,"comment_status":"open","ping_status":"closed","template":"","meta":{"_coblocks_attr":"","_coblocks_dimensions":"","_coblocks_responsive_height":"","_coblocks_accordion_ie_support":""},"product_brand":[],"product_cat":[251,250,276,254],"product_tag":[246],"class_list":{"0":"post-21489","1":"product","2":"type-product","3":"status-publish","4":"has-post-thumbnail","6":"product_cat-mujer","7":"product_cat-ropa","8":"product_cat-sudaderas-es","9":"product_cat-toda-la-ropa-de-mujer","10":"product_tag-los-mas-vendidos","12":"first","13":"instock","14":"taxable","15":"shipping-taxable","16":"purchasable","17":"product-type-variable","18":"has-default-attributes"},"yoast_head":"<!-- This site is optimized with the Yoast SEO plugin v27.4 - https:\/\/yoast.com\/product\/yoast-seo-wordpress\/ -->\n<title>SUDADERA YORKI MUJER - TASDA<\/title>\n<meta name=\"robots\" content=\"index, follow, max-snippet:-1, max-image-preview:large, max-video-preview:-1\" \/>\n<link rel=\"canonical\" href=\"https:\/\/tasdashop.com\/es\/producto\/sudadera-yorki-mujer\/\" \/>\n<meta property=\"og:locale\" content=\"es_ES\" \/>\n<meta property=\"og:type\" content=\"article\" \/>\n<meta property=\"og:title\" content=\"SUDADERA YORKI MUJER - TASDA\" \/>\n<meta property=\"og:description\" content=\"Qui\u00e9n dir\u00eda que la sudadera con capucha m\u00e1s suave que jam\u00e1s tendr\u00e1s viene con un dise\u00f1o tan genial. No te arrepentir\u00e1s de comprar esta cl\u00e1sica prenda de vestir de calle con un pr\u00e1ctico bolsillo y una capucha c\u00e1lida para las noches fr\u00edas. \u2022 Cara 100% algod\u00f3n \u2022 65% algod\u00f3n hilado en anillos, 35% poli\u00e9ster \u2022 [&hellip;]\" \/>\n<meta property=\"og:url\" content=\"https:\/\/tasdashop.com\/es\/producto\/sudadera-yorki-mujer\/\" \/>\n<meta property=\"og:site_name\" content=\"TASDA\" \/>\n<meta property=\"article:publisher\" content=\"https:\/\/www.facebook.com\/Tasda-107458447328529\/\" \/>\n<meta name=\"twitter:card\" content=\"summary_large_image\" \/>\n<script type=\"application\/ld+json\" class=\"yoast-schema-graph\">{\"@context\":\"https:\\\/\\\/schema.org\",\"@graph\":[{\"@type\":\"WebPage\",\"@id\":\"https:\\\/\\\/tasdashop.com\\\/es\\\/producto\\\/sudadera-yorki-mujer\\\/\",\"url\":\"https:\\\/\\\/tasdashop.com\\\/es\\\/producto\\\/sudadera-yorki-mujer\\\/\",\"name\":\"SUDADERA YORKI MUJER - TASDA\",\"isPartOf\":{\"@id\":\"https:\\\/\\\/tasdashop.com\\\/es\\\/#website\"},\"primaryImageOfPage\":{\"@id\":\"https:\\\/\\\/tasdashop.com\\\/es\\\/producto\\\/sudadera-yorki-mujer\\\/#primaryimage\"},\"image\":{\"@id\":\"https:\\\/\\\/tasdashop.com\\\/es\\\/producto\\\/sudadera-yorki-mujer\\\/#primaryimage\"},\"thumbnailUrl\":\"https:\\\/\\\/tasdashop.com\\\/wp-content\\\/uploads\\\/2020\\\/09\\\/mockup-0229a2c4.jpg\",\"datePublished\":\"2022-01-12T10:17:23+00:00\",\"breadcrumb\":{\"@id\":\"https:\\\/\\\/tasdashop.com\\\/es\\\/producto\\\/sudadera-yorki-mujer\\\/#breadcrumb\"},\"inLanguage\":\"es\",\"potentialAction\":[{\"@type\":\"ReadAction\",\"target\":[\"https:\\\/\\\/tasdashop.com\\\/es\\\/producto\\\/sudadera-yorki-mujer\\\/\"]}]},{\"@type\":\"ImageObject\",\"inLanguage\":\"es\",\"@id\":\"https:\\\/\\\/tasdashop.com\\\/es\\\/producto\\\/sudadera-yorki-mujer\\\/#primaryimage\",\"url\":\"https:\\\/\\\/tasdashop.com\\\/wp-content\\\/uploads\\\/2020\\\/09\\\/mockup-0229a2c4.jpg\",\"contentUrl\":\"https:\\\/\\\/tasdashop.com\\\/wp-content\\\/uploads\\\/2020\\\/09\\\/mockup-0229a2c4.jpg\",\"width\":1000,\"height\":1000},{\"@type\":\"BreadcrumbList\",\"@id\":\"https:\\\/\\\/tasdashop.com\\\/es\\\/producto\\\/sudadera-yorki-mujer\\\/#breadcrumb\",\"itemListElement\":[{\"@type\":\"ListItem\",\"position\":1,\"name\":\"Portada\",\"item\":\"https:\\\/\\\/tasdashop.com\\\/es\\\/\"},{\"@type\":\"ListItem\",\"position\":2,\"name\":\"Tienda\",\"item\":\"https:\\\/\\\/tasdashop.com\\\/es\\\/tienda\\\/\"},{\"@type\":\"ListItem\",\"position\":3,\"name\":\"SUDADERA YORKI MUJER\"}]},{\"@type\":\"WebSite\",\"@id\":\"https:\\\/\\\/tasdashop.com\\\/es\\\/#website\",\"url\":\"https:\\\/\\\/tasdashop.com\\\/es\\\/\",\"name\":\"TASDA\",\"description\":\"Bags, jewelry, clothimg and accessories Global Brand\",\"publisher\":{\"@id\":\"https:\\\/\\\/tasdashop.com\\\/es\\\/#organization\"},\"potentialAction\":[{\"@type\":\"SearchAction\",\"target\":{\"@type\":\"EntryPoint\",\"urlTemplate\":\"https:\\\/\\\/tasdashop.com\\\/es\\\/?s={search_term_string}\"},\"query-input\":{\"@type\":\"PropertyValueSpecification\",\"valueRequired\":true,\"valueName\":\"search_term_string\"}}],\"inLanguage\":\"es\"},{\"@type\":\"Organization\",\"@id\":\"https:\\\/\\\/tasdashop.com\\\/es\\\/#organization\",\"name\":\"TASDA\",\"url\":\"https:\\\/\\\/tasdashop.com\\\/es\\\/\",\"logo\":{\"@type\":\"ImageObject\",\"inLanguage\":\"es\",\"@id\":\"https:\\\/\\\/tasdashop.com\\\/es\\\/#\\\/schema\\\/logo\\\/image\\\/\",\"url\":\"\",\"contentUrl\":\"\",\"caption\":\"TASDA\"},\"image\":{\"@id\":\"https:\\\/\\\/tasdashop.com\\\/es\\\/#\\\/schema\\\/logo\\\/image\\\/\"},\"sameAs\":[\"https:\\\/\\\/www.facebook.com\\\/Tasda-107458447328529\\\/\",\"https:\\\/\\\/www.instagram.com\\\/tasda.es\\\/?hl=es\"]}]}<\/script>\n<!-- \/ Yoast SEO plugin. -->","yoast_head_json":{"title":"SUDADERA YORKI MUJER - TASDA","robots":{"index":"index","follow":"follow","max-snippet":"max-snippet:-1","max-image-preview":"max-image-preview:large","max-video-preview":"max-video-preview:-1"},"canonical":"https:\/\/tasdashop.com\/es\/producto\/sudadera-yorki-mujer\/","og_locale":"es_ES","og_type":"article","og_title":"SUDADERA YORKI MUJER - TASDA","og_description":"Qui\u00e9n dir\u00eda que la sudadera con capucha m\u00e1s suave que jam\u00e1s tendr\u00e1s viene con un dise\u00f1o tan genial. No te arrepentir\u00e1s de comprar esta cl\u00e1sica prenda de vestir de calle con un pr\u00e1ctico bolsillo y una capucha c\u00e1lida para las noches fr\u00edas. \u2022 Cara 100% algod\u00f3n \u2022 65% algod\u00f3n hilado en anillos, 35% poli\u00e9ster \u2022 [&hellip;]","og_url":"https:\/\/tasdashop.com\/es\/producto\/sudadera-yorki-mujer\/","og_site_name":"TASDA","article_publisher":"https:\/\/www.facebook.com\/Tasda-107458447328529\/","twitter_card":"summary_large_image","schema":{"@context":"https:\/\/schema.org","@graph":[{"@type":"WebPage","@id":"https:\/\/tasdashop.com\/es\/producto\/sudadera-yorki-mujer\/","url":"https:\/\/tasdashop.com\/es\/producto\/sudadera-yorki-mujer\/","name":"SUDADERA YORKI MUJER - TASDA","isPartOf":{"@id":"https:\/\/tasdashop.com\/es\/#website"},"primaryImageOfPage":{"@id":"https:\/\/tasdashop.com\/es\/producto\/sudadera-yorki-mujer\/#primaryimage"},"image":{"@id":"https:\/\/tasdashop.com\/es\/producto\/sudadera-yorki-mujer\/#primaryimage"},"thumbnailUrl":"https:\/\/tasdashop.com\/wp-content\/uploads\/2020\/09\/mockup-0229a2c4.jpg","datePublished":"2022-01-12T10:17:23+00:00","breadcrumb":{"@id":"https:\/\/tasdashop.com\/es\/producto\/sudadera-yorki-mujer\/#breadcrumb"},"inLanguage":"es","potentialAction":[{"@type":"ReadAction","target":["https:\/\/tasdashop.com\/es\/producto\/sudadera-yorki-mujer\/"]}]},{"@type":"ImageObject","inLanguage":"es","@id":"https:\/\/tasdashop.com\/es\/producto\/sudadera-yorki-mujer\/#primaryimage","url":"https:\/\/tasdashop.com\/wp-content\/uploads\/2020\/09\/mockup-0229a2c4.jpg","contentUrl":"https:\/\/tasdashop.com\/wp-content\/uploads\/2020\/09\/mockup-0229a2c4.jpg","width":1000,"height":1000},{"@type":"BreadcrumbList","@id":"https:\/\/tasdashop.com\/es\/producto\/sudadera-yorki-mujer\/#breadcrumb","itemListElement":[{"@type":"ListItem","position":1,"name":"Portada","item":"https:\/\/tasdashop.com\/es\/"},{"@type":"ListItem","position":2,"name":"Tienda","item":"https:\/\/tasdashop.com\/es\/tienda\/"},{"@type":"ListItem","position":3,"name":"SUDADERA YORKI MUJER"}]},{"@type":"WebSite","@id":"https:\/\/tasdashop.com\/es\/#website","url":"https:\/\/tasdashop.com\/es\/","name":"TASDA","description":"Bags, jewelry, clothimg and accessories Global Brand","publisher":{"@id":"https:\/\/tasdashop.com\/es\/#organization"},"potentialAction":[{"@type":"SearchAction","target":{"@type":"EntryPoint","urlTemplate":"https:\/\/tasdashop.com\/es\/?s={search_term_string}"},"query-input":{"@type":"PropertyValueSpecification","valueRequired":true,"valueName":"search_term_string"}}],"inLanguage":"es"},{"@type":"Organization","@id":"https:\/\/tasdashop.com\/es\/#organization","name":"TASDA","url":"https:\/\/tasdashop.com\/es\/","logo":{"@type":"ImageObject","inLanguage":"es","@id":"https:\/\/tasdashop.com\/es\/#\/schema\/logo\/image\/","url":"","contentUrl":"","caption":"TASDA"},"image":{"@id":"https:\/\/tasdashop.com\/es\/#\/schema\/logo\/image\/"},"sameAs":["https:\/\/www.facebook.com\/Tasda-107458447328529\/","https:\/\/www.instagram.com\/tasda.es\/?hl=es"]}]}},"jetpack_sharing_enabled":true,"_links":{"self":[{"href":"https:\/\/tasdashop.com\/es\/wp-json\/wp\/v2\/product\/21489","targetHints":{"allow":["GET"]}}],"collection":[{"href":"https:\/\/tasdashop.com\/es\/wp-json\/wp\/v2\/product"}],"about":[{"href":"https:\/\/tasdashop.com\/es\/wp-json\/wp\/v2\/types\/product"}],"replies":[{"embeddable":true,"href":"https:\/\/tasdashop.com\/es\/wp-json\/wp\/v2\/comments?post=21489"}],"wp:featuredmedia":[{"embeddable":true,"href":"https:\/\/tasdashop.com\/es\/wp-json\/wp\/v2\/media\/17897"}],"wp:attachment":[{"href":"https:\/\/tasdashop.com\/es\/wp-json\/wp\/v2\/media?parent=21489"}],"wp:term":[{"taxonomy":"product_brand","embeddable":true,"href":"https:\/\/tasdashop.com\/es\/wp-json\/wp\/v2\/product_brand?post=21489"},{"taxonomy":"product_cat","embeddable":true,"href":"https:\/\/tasdashop.com\/es\/wp-json\/wp\/v2\/product_cat?post=21489"},{"taxonomy":"product_tag","embeddable":true,"href":"https:\/\/tasdashop.com\/es\/wp-json\/wp\/v2\/product_tag?post=21489"}],"curies":[{"name":"wp","href":"https:\/\/api.w.org\/{rel}","templated":true}]}}