{"id":19715,"date":"2021-12-14T16:26:45","date_gmt":"2021-12-14T15:26:45","guid":{"rendered":"https:\/\/tasdashop.com\/product\/joggers-tt-full-negro-mujer\/"},"modified":"2021-12-14T16:26:47","modified_gmt":"2021-12-14T15:26:47","slug":"joggers-tt-full-negro-mujer","status":"publish","type":"product","link":"https:\/\/tasdashop.com\/es\/producto\/joggers-tt-full-negro-mujer\/","title":{"rendered":"JOGGERS TT FULL NEGRO MUJER"},"content":{"rendered":"<p>\u00a1Felicidades, has encontrado tu pr\u00f3ximo pantal\u00f3n de ch\u00e1ndal favorito! Confeccionados con una suave mezcla de algod\u00f3n, estos pantalones deportivos cuentan con un estampado vibrante que no se desvanece, por lo que pueden permanecer en tu guardarropa durante mucho tiempo.<br \/>\n\u2022 70% poli\u00e9ster, 27% algod\u00f3n, 3% elastano<br \/>\n\u2022 Peso de la tela: 8,85 oz \/ yd\u00b2 (300 g \/ m\u00b2)<br \/>\n\u2022 Ajustado<br \/>\n\u2022 Frente de tela suave con tacto de algod\u00f3n<br \/>\n\u2022 Tejido de vell\u00f3n cepillado en el interior<br \/>\n\u2022 Piernas con pu\u00f1os<br \/>\n\u2022 Pr\u00e1cticos bolsillos<br \/>\n\u2022 Cintura el\u00e1stica con cord\u00f3n blanco<\/p>\n","protected":false},"excerpt":{"rendered":"<p>\u00a1Felicidades, has encontrado tu pr\u00f3ximo pantal\u00f3n de ch\u00e1ndal favorito! Confeccionados con una suave mezcla de algod\u00f3n, estos pantalones deportivos cuentan con un estampado vibrante que no se desvanece, por lo que pueden permanecer en tu guardarropa durante mucho tiempo. \u2022 70% poli\u00e9ster, 27% algod\u00f3n, 3% elastano \u2022 Peso de la tela: 8,85 oz \/ yd\u00b2 [&hellip;]<\/p>\n","protected":false},"featured_media":18309,"comment_status":"open","ping_status":"closed","template":"","meta":{"_coblocks_attr":"","_coblocks_dimensions":"","_coblocks_responsive_height":"","_coblocks_accordion_ie_support":""},"product_brand":[],"product_cat":[252,251,250,254],"product_tag":[],"class_list":{"0":"post-19715","1":"product","2":"type-product","3":"status-publish","4":"has-post-thumbnail","6":"product_cat-chandals-pantalones-cortos","7":"product_cat-mujer","8":"product_cat-ropa","9":"product_cat-toda-la-ropa-de-mujer","11":"first","12":"instock","13":"taxable","14":"shipping-taxable","15":"purchasable","16":"product-type-variable","17":"has-default-attributes"},"yoast_head":"<!-- This site is optimized with the Yoast SEO plugin v27.4 - https:\/\/yoast.com\/product\/yoast-seo-wordpress\/ -->\n<title>JOGGERS TT FULL NEGRO MUJER - TASDA<\/title>\n<meta name=\"robots\" content=\"index, follow, max-snippet:-1, max-image-preview:large, max-video-preview:-1\" \/>\n<link rel=\"canonical\" href=\"https:\/\/tasdashop.com\/es\/producto\/joggers-tt-full-negro-mujer\/\" \/>\n<meta property=\"og:locale\" content=\"es_ES\" \/>\n<meta property=\"og:type\" content=\"article\" \/>\n<meta property=\"og:title\" content=\"JOGGERS TT FULL NEGRO MUJER - TASDA\" \/>\n<meta property=\"og:description\" content=\"\u00a1Felicidades, has encontrado tu pr\u00f3ximo pantal\u00f3n de ch\u00e1ndal favorito! Confeccionados con una suave mezcla de algod\u00f3n, estos pantalones deportivos cuentan con un estampado vibrante que no se desvanece, por lo que pueden permanecer en tu guardarropa durante mucho tiempo. \u2022 70% poli\u00e9ster, 27% algod\u00f3n, 3% elastano \u2022 Peso de la tela: 8,85 oz \/ yd\u00b2 [&hellip;]\" \/>\n<meta property=\"og:url\" content=\"https:\/\/tasdashop.com\/es\/producto\/joggers-tt-full-negro-mujer\/\" \/>\n<meta property=\"og:site_name\" content=\"TASDA\" \/>\n<meta property=\"article:publisher\" content=\"https:\/\/www.facebook.com\/Tasda-107458447328529\/\" \/>\n<meta property=\"article:modified_time\" content=\"2021-12-14T15:26:47+00:00\" \/>\n<meta property=\"og:image\" content=\"https:\/\/tasdashop.com\/wp-content\/uploads\/2020\/09\/mockup-f6556d18.jpg\" \/>\n\t<meta property=\"og:image:width\" content=\"1000\" \/>\n\t<meta property=\"og:image:height\" content=\"1000\" \/>\n\t<meta property=\"og:image:type\" content=\"image\/jpeg\" \/>\n<meta name=\"twitter:card\" content=\"summary_large_image\" \/>\n<script type=\"application\/ld+json\" class=\"yoast-schema-graph\">{\"@context\":\"https:\\\/\\\/schema.org\",\"@graph\":[{\"@type\":\"WebPage\",\"@id\":\"https:\\\/\\\/tasdashop.com\\\/es\\\/producto\\\/joggers-tt-full-negro-mujer\\\/\",\"url\":\"https:\\\/\\\/tasdashop.com\\\/es\\\/producto\\\/joggers-tt-full-negro-mujer\\\/\",\"name\":\"JOGGERS TT FULL NEGRO MUJER - TASDA\",\"isPartOf\":{\"@id\":\"https:\\\/\\\/tasdashop.com\\\/es\\\/#website\"},\"primaryImageOfPage\":{\"@id\":\"https:\\\/\\\/tasdashop.com\\\/es\\\/producto\\\/joggers-tt-full-negro-mujer\\\/#primaryimage\"},\"image\":{\"@id\":\"https:\\\/\\\/tasdashop.com\\\/es\\\/producto\\\/joggers-tt-full-negro-mujer\\\/#primaryimage\"},\"thumbnailUrl\":\"https:\\\/\\\/tasdashop.com\\\/wp-content\\\/uploads\\\/2020\\\/09\\\/mockup-f6556d18.jpg\",\"datePublished\":\"2021-12-14T15:26:45+00:00\",\"dateModified\":\"2021-12-14T15:26:47+00:00\",\"breadcrumb\":{\"@id\":\"https:\\\/\\\/tasdashop.com\\\/es\\\/producto\\\/joggers-tt-full-negro-mujer\\\/#breadcrumb\"},\"inLanguage\":\"es\",\"potentialAction\":[{\"@type\":\"ReadAction\",\"target\":[\"https:\\\/\\\/tasdashop.com\\\/es\\\/producto\\\/joggers-tt-full-negro-mujer\\\/\"]}]},{\"@type\":\"ImageObject\",\"inLanguage\":\"es\",\"@id\":\"https:\\\/\\\/tasdashop.com\\\/es\\\/producto\\\/joggers-tt-full-negro-mujer\\\/#primaryimage\",\"url\":\"https:\\\/\\\/tasdashop.com\\\/wp-content\\\/uploads\\\/2020\\\/09\\\/mockup-f6556d18.jpg\",\"contentUrl\":\"https:\\\/\\\/tasdashop.com\\\/wp-content\\\/uploads\\\/2020\\\/09\\\/mockup-f6556d18.jpg\",\"width\":1000,\"height\":1000},{\"@type\":\"BreadcrumbList\",\"@id\":\"https:\\\/\\\/tasdashop.com\\\/es\\\/producto\\\/joggers-tt-full-negro-mujer\\\/#breadcrumb\",\"itemListElement\":[{\"@type\":\"ListItem\",\"position\":1,\"name\":\"Portada\",\"item\":\"https:\\\/\\\/tasdashop.com\\\/es\\\/\"},{\"@type\":\"ListItem\",\"position\":2,\"name\":\"Tienda\",\"item\":\"https:\\\/\\\/tasdashop.com\\\/es\\\/tienda\\\/\"},{\"@type\":\"ListItem\",\"position\":3,\"name\":\"JOGGERS TT FULL NEGRO MUJER\"}]},{\"@type\":\"WebSite\",\"@id\":\"https:\\\/\\\/tasdashop.com\\\/es\\\/#website\",\"url\":\"https:\\\/\\\/tasdashop.com\\\/es\\\/\",\"name\":\"TASDA\",\"description\":\"Bags, jewelry, clothimg and accessories Global Brand\",\"publisher\":{\"@id\":\"https:\\\/\\\/tasdashop.com\\\/es\\\/#organization\"},\"potentialAction\":[{\"@type\":\"SearchAction\",\"target\":{\"@type\":\"EntryPoint\",\"urlTemplate\":\"https:\\\/\\\/tasdashop.com\\\/es\\\/?s={search_term_string}\"},\"query-input\":{\"@type\":\"PropertyValueSpecification\",\"valueRequired\":true,\"valueName\":\"search_term_string\"}}],\"inLanguage\":\"es\"},{\"@type\":\"Organization\",\"@id\":\"https:\\\/\\\/tasdashop.com\\\/es\\\/#organization\",\"name\":\"TASDA\",\"url\":\"https:\\\/\\\/tasdashop.com\\\/es\\\/\",\"logo\":{\"@type\":\"ImageObject\",\"inLanguage\":\"es\",\"@id\":\"https:\\\/\\\/tasdashop.com\\\/es\\\/#\\\/schema\\\/logo\\\/image\\\/\",\"url\":\"\",\"contentUrl\":\"\",\"caption\":\"TASDA\"},\"image\":{\"@id\":\"https:\\\/\\\/tasdashop.com\\\/es\\\/#\\\/schema\\\/logo\\\/image\\\/\"},\"sameAs\":[\"https:\\\/\\\/www.facebook.com\\\/Tasda-107458447328529\\\/\",\"https:\\\/\\\/www.instagram.com\\\/tasda.es\\\/?hl=es\"]}]}<\/script>\n<!-- \/ Yoast SEO plugin. -->","yoast_head_json":{"title":"JOGGERS TT FULL NEGRO MUJER - TASDA","robots":{"index":"index","follow":"follow","max-snippet":"max-snippet:-1","max-image-preview":"max-image-preview:large","max-video-preview":"max-video-preview:-1"},"canonical":"https:\/\/tasdashop.com\/es\/producto\/joggers-tt-full-negro-mujer\/","og_locale":"es_ES","og_type":"article","og_title":"JOGGERS TT FULL NEGRO MUJER - TASDA","og_description":"\u00a1Felicidades, has encontrado tu pr\u00f3ximo pantal\u00f3n de ch\u00e1ndal favorito! Confeccionados con una suave mezcla de algod\u00f3n, estos pantalones deportivos cuentan con un estampado vibrante que no se desvanece, por lo que pueden permanecer en tu guardarropa durante mucho tiempo. \u2022 70% poli\u00e9ster, 27% algod\u00f3n, 3% elastano \u2022 Peso de la tela: 8,85 oz \/ yd\u00b2 [&hellip;]","og_url":"https:\/\/tasdashop.com\/es\/producto\/joggers-tt-full-negro-mujer\/","og_site_name":"TASDA","article_publisher":"https:\/\/www.facebook.com\/Tasda-107458447328529\/","article_modified_time":"2021-12-14T15:26:47+00:00","og_image":[{"width":1000,"height":1000,"url":"https:\/\/tasdashop.com\/wp-content\/uploads\/2020\/09\/mockup-f6556d18.jpg","type":"image\/jpeg"}],"twitter_card":"summary_large_image","schema":{"@context":"https:\/\/schema.org","@graph":[{"@type":"WebPage","@id":"https:\/\/tasdashop.com\/es\/producto\/joggers-tt-full-negro-mujer\/","url":"https:\/\/tasdashop.com\/es\/producto\/joggers-tt-full-negro-mujer\/","name":"JOGGERS TT FULL NEGRO MUJER - TASDA","isPartOf":{"@id":"https:\/\/tasdashop.com\/es\/#website"},"primaryImageOfPage":{"@id":"https:\/\/tasdashop.com\/es\/producto\/joggers-tt-full-negro-mujer\/#primaryimage"},"image":{"@id":"https:\/\/tasdashop.com\/es\/producto\/joggers-tt-full-negro-mujer\/#primaryimage"},"thumbnailUrl":"https:\/\/tasdashop.com\/wp-content\/uploads\/2020\/09\/mockup-f6556d18.jpg","datePublished":"2021-12-14T15:26:45+00:00","dateModified":"2021-12-14T15:26:47+00:00","breadcrumb":{"@id":"https:\/\/tasdashop.com\/es\/producto\/joggers-tt-full-negro-mujer\/#breadcrumb"},"inLanguage":"es","potentialAction":[{"@type":"ReadAction","target":["https:\/\/tasdashop.com\/es\/producto\/joggers-tt-full-negro-mujer\/"]}]},{"@type":"ImageObject","inLanguage":"es","@id":"https:\/\/tasdashop.com\/es\/producto\/joggers-tt-full-negro-mujer\/#primaryimage","url":"https:\/\/tasdashop.com\/wp-content\/uploads\/2020\/09\/mockup-f6556d18.jpg","contentUrl":"https:\/\/tasdashop.com\/wp-content\/uploads\/2020\/09\/mockup-f6556d18.jpg","width":1000,"height":1000},{"@type":"BreadcrumbList","@id":"https:\/\/tasdashop.com\/es\/producto\/joggers-tt-full-negro-mujer\/#breadcrumb","itemListElement":[{"@type":"ListItem","position":1,"name":"Portada","item":"https:\/\/tasdashop.com\/es\/"},{"@type":"ListItem","position":2,"name":"Tienda","item":"https:\/\/tasdashop.com\/es\/tienda\/"},{"@type":"ListItem","position":3,"name":"JOGGERS TT FULL NEGRO MUJER"}]},{"@type":"WebSite","@id":"https:\/\/tasdashop.com\/es\/#website","url":"https:\/\/tasdashop.com\/es\/","name":"TASDA","description":"Bags, jewelry, clothimg and accessories Global Brand","publisher":{"@id":"https:\/\/tasdashop.com\/es\/#organization"},"potentialAction":[{"@type":"SearchAction","target":{"@type":"EntryPoint","urlTemplate":"https:\/\/tasdashop.com\/es\/?s={search_term_string}"},"query-input":{"@type":"PropertyValueSpecification","valueRequired":true,"valueName":"search_term_string"}}],"inLanguage":"es"},{"@type":"Organization","@id":"https:\/\/tasdashop.com\/es\/#organization","name":"TASDA","url":"https:\/\/tasdashop.com\/es\/","logo":{"@type":"ImageObject","inLanguage":"es","@id":"https:\/\/tasdashop.com\/es\/#\/schema\/logo\/image\/","url":"","contentUrl":"","caption":"TASDA"},"image":{"@id":"https:\/\/tasdashop.com\/es\/#\/schema\/logo\/image\/"},"sameAs":["https:\/\/www.facebook.com\/Tasda-107458447328529\/","https:\/\/www.instagram.com\/tasda.es\/?hl=es"]}]}},"jetpack_sharing_enabled":true,"_links":{"self":[{"href":"https:\/\/tasdashop.com\/es\/wp-json\/wp\/v2\/product\/19715","targetHints":{"allow":["GET"]}}],"collection":[{"href":"https:\/\/tasdashop.com\/es\/wp-json\/wp\/v2\/product"}],"about":[{"href":"https:\/\/tasdashop.com\/es\/wp-json\/wp\/v2\/types\/product"}],"replies":[{"embeddable":true,"href":"https:\/\/tasdashop.com\/es\/wp-json\/wp\/v2\/comments?post=19715"}],"wp:featuredmedia":[{"embeddable":true,"href":"https:\/\/tasdashop.com\/es\/wp-json\/wp\/v2\/media\/18309"}],"wp:attachment":[{"href":"https:\/\/tasdashop.com\/es\/wp-json\/wp\/v2\/media?parent=19715"}],"wp:term":[{"taxonomy":"product_brand","embeddable":true,"href":"https:\/\/tasdashop.com\/es\/wp-json\/wp\/v2\/product_brand?post=19715"},{"taxonomy":"product_cat","embeddable":true,"href":"https:\/\/tasdashop.com\/es\/wp-json\/wp\/v2\/product_cat?post=19715"},{"taxonomy":"product_tag","embeddable":true,"href":"https:\/\/tasdashop.com\/es\/wp-json\/wp\/v2\/product_tag?post=19715"}],"curies":[{"name":"wp","href":"https:\/\/api.w.org\/{rel}","templated":true}]}}