{"id":19699,"date":"2021-12-14T16:26:25","date_gmt":"2021-12-14T15:26:25","guid":{"rendered":"https:\/\/tasdashop.com\/product\/aretes-de-flor-de-oro\/"},"modified":"2021-12-14T16:26:25","modified_gmt":"2021-12-14T15:26:25","slug":"aretes-de-flor-de-oro","status":"publish","type":"product","link":"https:\/\/tasdashop.com\/es\/producto\/aretes-de-flor-de-oro\/","title":{"rendered":"Aretes de flor de oro"},"content":{"rendered":"<p>Es una colecci\u00f3n que representa los s\u00edmbolos TASDA. Un sol, una flor, una cruz y un rombo.<\/p>\n<p>Estos s\u00edmbolos nacieron de la descomposici\u00f3n del nombre de la marca y surgi\u00f3 la Colecci\u00f3n Kaleidoscope. Cada s\u00edmbolo representa un color (azul, verde, rojo y fucsia) todo combinado con amarillo y negro.<\/p>\n<p>El Sol: Una estrella de luz en el cielo tambi\u00e9n nos da la sensaci\u00f3n de una flor geom\u00e9trica.<\/p>\n<p>La Flor: Flor fucsia de cuatro p\u00e9talos con su pistilo amarillo en forma de rombo.<\/p>\n<p>La Cruz: Una Cruz con brazos del mismo tama\u00f1o y forma geom\u00e9trica que una flor, tambi\u00e9n nos da la sensaci\u00f3n de una estrella de cuatro puntas.<\/p>\n<p>El Rombo: El rombo cuadril\u00e1tero con una estrella interior da la sensaci\u00f3n de ser una estrella.<\/p>\n","protected":false},"excerpt":{"rendered":"<p>Los pendientes de flor de oro nacen de la descomposici\u00f3n del nombre TASDA.<\/p>\n<p>Hechos con metales preciosos hipoalerg\u00e9nicos con ba\u00f1o de oro de 18 kt, estos peque\u00f1os pendientes se pueden combinar con otros pendientes para crear un look moderno y actual.<\/p>\n<p>Cada joya TASDA es una creaci\u00f3n \u00fanica.<\/p>\n","protected":false},"featured_media":19086,"comment_status":"open","ping_status":"closed","template":"","meta":{"_coblocks_attr":"","_coblocks_dimensions":"","_coblocks_responsive_height":"","_coblocks_accordion_ie_support":""},"product_brand":[],"product_cat":[222,238,260,240],"product_tag":[246,241],"class_list":{"0":"post-19699","1":"product","2":"type-product","3":"status-publish","4":"has-post-thumbnail","6":"product_cat-nuevo","7":"product_cat-joyas","8":"product_cat-pendientes","9":"product_cat-todas-las-joyas","10":"product_tag-los-mas-vendidos","11":"product_tag-simbolos","12":"product_shipping_class-envio-estandar","14":"first","15":"instock","16":"taxable","17":"shipping-taxable","18":"purchasable","19":"product-type-simple"},"yoast_head":"<!-- This site is optimized with the Yoast SEO plugin v27.4 - https:\/\/yoast.com\/product\/yoast-seo-wordpress\/ -->\n<title>Aretes de flor de oro - TASDA Jewelry Collection<\/title>\n<meta name=\"description\" content=\"Pendientes de flor de oro. \u00a1Piezas \u00fanicas dise\u00f1adas especialmente para ti! Cada joya TASDA es una creaci\u00f3n \u00fanica. Ver m\u00e1s pendientes de bot\u00f3n ...\" \/>\n<meta name=\"robots\" content=\"index, follow, max-snippet:-1, max-image-preview:large, max-video-preview:-1\" \/>\n<link rel=\"canonical\" href=\"https:\/\/tasdashop.com\/es\/producto\/aretes-de-flor-de-oro\/\" \/>\n<meta property=\"og:locale\" content=\"es_ES\" \/>\n<meta property=\"og:type\" content=\"article\" \/>\n<meta property=\"og:title\" content=\"Aretes de flor de oro - TASDA Jewelry Collection\" \/>\n<meta property=\"og:description\" content=\"Pendientes de flor de oro. \u00a1Piezas \u00fanicas dise\u00f1adas especialmente para ti! Cada joya TASDA es una creaci\u00f3n \u00fanica. Ver m\u00e1s pendientes de bot\u00f3n ...\" \/>\n<meta property=\"og:url\" content=\"https:\/\/tasdashop.com\/es\/producto\/aretes-de-flor-de-oro\/\" \/>\n<meta property=\"og:site_name\" content=\"TASDA\" \/>\n<meta property=\"article:publisher\" content=\"https:\/\/www.facebook.com\/Tasda-107458447328529\/\" \/>\n<meta property=\"og:image\" content=\"https:\/\/tasdashop.com\/wp-content\/uploads\/2021\/08\/TJ0121-TS02-GOLD-FLOER-STUD-EARRINGS-3.jpg\" \/>\n\t<meta property=\"og:image:width\" content=\"1000\" \/>\n\t<meta property=\"og:image:height\" content=\"1000\" \/>\n\t<meta property=\"og:image:type\" content=\"image\/jpeg\" \/>\n<meta name=\"twitter:card\" content=\"summary_large_image\" \/>\n<meta name=\"twitter:label1\" content=\"Tiempo de lectura\" \/>\n\t<meta name=\"twitter:data1\" content=\"1 minuto\" \/>\n<script type=\"application\/ld+json\" class=\"yoast-schema-graph\">{\"@context\":\"https:\\\/\\\/schema.org\",\"@graph\":[{\"@type\":\"WebPage\",\"@id\":\"https:\\\/\\\/tasdashop.com\\\/es\\\/producto\\\/aretes-de-flor-de-oro\\\/\",\"url\":\"https:\\\/\\\/tasdashop.com\\\/es\\\/producto\\\/aretes-de-flor-de-oro\\\/\",\"name\":\"Aretes de flor de oro - TASDA Jewelry Collection\",\"isPartOf\":{\"@id\":\"https:\\\/\\\/tasdashop.com\\\/es\\\/#website\"},\"primaryImageOfPage\":{\"@id\":\"https:\\\/\\\/tasdashop.com\\\/es\\\/producto\\\/aretes-de-flor-de-oro\\\/#primaryimage\"},\"image\":{\"@id\":\"https:\\\/\\\/tasdashop.com\\\/es\\\/producto\\\/aretes-de-flor-de-oro\\\/#primaryimage\"},\"thumbnailUrl\":\"https:\\\/\\\/tasdashop.com\\\/wp-content\\\/uploads\\\/2021\\\/08\\\/TJ0121-TS02-GOLD-FLOER-STUD-EARRINGS-3.jpg\",\"datePublished\":\"2021-12-14T15:26:25+00:00\",\"description\":\"Pendientes de flor de oro. \u00a1Piezas \u00fanicas dise\u00f1adas especialmente para ti! Cada joya TASDA es una creaci\u00f3n \u00fanica. Ver m\u00e1s pendientes de bot\u00f3n ...\",\"breadcrumb\":{\"@id\":\"https:\\\/\\\/tasdashop.com\\\/es\\\/producto\\\/aretes-de-flor-de-oro\\\/#breadcrumb\"},\"inLanguage\":\"es\",\"potentialAction\":[{\"@type\":\"ReadAction\",\"target\":[\"https:\\\/\\\/tasdashop.com\\\/es\\\/producto\\\/aretes-de-flor-de-oro\\\/\"]}]},{\"@type\":\"ImageObject\",\"inLanguage\":\"es\",\"@id\":\"https:\\\/\\\/tasdashop.com\\\/es\\\/producto\\\/aretes-de-flor-de-oro\\\/#primaryimage\",\"url\":\"https:\\\/\\\/tasdashop.com\\\/wp-content\\\/uploads\\\/2021\\\/08\\\/TJ0121-TS02-GOLD-FLOER-STUD-EARRINGS-3.jpg\",\"contentUrl\":\"https:\\\/\\\/tasdashop.com\\\/wp-content\\\/uploads\\\/2021\\\/08\\\/TJ0121-TS02-GOLD-FLOER-STUD-EARRINGS-3.jpg\",\"width\":1000,\"height\":1000,\"caption\":\"Pendientes de flor de oro\"},{\"@type\":\"BreadcrumbList\",\"@id\":\"https:\\\/\\\/tasdashop.com\\\/es\\\/producto\\\/aretes-de-flor-de-oro\\\/#breadcrumb\",\"itemListElement\":[{\"@type\":\"ListItem\",\"position\":1,\"name\":\"Portada\",\"item\":\"https:\\\/\\\/tasdashop.com\\\/es\\\/\"},{\"@type\":\"ListItem\",\"position\":2,\"name\":\"Tienda\",\"item\":\"https:\\\/\\\/tasdashop.com\\\/es\\\/tienda\\\/\"},{\"@type\":\"ListItem\",\"position\":3,\"name\":\"Aretes de flor de oro\"}]},{\"@type\":\"WebSite\",\"@id\":\"https:\\\/\\\/tasdashop.com\\\/es\\\/#website\",\"url\":\"https:\\\/\\\/tasdashop.com\\\/es\\\/\",\"name\":\"TASDA\",\"description\":\"Bags, jewelry, clothimg and accessories Global Brand\",\"publisher\":{\"@id\":\"https:\\\/\\\/tasdashop.com\\\/es\\\/#organization\"},\"potentialAction\":[{\"@type\":\"SearchAction\",\"target\":{\"@type\":\"EntryPoint\",\"urlTemplate\":\"https:\\\/\\\/tasdashop.com\\\/es\\\/?s={search_term_string}\"},\"query-input\":{\"@type\":\"PropertyValueSpecification\",\"valueRequired\":true,\"valueName\":\"search_term_string\"}}],\"inLanguage\":\"es\"},{\"@type\":\"Organization\",\"@id\":\"https:\\\/\\\/tasdashop.com\\\/es\\\/#organization\",\"name\":\"TASDA\",\"url\":\"https:\\\/\\\/tasdashop.com\\\/es\\\/\",\"logo\":{\"@type\":\"ImageObject\",\"inLanguage\":\"es\",\"@id\":\"https:\\\/\\\/tasdashop.com\\\/es\\\/#\\\/schema\\\/logo\\\/image\\\/\",\"url\":\"\",\"contentUrl\":\"\",\"caption\":\"TASDA\"},\"image\":{\"@id\":\"https:\\\/\\\/tasdashop.com\\\/es\\\/#\\\/schema\\\/logo\\\/image\\\/\"},\"sameAs\":[\"https:\\\/\\\/www.facebook.com\\\/Tasda-107458447328529\\\/\",\"https:\\\/\\\/www.instagram.com\\\/tasda.es\\\/?hl=es\"]}]}<\/script>\n<!-- \/ Yoast SEO plugin. -->","yoast_head_json":{"title":"Aretes de flor de oro - TASDA Jewelry Collection","description":"Pendientes de flor de oro. \u00a1Piezas \u00fanicas dise\u00f1adas especialmente para ti! Cada joya TASDA es una creaci\u00f3n \u00fanica. Ver m\u00e1s pendientes de bot\u00f3n ...","robots":{"index":"index","follow":"follow","max-snippet":"max-snippet:-1","max-image-preview":"max-image-preview:large","max-video-preview":"max-video-preview:-1"},"canonical":"https:\/\/tasdashop.com\/es\/producto\/aretes-de-flor-de-oro\/","og_locale":"es_ES","og_type":"article","og_title":"Aretes de flor de oro - TASDA Jewelry Collection","og_description":"Pendientes de flor de oro. \u00a1Piezas \u00fanicas dise\u00f1adas especialmente para ti! Cada joya TASDA es una creaci\u00f3n \u00fanica. Ver m\u00e1s pendientes de bot\u00f3n ...","og_url":"https:\/\/tasdashop.com\/es\/producto\/aretes-de-flor-de-oro\/","og_site_name":"TASDA","article_publisher":"https:\/\/www.facebook.com\/Tasda-107458447328529\/","og_image":[{"width":1000,"height":1000,"url":"https:\/\/tasdashop.com\/wp-content\/uploads\/2021\/08\/TJ0121-TS02-GOLD-FLOER-STUD-EARRINGS-3.jpg","type":"image\/jpeg"}],"twitter_card":"summary_large_image","twitter_misc":{"Tiempo de lectura":"1 minuto"},"schema":{"@context":"https:\/\/schema.org","@graph":[{"@type":"WebPage","@id":"https:\/\/tasdashop.com\/es\/producto\/aretes-de-flor-de-oro\/","url":"https:\/\/tasdashop.com\/es\/producto\/aretes-de-flor-de-oro\/","name":"Aretes de flor de oro - TASDA Jewelry Collection","isPartOf":{"@id":"https:\/\/tasdashop.com\/es\/#website"},"primaryImageOfPage":{"@id":"https:\/\/tasdashop.com\/es\/producto\/aretes-de-flor-de-oro\/#primaryimage"},"image":{"@id":"https:\/\/tasdashop.com\/es\/producto\/aretes-de-flor-de-oro\/#primaryimage"},"thumbnailUrl":"https:\/\/tasdashop.com\/wp-content\/uploads\/2021\/08\/TJ0121-TS02-GOLD-FLOER-STUD-EARRINGS-3.jpg","datePublished":"2021-12-14T15:26:25+00:00","description":"Pendientes de flor de oro. \u00a1Piezas \u00fanicas dise\u00f1adas especialmente para ti! Cada joya TASDA es una creaci\u00f3n \u00fanica. Ver m\u00e1s pendientes de bot\u00f3n ...","breadcrumb":{"@id":"https:\/\/tasdashop.com\/es\/producto\/aretes-de-flor-de-oro\/#breadcrumb"},"inLanguage":"es","potentialAction":[{"@type":"ReadAction","target":["https:\/\/tasdashop.com\/es\/producto\/aretes-de-flor-de-oro\/"]}]},{"@type":"ImageObject","inLanguage":"es","@id":"https:\/\/tasdashop.com\/es\/producto\/aretes-de-flor-de-oro\/#primaryimage","url":"https:\/\/tasdashop.com\/wp-content\/uploads\/2021\/08\/TJ0121-TS02-GOLD-FLOER-STUD-EARRINGS-3.jpg","contentUrl":"https:\/\/tasdashop.com\/wp-content\/uploads\/2021\/08\/TJ0121-TS02-GOLD-FLOER-STUD-EARRINGS-3.jpg","width":1000,"height":1000,"caption":"Pendientes de flor de oro"},{"@type":"BreadcrumbList","@id":"https:\/\/tasdashop.com\/es\/producto\/aretes-de-flor-de-oro\/#breadcrumb","itemListElement":[{"@type":"ListItem","position":1,"name":"Portada","item":"https:\/\/tasdashop.com\/es\/"},{"@type":"ListItem","position":2,"name":"Tienda","item":"https:\/\/tasdashop.com\/es\/tienda\/"},{"@type":"ListItem","position":3,"name":"Aretes de flor de oro"}]},{"@type":"WebSite","@id":"https:\/\/tasdashop.com\/es\/#website","url":"https:\/\/tasdashop.com\/es\/","name":"TASDA","description":"Bags, jewelry, clothimg and accessories Global Brand","publisher":{"@id":"https:\/\/tasdashop.com\/es\/#organization"},"potentialAction":[{"@type":"SearchAction","target":{"@type":"EntryPoint","urlTemplate":"https:\/\/tasdashop.com\/es\/?s={search_term_string}"},"query-input":{"@type":"PropertyValueSpecification","valueRequired":true,"valueName":"search_term_string"}}],"inLanguage":"es"},{"@type":"Organization","@id":"https:\/\/tasdashop.com\/es\/#organization","name":"TASDA","url":"https:\/\/tasdashop.com\/es\/","logo":{"@type":"ImageObject","inLanguage":"es","@id":"https:\/\/tasdashop.com\/es\/#\/schema\/logo\/image\/","url":"","contentUrl":"","caption":"TASDA"},"image":{"@id":"https:\/\/tasdashop.com\/es\/#\/schema\/logo\/image\/"},"sameAs":["https:\/\/www.facebook.com\/Tasda-107458447328529\/","https:\/\/www.instagram.com\/tasda.es\/?hl=es"]}]}},"jetpack_sharing_enabled":true,"_links":{"self":[{"href":"https:\/\/tasdashop.com\/es\/wp-json\/wp\/v2\/product\/19699","targetHints":{"allow":["GET"]}}],"collection":[{"href":"https:\/\/tasdashop.com\/es\/wp-json\/wp\/v2\/product"}],"about":[{"href":"https:\/\/tasdashop.com\/es\/wp-json\/wp\/v2\/types\/product"}],"replies":[{"embeddable":true,"href":"https:\/\/tasdashop.com\/es\/wp-json\/wp\/v2\/comments?post=19699"}],"wp:featuredmedia":[{"embeddable":true,"href":"https:\/\/tasdashop.com\/es\/wp-json\/wp\/v2\/media\/19086"}],"wp:attachment":[{"href":"https:\/\/tasdashop.com\/es\/wp-json\/wp\/v2\/media?parent=19699"}],"wp:term":[{"taxonomy":"product_brand","embeddable":true,"href":"https:\/\/tasdashop.com\/es\/wp-json\/wp\/v2\/product_brand?post=19699"},{"taxonomy":"product_cat","embeddable":true,"href":"https:\/\/tasdashop.com\/es\/wp-json\/wp\/v2\/product_cat?post=19699"},{"taxonomy":"product_tag","embeddable":true,"href":"https:\/\/tasdashop.com\/es\/wp-json\/wp\/v2\/product_tag?post=19699"}],"curies":[{"name":"wp","href":"https:\/\/api.w.org\/{rel}","templated":true}]}}