{"id":19603,"date":"2021-11-06T15:53:58","date_gmt":"2021-12-14T15:25:32","guid":{"rendered":"https:\/\/tasdashop.com\/product\/sudadera-mujer-santas-2\/"},"modified":"2021-12-14T16:25:36","modified_gmt":"2021-12-14T15:25:36","slug":"sudadera-mujer-santas-2","status":"publish","type":"product","link":"https:\/\/tasdashop.com\/es\/producto\/sudadera-mujer-santas-2\/","title":{"rendered":"Sudadera Mujer Santa\u00b4s"},"content":{"rendered":"<p>Est\u00e1 elaborado con un corte de precisi\u00f3n y cosido a mano para conseguir el mejor acabado. Adem\u00e1s, el tejido exterior es resistente y tiene un tacto de algod\u00f3n muy suave y el tejido interior es de fibra gruesa que te cubrir\u00e1 del fr\u00edo, y te sentir\u00e1s muy c\u00f3modo al llevarlo.<\/p>\n<p>Materiales:<br \/>\n&#8211; 70% poli\u00e9ster, 27% algod\u00f3n, 3% elastano.<br \/>\n&#8211; Tejido de algod\u00f3n suave al tacto<br \/>\n&#8211; Tejido interior de vell\u00f3n cepillado<br \/>\n&#8211; unisex<\/p>\n","protected":false},"excerpt":{"rendered":"<p>Has encontrado la sudadera navide\u00f1a m\u00e1s original y divertida.<\/p>\n<p>La ilustraci\u00f3n es un dise\u00f1o exclusivo de TASDA.<\/p>\n","protected":false},"featured_media":19276,"comment_status":"open","ping_status":"closed","template":"","meta":{"_coblocks_attr":"","_coblocks_dimensions":"","_coblocks_responsive_height":"","_coblocks_accordion_ie_support":""},"product_brand":[],"product_cat":[222,251,250,276],"product_tag":[270],"class_list":{"0":"post-19603","1":"product","2":"type-product","3":"status-publish","4":"has-post-thumbnail","6":"product_cat-nuevo","7":"product_cat-mujer","8":"product_cat-ropa","9":"product_cat-sudaderas-es","10":"product_tag-navidad","12":"first","13":"instock","14":"taxable","15":"shipping-taxable","16":"purchasable","17":"product-type-variable","18":"has-default-attributes"},"yoast_head":"<!-- This site is optimized with the Yoast SEO plugin v27.4 - https:\/\/yoast.com\/product\/yoast-seo-wordpress\/ -->\n<title>Sudadera Mujer Santa\u00b4s - Su\u00e9ter navide\u00f1o original<\/title>\n<meta name=\"description\" content=\"Has encontrado la sudadera navide\u00f1a m\u00e1s original y divertida. \u00a1Feliz Navidad su\u00e9ter para ti y tu familia! Ver m\u00e1s...\" \/>\n<meta name=\"robots\" content=\"index, follow, max-snippet:-1, max-image-preview:large, max-video-preview:-1\" \/>\n<link rel=\"canonical\" href=\"https:\/\/tasdashop.com\/es\/producto\/sudadera-mujer-santas-2\/\" \/>\n<meta property=\"og:locale\" content=\"es_ES\" \/>\n<meta property=\"og:type\" content=\"article\" \/>\n<meta property=\"og:title\" content=\"Sudadera Mujer Santa\u00b4s - Su\u00e9ter navide\u00f1o original\" \/>\n<meta property=\"og:description\" content=\"Has encontrado la sudadera navide\u00f1a m\u00e1s original y divertida. \u00a1Feliz Navidad su\u00e9ter para ti y tu familia! Ver m\u00e1s...\" \/>\n<meta property=\"og:url\" content=\"https:\/\/tasdashop.com\/es\/producto\/sudadera-mujer-santas-2\/\" \/>\n<meta property=\"og:site_name\" content=\"TASDA\" \/>\n<meta property=\"article:publisher\" content=\"https:\/\/www.facebook.com\/Tasda-107458447328529\/\" \/>\n<meta property=\"article:modified_time\" content=\"2021-12-14T15:25:36+00:00\" \/>\n<meta property=\"og:image\" content=\"https:\/\/tasdashop.com\/wp-content\/uploads\/2021\/11\/unisex-fleece-sweatshirt-white-front-618696d2a6603.jpg\" \/>\n\t<meta property=\"og:image:width\" content=\"1000\" \/>\n\t<meta property=\"og:image:height\" content=\"1000\" \/>\n\t<meta property=\"og:image:type\" content=\"image\/jpeg\" \/>\n<meta name=\"twitter:card\" content=\"summary_large_image\" \/>\n<script type=\"application\/ld+json\" class=\"yoast-schema-graph\">{\"@context\":\"https:\\\/\\\/schema.org\",\"@graph\":[{\"@type\":\"WebPage\",\"@id\":\"https:\\\/\\\/tasdashop.com\\\/es\\\/producto\\\/sudadera-mujer-santas-2\\\/\",\"url\":\"https:\\\/\\\/tasdashop.com\\\/es\\\/producto\\\/sudadera-mujer-santas-2\\\/\",\"name\":\"Sudadera Mujer Santa\u00b4s - Su\u00e9ter navide\u00f1o original\",\"isPartOf\":{\"@id\":\"https:\\\/\\\/tasdashop.com\\\/es\\\/#website\"},\"primaryImageOfPage\":{\"@id\":\"https:\\\/\\\/tasdashop.com\\\/es\\\/producto\\\/sudadera-mujer-santas-2\\\/#primaryimage\"},\"image\":{\"@id\":\"https:\\\/\\\/tasdashop.com\\\/es\\\/producto\\\/sudadera-mujer-santas-2\\\/#primaryimage\"},\"thumbnailUrl\":\"https:\\\/\\\/tasdashop.com\\\/wp-content\\\/uploads\\\/2021\\\/11\\\/unisex-fleece-sweatshirt-white-front-618696d2a6603.jpg\",\"datePublished\":\"2021-12-14T15:25:32+00:00\",\"dateModified\":\"2021-12-14T15:25:36+00:00\",\"description\":\"Has encontrado la sudadera navide\u00f1a m\u00e1s original y divertida. \u00a1Feliz Navidad su\u00e9ter para ti y tu familia! Ver m\u00e1s...\",\"breadcrumb\":{\"@id\":\"https:\\\/\\\/tasdashop.com\\\/es\\\/producto\\\/sudadera-mujer-santas-2\\\/#breadcrumb\"},\"inLanguage\":\"es\",\"potentialAction\":[{\"@type\":\"ReadAction\",\"target\":[\"https:\\\/\\\/tasdashop.com\\\/es\\\/producto\\\/sudadera-mujer-santas-2\\\/\"]}]},{\"@type\":\"ImageObject\",\"inLanguage\":\"es\",\"@id\":\"https:\\\/\\\/tasdashop.com\\\/es\\\/producto\\\/sudadera-mujer-santas-2\\\/#primaryimage\",\"url\":\"https:\\\/\\\/tasdashop.com\\\/wp-content\\\/uploads\\\/2021\\\/11\\\/unisex-fleece-sweatshirt-white-front-618696d2a6603.jpg\",\"contentUrl\":\"https:\\\/\\\/tasdashop.com\\\/wp-content\\\/uploads\\\/2021\\\/11\\\/unisex-fleece-sweatshirt-white-front-618696d2a6603.jpg\",\"width\":1000,\"height\":1000},{\"@type\":\"BreadcrumbList\",\"@id\":\"https:\\\/\\\/tasdashop.com\\\/es\\\/producto\\\/sudadera-mujer-santas-2\\\/#breadcrumb\",\"itemListElement\":[{\"@type\":\"ListItem\",\"position\":1,\"name\":\"Portada\",\"item\":\"https:\\\/\\\/tasdashop.com\\\/es\\\/\"},{\"@type\":\"ListItem\",\"position\":2,\"name\":\"Tienda\",\"item\":\"https:\\\/\\\/tasdashop.com\\\/es\\\/tienda\\\/\"},{\"@type\":\"ListItem\",\"position\":3,\"name\":\"Sudadera Mujer Santa\u00b4s\"}]},{\"@type\":\"WebSite\",\"@id\":\"https:\\\/\\\/tasdashop.com\\\/es\\\/#website\",\"url\":\"https:\\\/\\\/tasdashop.com\\\/es\\\/\",\"name\":\"TASDA\",\"description\":\"Bags, jewelry, clothimg and accessories Global Brand\",\"publisher\":{\"@id\":\"https:\\\/\\\/tasdashop.com\\\/es\\\/#organization\"},\"potentialAction\":[{\"@type\":\"SearchAction\",\"target\":{\"@type\":\"EntryPoint\",\"urlTemplate\":\"https:\\\/\\\/tasdashop.com\\\/es\\\/?s={search_term_string}\"},\"query-input\":{\"@type\":\"PropertyValueSpecification\",\"valueRequired\":true,\"valueName\":\"search_term_string\"}}],\"inLanguage\":\"es\"},{\"@type\":\"Organization\",\"@id\":\"https:\\\/\\\/tasdashop.com\\\/es\\\/#organization\",\"name\":\"TASDA\",\"url\":\"https:\\\/\\\/tasdashop.com\\\/es\\\/\",\"logo\":{\"@type\":\"ImageObject\",\"inLanguage\":\"es\",\"@id\":\"https:\\\/\\\/tasdashop.com\\\/es\\\/#\\\/schema\\\/logo\\\/image\\\/\",\"url\":\"\",\"contentUrl\":\"\",\"caption\":\"TASDA\"},\"image\":{\"@id\":\"https:\\\/\\\/tasdashop.com\\\/es\\\/#\\\/schema\\\/logo\\\/image\\\/\"},\"sameAs\":[\"https:\\\/\\\/www.facebook.com\\\/Tasda-107458447328529\\\/\",\"https:\\\/\\\/www.instagram.com\\\/tasda.es\\\/?hl=es\"]}]}<\/script>\n<!-- \/ Yoast SEO plugin. -->","yoast_head_json":{"title":"Sudadera Mujer Santa\u00b4s - Su\u00e9ter navide\u00f1o original","description":"Has encontrado la sudadera navide\u00f1a m\u00e1s original y divertida. \u00a1Feliz Navidad su\u00e9ter para ti y tu familia! Ver m\u00e1s...","robots":{"index":"index","follow":"follow","max-snippet":"max-snippet:-1","max-image-preview":"max-image-preview:large","max-video-preview":"max-video-preview:-1"},"canonical":"https:\/\/tasdashop.com\/es\/producto\/sudadera-mujer-santas-2\/","og_locale":"es_ES","og_type":"article","og_title":"Sudadera Mujer Santa\u00b4s - Su\u00e9ter navide\u00f1o original","og_description":"Has encontrado la sudadera navide\u00f1a m\u00e1s original y divertida. \u00a1Feliz Navidad su\u00e9ter para ti y tu familia! Ver m\u00e1s...","og_url":"https:\/\/tasdashop.com\/es\/producto\/sudadera-mujer-santas-2\/","og_site_name":"TASDA","article_publisher":"https:\/\/www.facebook.com\/Tasda-107458447328529\/","article_modified_time":"2021-12-14T15:25:36+00:00","og_image":[{"width":1000,"height":1000,"url":"https:\/\/tasdashop.com\/wp-content\/uploads\/2021\/11\/unisex-fleece-sweatshirt-white-front-618696d2a6603.jpg","type":"image\/jpeg"}],"twitter_card":"summary_large_image","schema":{"@context":"https:\/\/schema.org","@graph":[{"@type":"WebPage","@id":"https:\/\/tasdashop.com\/es\/producto\/sudadera-mujer-santas-2\/","url":"https:\/\/tasdashop.com\/es\/producto\/sudadera-mujer-santas-2\/","name":"Sudadera Mujer Santa\u00b4s - Su\u00e9ter navide\u00f1o original","isPartOf":{"@id":"https:\/\/tasdashop.com\/es\/#website"},"primaryImageOfPage":{"@id":"https:\/\/tasdashop.com\/es\/producto\/sudadera-mujer-santas-2\/#primaryimage"},"image":{"@id":"https:\/\/tasdashop.com\/es\/producto\/sudadera-mujer-santas-2\/#primaryimage"},"thumbnailUrl":"https:\/\/tasdashop.com\/wp-content\/uploads\/2021\/11\/unisex-fleece-sweatshirt-white-front-618696d2a6603.jpg","datePublished":"2021-12-14T15:25:32+00:00","dateModified":"2021-12-14T15:25:36+00:00","description":"Has encontrado la sudadera navide\u00f1a m\u00e1s original y divertida. \u00a1Feliz Navidad su\u00e9ter para ti y tu familia! Ver m\u00e1s...","breadcrumb":{"@id":"https:\/\/tasdashop.com\/es\/producto\/sudadera-mujer-santas-2\/#breadcrumb"},"inLanguage":"es","potentialAction":[{"@type":"ReadAction","target":["https:\/\/tasdashop.com\/es\/producto\/sudadera-mujer-santas-2\/"]}]},{"@type":"ImageObject","inLanguage":"es","@id":"https:\/\/tasdashop.com\/es\/producto\/sudadera-mujer-santas-2\/#primaryimage","url":"https:\/\/tasdashop.com\/wp-content\/uploads\/2021\/11\/unisex-fleece-sweatshirt-white-front-618696d2a6603.jpg","contentUrl":"https:\/\/tasdashop.com\/wp-content\/uploads\/2021\/11\/unisex-fleece-sweatshirt-white-front-618696d2a6603.jpg","width":1000,"height":1000},{"@type":"BreadcrumbList","@id":"https:\/\/tasdashop.com\/es\/producto\/sudadera-mujer-santas-2\/#breadcrumb","itemListElement":[{"@type":"ListItem","position":1,"name":"Portada","item":"https:\/\/tasdashop.com\/es\/"},{"@type":"ListItem","position":2,"name":"Tienda","item":"https:\/\/tasdashop.com\/es\/tienda\/"},{"@type":"ListItem","position":3,"name":"Sudadera Mujer Santa\u00b4s"}]},{"@type":"WebSite","@id":"https:\/\/tasdashop.com\/es\/#website","url":"https:\/\/tasdashop.com\/es\/","name":"TASDA","description":"Bags, jewelry, clothimg and accessories Global Brand","publisher":{"@id":"https:\/\/tasdashop.com\/es\/#organization"},"potentialAction":[{"@type":"SearchAction","target":{"@type":"EntryPoint","urlTemplate":"https:\/\/tasdashop.com\/es\/?s={search_term_string}"},"query-input":{"@type":"PropertyValueSpecification","valueRequired":true,"valueName":"search_term_string"}}],"inLanguage":"es"},{"@type":"Organization","@id":"https:\/\/tasdashop.com\/es\/#organization","name":"TASDA","url":"https:\/\/tasdashop.com\/es\/","logo":{"@type":"ImageObject","inLanguage":"es","@id":"https:\/\/tasdashop.com\/es\/#\/schema\/logo\/image\/","url":"","contentUrl":"","caption":"TASDA"},"image":{"@id":"https:\/\/tasdashop.com\/es\/#\/schema\/logo\/image\/"},"sameAs":["https:\/\/www.facebook.com\/Tasda-107458447328529\/","https:\/\/www.instagram.com\/tasda.es\/?hl=es"]}]}},"jetpack_sharing_enabled":true,"_links":{"self":[{"href":"https:\/\/tasdashop.com\/es\/wp-json\/wp\/v2\/product\/19603","targetHints":{"allow":["GET"]}}],"collection":[{"href":"https:\/\/tasdashop.com\/es\/wp-json\/wp\/v2\/product"}],"about":[{"href":"https:\/\/tasdashop.com\/es\/wp-json\/wp\/v2\/types\/product"}],"replies":[{"embeddable":true,"href":"https:\/\/tasdashop.com\/es\/wp-json\/wp\/v2\/comments?post=19603"}],"wp:featuredmedia":[{"embeddable":true,"href":"https:\/\/tasdashop.com\/es\/wp-json\/wp\/v2\/media\/19276"}],"wp:attachment":[{"href":"https:\/\/tasdashop.com\/es\/wp-json\/wp\/v2\/media?parent=19603"}],"wp:term":[{"taxonomy":"product_brand","embeddable":true,"href":"https:\/\/tasdashop.com\/es\/wp-json\/wp\/v2\/product_brand?post=19603"},{"taxonomy":"product_cat","embeddable":true,"href":"https:\/\/tasdashop.com\/es\/wp-json\/wp\/v2\/product_cat?post=19603"},{"taxonomy":"product_tag","embeddable":true,"href":"https:\/\/tasdashop.com\/es\/wp-json\/wp\/v2\/product_tag?post=19603"}],"curies":[{"name":"wp","href":"https:\/\/api.w.org\/{rel}","templated":true}]}}