{"id":19551,"date":"2021-09-05T11:40:57","date_gmt":"2021-12-14T15:25:27","guid":{"rendered":"https:\/\/tasdashop.com\/product\/joggers-de-leopardo\/"},"modified":"2024-02-15T10:22:04","modified_gmt":"2024-02-15T09:22:04","slug":"joggers-de-leopardo","status":"publish","type":"product","link":"https:\/\/tasdashop.com\/es\/producto\/joggers-de-leopardo\/","title":{"rendered":"Joggers de leopardo"},"content":{"rendered":"<p>\u2022 70% poli\u00e9ster, 27% algod\u00f3n, 3% elastano<br \/>\n\u2022 Peso de la tela: 8,85 oz \/ yd\u00b2 (300 g \/ m\u00b2)<br \/>\n\u2022 Ajustado<br \/>\n\u2022 Frente de tela suave con tacto de algod\u00f3n<br \/>\n\u2022 Tejido de vell\u00f3n cepillado en el interior<br \/>\n\u2022 Piernas con pu\u00f1os<br \/>\n\u2022 Pr\u00e1cticos bolsillos<br \/>\n\u2022 Cintura el\u00e1stica con cord\u00f3n blanco<\/p>\n","protected":false},"excerpt":{"rendered":"<p>\u00a1Felicidades, has encontrado tu pr\u00f3ximo pantal\u00f3n de ch\u00e1ndal con estampado de leopardo favorito!<\/p>\n<p>Confeccionados con una suave mezcla de algod\u00f3n, estos pantalones deportivos cuentan con un estampado vibrante que no se desvanece, por lo que pueden permanecer en tu guardarropa durante mucho tiempo.<\/p>\n<p>El dise\u00f1o de impresi\u00f3n es una creaci\u00f3n \u00fanica de TASDA.<\/p>\n","protected":false},"featured_media":19229,"comment_status":"open","ping_status":"closed","template":"","meta":{"_coblocks_attr":"","_coblocks_dimensions":"","_coblocks_responsive_height":"","_coblocks_accordion_ie_support":""},"product_brand":[],"product_cat":[252,251,250,253,254],"product_tag":[],"class_list":{"0":"post-19551","1":"product","2":"type-product","3":"status-publish","4":"has-post-thumbnail","6":"product_cat-chandals-pantalones-cortos","7":"product_cat-mujer","8":"product_cat-ropa","9":"product_cat-ropa-deportiva","10":"product_cat-toda-la-ropa-de-mujer","11":"product_shipping_class-standard-shipping-es","13":"first","14":"instock","15":"taxable","16":"shipping-taxable","17":"purchasable","18":"product-type-variable"},"yoast_head":"<!-- This site is optimized with the Yoast SEO plugin v27.4 - https:\/\/yoast.com\/product\/yoast-seo-wordpress\/ -->\n<title>Joggers de leopardo - Descubre el mejor nombre de TASDA Mujer Ropa deportiva<\/title>\n<meta name=\"description\" content=\"Los art\u00edculos de lino sportwear de TASDA son una opci\u00f3n segura y \u00fanica, elaborados con la \u00faltima tecnolog\u00eda, ofreci\u00e9ndote un art\u00edculo de m\u00e1xima calidad.\" \/>\n<meta name=\"robots\" content=\"index, follow, max-snippet:-1, max-image-preview:large, max-video-preview:-1\" \/>\n<link rel=\"canonical\" href=\"https:\/\/tasdashop.com\/es\/producto\/joggers-de-leopardo\/\" \/>\n<meta property=\"og:locale\" content=\"es_ES\" \/>\n<meta property=\"og:type\" content=\"article\" \/>\n<meta property=\"og:title\" content=\"Joggers de leopardo - Descubre el mejor nombre de TASDA Mujer Ropa deportiva\" \/>\n<meta property=\"og:description\" content=\"Los art\u00edculos de lino sportwear de TASDA son una opci\u00f3n segura y \u00fanica, elaborados con la \u00faltima tecnolog\u00eda, ofreci\u00e9ndote un art\u00edculo de m\u00e1xima calidad.\" \/>\n<meta property=\"og:url\" content=\"https:\/\/tasdashop.com\/es\/producto\/joggers-de-leopardo\/\" \/>\n<meta property=\"og:site_name\" content=\"TASDA\" \/>\n<meta property=\"article:publisher\" content=\"https:\/\/www.facebook.com\/Tasda-107458447328529\/\" \/>\n<meta property=\"article:modified_time\" content=\"2024-02-15T09:22:04+00:00\" \/>\n<meta property=\"og:image\" content=\"https:\/\/tasdashop.com\/wp-content\/uploads\/2021\/09\/LEOPARD-PRINT-JOGGERS3.jpg\" \/>\n\t<meta property=\"og:image:width\" content=\"1000\" \/>\n\t<meta property=\"og:image:height\" content=\"1000\" \/>\n\t<meta property=\"og:image:type\" content=\"image\/jpeg\" \/>\n<meta name=\"twitter:card\" content=\"summary_large_image\" \/>\n<script type=\"application\/ld+json\" class=\"yoast-schema-graph\">{\"@context\":\"https:\\\/\\\/schema.org\",\"@graph\":[{\"@type\":\"WebPage\",\"@id\":\"https:\\\/\\\/tasdashop.com\\\/es\\\/producto\\\/joggers-de-leopardo\\\/\",\"url\":\"https:\\\/\\\/tasdashop.com\\\/es\\\/producto\\\/joggers-de-leopardo\\\/\",\"name\":\"Joggers de leopardo - Descubre el mejor nombre de TASDA Mujer Ropa deportiva\",\"isPartOf\":{\"@id\":\"https:\\\/\\\/tasdashop.com\\\/es\\\/#website\"},\"primaryImageOfPage\":{\"@id\":\"https:\\\/\\\/tasdashop.com\\\/es\\\/producto\\\/joggers-de-leopardo\\\/#primaryimage\"},\"image\":{\"@id\":\"https:\\\/\\\/tasdashop.com\\\/es\\\/producto\\\/joggers-de-leopardo\\\/#primaryimage\"},\"thumbnailUrl\":\"https:\\\/\\\/tasdashop.com\\\/wp-content\\\/uploads\\\/2021\\\/09\\\/LEOPARD-PRINT-JOGGERS3.jpg\",\"datePublished\":\"2021-12-14T15:25:27+00:00\",\"dateModified\":\"2024-02-15T09:22:04+00:00\",\"description\":\"Los art\u00edculos de lino sportwear de TASDA son una opci\u00f3n segura y \u00fanica, elaborados con la \u00faltima tecnolog\u00eda, ofreci\u00e9ndote un art\u00edculo de m\u00e1xima calidad.\",\"breadcrumb\":{\"@id\":\"https:\\\/\\\/tasdashop.com\\\/es\\\/producto\\\/joggers-de-leopardo\\\/#breadcrumb\"},\"inLanguage\":\"es\",\"potentialAction\":[{\"@type\":\"ReadAction\",\"target\":[\"https:\\\/\\\/tasdashop.com\\\/es\\\/producto\\\/joggers-de-leopardo\\\/\"]}]},{\"@type\":\"ImageObject\",\"inLanguage\":\"es\",\"@id\":\"https:\\\/\\\/tasdashop.com\\\/es\\\/producto\\\/joggers-de-leopardo\\\/#primaryimage\",\"url\":\"https:\\\/\\\/tasdashop.com\\\/wp-content\\\/uploads\\\/2021\\\/09\\\/LEOPARD-PRINT-JOGGERS3.jpg\",\"contentUrl\":\"https:\\\/\\\/tasdashop.com\\\/wp-content\\\/uploads\\\/2021\\\/09\\\/LEOPARD-PRINT-JOGGERS3.jpg\",\"width\":1000,\"height\":1000,\"caption\":\"JOGGERS ESTAMPADO LEOPARDO\"},{\"@type\":\"BreadcrumbList\",\"@id\":\"https:\\\/\\\/tasdashop.com\\\/es\\\/producto\\\/joggers-de-leopardo\\\/#breadcrumb\",\"itemListElement\":[{\"@type\":\"ListItem\",\"position\":1,\"name\":\"Portada\",\"item\":\"https:\\\/\\\/tasdashop.com\\\/es\\\/\"},{\"@type\":\"ListItem\",\"position\":2,\"name\":\"Tienda\",\"item\":\"https:\\\/\\\/tasdashop.com\\\/es\\\/tienda\\\/\"},{\"@type\":\"ListItem\",\"position\":3,\"name\":\"Joggers de leopardo\"}]},{\"@type\":\"WebSite\",\"@id\":\"https:\\\/\\\/tasdashop.com\\\/es\\\/#website\",\"url\":\"https:\\\/\\\/tasdashop.com\\\/es\\\/\",\"name\":\"TASDA\",\"description\":\"Bags, jewelry, clothimg and accessories Global Brand\",\"publisher\":{\"@id\":\"https:\\\/\\\/tasdashop.com\\\/es\\\/#organization\"},\"potentialAction\":[{\"@type\":\"SearchAction\",\"target\":{\"@type\":\"EntryPoint\",\"urlTemplate\":\"https:\\\/\\\/tasdashop.com\\\/es\\\/?s={search_term_string}\"},\"query-input\":{\"@type\":\"PropertyValueSpecification\",\"valueRequired\":true,\"valueName\":\"search_term_string\"}}],\"inLanguage\":\"es\"},{\"@type\":\"Organization\",\"@id\":\"https:\\\/\\\/tasdashop.com\\\/es\\\/#organization\",\"name\":\"TASDA\",\"url\":\"https:\\\/\\\/tasdashop.com\\\/es\\\/\",\"logo\":{\"@type\":\"ImageObject\",\"inLanguage\":\"es\",\"@id\":\"https:\\\/\\\/tasdashop.com\\\/es\\\/#\\\/schema\\\/logo\\\/image\\\/\",\"url\":\"\",\"contentUrl\":\"\",\"caption\":\"TASDA\"},\"image\":{\"@id\":\"https:\\\/\\\/tasdashop.com\\\/es\\\/#\\\/schema\\\/logo\\\/image\\\/\"},\"sameAs\":[\"https:\\\/\\\/www.facebook.com\\\/Tasda-107458447328529\\\/\",\"https:\\\/\\\/www.instagram.com\\\/tasda.es\\\/?hl=es\"]}]}<\/script>\n<!-- \/ Yoast SEO plugin. -->","yoast_head_json":{"title":"Joggers de leopardo - Descubre el mejor nombre de TASDA Mujer Ropa deportiva","description":"Los art\u00edculos de lino sportwear de TASDA son una opci\u00f3n segura y \u00fanica, elaborados con la \u00faltima tecnolog\u00eda, ofreci\u00e9ndote un art\u00edculo de m\u00e1xima calidad.","robots":{"index":"index","follow":"follow","max-snippet":"max-snippet:-1","max-image-preview":"max-image-preview:large","max-video-preview":"max-video-preview:-1"},"canonical":"https:\/\/tasdashop.com\/es\/producto\/joggers-de-leopardo\/","og_locale":"es_ES","og_type":"article","og_title":"Joggers de leopardo - Descubre el mejor nombre de TASDA Mujer Ropa deportiva","og_description":"Los art\u00edculos de lino sportwear de TASDA son una opci\u00f3n segura y \u00fanica, elaborados con la \u00faltima tecnolog\u00eda, ofreci\u00e9ndote un art\u00edculo de m\u00e1xima calidad.","og_url":"https:\/\/tasdashop.com\/es\/producto\/joggers-de-leopardo\/","og_site_name":"TASDA","article_publisher":"https:\/\/www.facebook.com\/Tasda-107458447328529\/","article_modified_time":"2024-02-15T09:22:04+00:00","og_image":[{"width":1000,"height":1000,"url":"https:\/\/tasdashop.com\/wp-content\/uploads\/2021\/09\/LEOPARD-PRINT-JOGGERS3.jpg","type":"image\/jpeg"}],"twitter_card":"summary_large_image","schema":{"@context":"https:\/\/schema.org","@graph":[{"@type":"WebPage","@id":"https:\/\/tasdashop.com\/es\/producto\/joggers-de-leopardo\/","url":"https:\/\/tasdashop.com\/es\/producto\/joggers-de-leopardo\/","name":"Joggers de leopardo - Descubre el mejor nombre de TASDA Mujer Ropa deportiva","isPartOf":{"@id":"https:\/\/tasdashop.com\/es\/#website"},"primaryImageOfPage":{"@id":"https:\/\/tasdashop.com\/es\/producto\/joggers-de-leopardo\/#primaryimage"},"image":{"@id":"https:\/\/tasdashop.com\/es\/producto\/joggers-de-leopardo\/#primaryimage"},"thumbnailUrl":"https:\/\/tasdashop.com\/wp-content\/uploads\/2021\/09\/LEOPARD-PRINT-JOGGERS3.jpg","datePublished":"2021-12-14T15:25:27+00:00","dateModified":"2024-02-15T09:22:04+00:00","description":"Los art\u00edculos de lino sportwear de TASDA son una opci\u00f3n segura y \u00fanica, elaborados con la \u00faltima tecnolog\u00eda, ofreci\u00e9ndote un art\u00edculo de m\u00e1xima calidad.","breadcrumb":{"@id":"https:\/\/tasdashop.com\/es\/producto\/joggers-de-leopardo\/#breadcrumb"},"inLanguage":"es","potentialAction":[{"@type":"ReadAction","target":["https:\/\/tasdashop.com\/es\/producto\/joggers-de-leopardo\/"]}]},{"@type":"ImageObject","inLanguage":"es","@id":"https:\/\/tasdashop.com\/es\/producto\/joggers-de-leopardo\/#primaryimage","url":"https:\/\/tasdashop.com\/wp-content\/uploads\/2021\/09\/LEOPARD-PRINT-JOGGERS3.jpg","contentUrl":"https:\/\/tasdashop.com\/wp-content\/uploads\/2021\/09\/LEOPARD-PRINT-JOGGERS3.jpg","width":1000,"height":1000,"caption":"JOGGERS ESTAMPADO LEOPARDO"},{"@type":"BreadcrumbList","@id":"https:\/\/tasdashop.com\/es\/producto\/joggers-de-leopardo\/#breadcrumb","itemListElement":[{"@type":"ListItem","position":1,"name":"Portada","item":"https:\/\/tasdashop.com\/es\/"},{"@type":"ListItem","position":2,"name":"Tienda","item":"https:\/\/tasdashop.com\/es\/tienda\/"},{"@type":"ListItem","position":3,"name":"Joggers de leopardo"}]},{"@type":"WebSite","@id":"https:\/\/tasdashop.com\/es\/#website","url":"https:\/\/tasdashop.com\/es\/","name":"TASDA","description":"Bags, jewelry, clothimg and accessories Global Brand","publisher":{"@id":"https:\/\/tasdashop.com\/es\/#organization"},"potentialAction":[{"@type":"SearchAction","target":{"@type":"EntryPoint","urlTemplate":"https:\/\/tasdashop.com\/es\/?s={search_term_string}"},"query-input":{"@type":"PropertyValueSpecification","valueRequired":true,"valueName":"search_term_string"}}],"inLanguage":"es"},{"@type":"Organization","@id":"https:\/\/tasdashop.com\/es\/#organization","name":"TASDA","url":"https:\/\/tasdashop.com\/es\/","logo":{"@type":"ImageObject","inLanguage":"es","@id":"https:\/\/tasdashop.com\/es\/#\/schema\/logo\/image\/","url":"","contentUrl":"","caption":"TASDA"},"image":{"@id":"https:\/\/tasdashop.com\/es\/#\/schema\/logo\/image\/"},"sameAs":["https:\/\/www.facebook.com\/Tasda-107458447328529\/","https:\/\/www.instagram.com\/tasda.es\/?hl=es"]}]}},"jetpack_sharing_enabled":true,"_links":{"self":[{"href":"https:\/\/tasdashop.com\/es\/wp-json\/wp\/v2\/product\/19551","targetHints":{"allow":["GET"]}}],"collection":[{"href":"https:\/\/tasdashop.com\/es\/wp-json\/wp\/v2\/product"}],"about":[{"href":"https:\/\/tasdashop.com\/es\/wp-json\/wp\/v2\/types\/product"}],"replies":[{"embeddable":true,"href":"https:\/\/tasdashop.com\/es\/wp-json\/wp\/v2\/comments?post=19551"}],"wp:featuredmedia":[{"embeddable":true,"href":"https:\/\/tasdashop.com\/es\/wp-json\/wp\/v2\/media\/19229"}],"wp:attachment":[{"href":"https:\/\/tasdashop.com\/es\/wp-json\/wp\/v2\/media?parent=19551"}],"wp:term":[{"taxonomy":"product_brand","embeddable":true,"href":"https:\/\/tasdashop.com\/es\/wp-json\/wp\/v2\/product_brand?post=19551"},{"taxonomy":"product_cat","embeddable":true,"href":"https:\/\/tasdashop.com\/es\/wp-json\/wp\/v2\/product_cat?post=19551"},{"taxonomy":"product_tag","embeddable":true,"href":"https:\/\/tasdashop.com\/es\/wp-json\/wp\/v2\/product_tag?post=19551"}],"curies":[{"name":"wp","href":"https:\/\/api.w.org\/{rel}","templated":true}]}}