{"id":19546,"date":"2021-12-09T18:11:10","date_gmt":"2021-12-14T15:25:27","guid":{"rendered":"https:\/\/tasdashop.com\/product\/bolso-shopper-flor-rosa\/"},"modified":"2024-04-15T16:58:56","modified_gmt":"2024-04-15T14:58:56","slug":"bolso-shopper-flor-rosa","status":"publish","type":"product","link":"https:\/\/tasdashop.com\/es\/producto\/bolso-shopper-flor-rosa\/","title":{"rendered":"Bolso Shopper Flor Rosa"},"content":{"rendered":"<p>Puedes guardar todo lo que quieras porque est\u00e1 dise\u00f1ado con un amplio compartimiento principal con cierre de cremallera, incluye asas ajustables que te permiten ajustarla a la longitud, seg\u00fan tu comodidad para que te sientas c\u00f3moda y segura mientras lo llevas contigo.<\/p>\n<p>Su interior es lo suficientemente espacioso para llevar tu port\u00e1til, estuche de cosm\u00e9ticos, lentes de sol, cartera y lo que quieras. Adem\u00e1s, que cuenta con un pr\u00e1ctico bolsillo interior con cremallera en la parte posterior y dos bolsillos abiertos.<\/p>\n<p>Est\u00e1 confeccionado con piel PU de alta calidad y forrado con poli\u00e9ster con detalles en dorado.<\/p>\n<p>El dise\u00f1o del estampado es una creaci\u00f3n \u00fanica de TASDA de la colecci\u00f3n Caleidoscopio.<\/p>\n<p>\u00a1Si\u00e9ntete \u00fanico, usa TASDA!<\/p>\n","protected":false},"excerpt":{"rendered":"<p>\u00a1Has encontrado el bolso shopper cl\u00e1sico, con un estampado \u00fanico para que te acompa\u00f1e a donde quieras!<\/p>\n<p>\u00a1Si\u00e9ntete \u00fanico, usa TASDA!<\/p>\n","protected":false},"featured_media":19384,"comment_status":"open","ping_status":"closed","template":"","meta":{"_coblocks_attr":"","_coblocks_dimensions":"","_coblocks_responsive_height":"","_coblocks_accordion_ie_support":""},"product_brand":[],"product_cat":[222,230,221,231,224],"product_tag":[227,225],"class_list":{"0":"post-19546","1":"product","2":"type-product","3":"status-publish","4":"has-post-thumbnail","6":"product_cat-nuevo","7":"product_cat-bolso-de-mano","8":"product_cat-bolsos","9":"product_cat-bolsos-de-compras","10":"product_cat-todos-las-bolsos","11":"product_tag-caleidescopio","12":"product_tag-todas-las-colecciones","13":"product_shipping_class-standard-shipping-es","15":"first","16":"instock","17":"taxable","18":"shipping-taxable","19":"purchasable","20":"product-type-simple"},"yoast_head":"<!-- This site is optimized with the Yoast SEO plugin v27.4 - https:\/\/yoast.com\/product\/yoast-seo-wordpress\/ -->\n<title>Bolso Shopper Flor Rosa - TASDA Bags, Kaleidoscope Collection. \u00a1Nuevo!<\/title>\n<meta name=\"description\" content=\"Echa un vistazo a todos nuestros bolsos con una variedad de estampados de la colecci\u00f3n caleidoscopio. Env\u00edo gratis a todo el mundo. \u00a1S\u00e9 \u00fanico, viste TASDA!\" \/>\n<meta name=\"robots\" content=\"index, follow, max-snippet:-1, max-image-preview:large, max-video-preview:-1\" \/>\n<link rel=\"canonical\" href=\"https:\/\/tasdashop.com\/es\/producto\/bolso-shopper-flor-rosa\/\" \/>\n<meta property=\"og:locale\" content=\"es_ES\" \/>\n<meta property=\"og:type\" content=\"article\" \/>\n<meta property=\"og:title\" content=\"Bolso Shopper Flor Rosa - TASDA Bags, Kaleidoscope Collection. \u00a1Nuevo!\" \/>\n<meta property=\"og:description\" content=\"Echa un vistazo a todos nuestros bolsos con una variedad de estampados de la colecci\u00f3n caleidoscopio. Env\u00edo gratis a todo el mundo. \u00a1S\u00e9 \u00fanico, viste TASDA!\" \/>\n<meta property=\"og:url\" content=\"https:\/\/tasdashop.com\/es\/producto\/bolso-shopper-flor-rosa\/\" \/>\n<meta property=\"og:site_name\" content=\"TASDA\" \/>\n<meta property=\"article:publisher\" content=\"https:\/\/www.facebook.com\/Tasda-107458447328529\/\" \/>\n<meta property=\"article:modified_time\" content=\"2024-04-15T14:58:56+00:00\" \/>\n<meta property=\"og:image\" content=\"https:\/\/tasdashop.com\/wp-content\/uploads\/2021\/12\/PINK-FLOWER-SHOPPER-BAG-3.jpg\" \/>\n\t<meta property=\"og:image:width\" content=\"1000\" \/>\n\t<meta property=\"og:image:height\" content=\"1000\" \/>\n\t<meta property=\"og:image:type\" content=\"image\/jpeg\" \/>\n<meta name=\"twitter:card\" content=\"summary_large_image\" \/>\n<meta name=\"twitter:label1\" content=\"Tiempo de lectura\" \/>\n\t<meta name=\"twitter:data1\" content=\"1 minuto\" \/>\n<script type=\"application\/ld+json\" class=\"yoast-schema-graph\">{\"@context\":\"https:\\\/\\\/schema.org\",\"@graph\":[{\"@type\":\"WebPage\",\"@id\":\"https:\\\/\\\/tasdashop.com\\\/es\\\/producto\\\/bolso-shopper-flor-rosa\\\/\",\"url\":\"https:\\\/\\\/tasdashop.com\\\/es\\\/producto\\\/bolso-shopper-flor-rosa\\\/\",\"name\":\"Bolso Shopper Flor Rosa - TASDA Bags, Kaleidoscope Collection. \u00a1Nuevo!\",\"isPartOf\":{\"@id\":\"https:\\\/\\\/tasdashop.com\\\/es\\\/#website\"},\"primaryImageOfPage\":{\"@id\":\"https:\\\/\\\/tasdashop.com\\\/es\\\/producto\\\/bolso-shopper-flor-rosa\\\/#primaryimage\"},\"image\":{\"@id\":\"https:\\\/\\\/tasdashop.com\\\/es\\\/producto\\\/bolso-shopper-flor-rosa\\\/#primaryimage\"},\"thumbnailUrl\":\"https:\\\/\\\/tasdashop.com\\\/wp-content\\\/uploads\\\/2021\\\/12\\\/PINK-FLOWER-SHOPPER-BAG-3.jpg\",\"datePublished\":\"2021-12-14T15:25:27+00:00\",\"dateModified\":\"2024-04-15T14:58:56+00:00\",\"description\":\"Echa un vistazo a todos nuestros bolsos con una variedad de estampados de la colecci\u00f3n caleidoscopio. Env\u00edo gratis a todo el mundo. \u00a1S\u00e9 \u00fanico, viste TASDA!\",\"breadcrumb\":{\"@id\":\"https:\\\/\\\/tasdashop.com\\\/es\\\/producto\\\/bolso-shopper-flor-rosa\\\/#breadcrumb\"},\"inLanguage\":\"es\",\"potentialAction\":[{\"@type\":\"ReadAction\",\"target\":[\"https:\\\/\\\/tasdashop.com\\\/es\\\/producto\\\/bolso-shopper-flor-rosa\\\/\"]}]},{\"@type\":\"ImageObject\",\"inLanguage\":\"es\",\"@id\":\"https:\\\/\\\/tasdashop.com\\\/es\\\/producto\\\/bolso-shopper-flor-rosa\\\/#primaryimage\",\"url\":\"https:\\\/\\\/tasdashop.com\\\/wp-content\\\/uploads\\\/2021\\\/12\\\/PINK-FLOWER-SHOPPER-BAG-3.jpg\",\"contentUrl\":\"https:\\\/\\\/tasdashop.com\\\/wp-content\\\/uploads\\\/2021\\\/12\\\/PINK-FLOWER-SHOPPER-BAG-3.jpg\",\"width\":1000,\"height\":1000,\"caption\":\"BOLSO FLOWER-SHOPPER ROSA, bolso shopper rosa, shopper fucsia\"},{\"@type\":\"BreadcrumbList\",\"@id\":\"https:\\\/\\\/tasdashop.com\\\/es\\\/producto\\\/bolso-shopper-flor-rosa\\\/#breadcrumb\",\"itemListElement\":[{\"@type\":\"ListItem\",\"position\":1,\"name\":\"Portada\",\"item\":\"https:\\\/\\\/tasdashop.com\\\/es\\\/\"},{\"@type\":\"ListItem\",\"position\":2,\"name\":\"Tienda\",\"item\":\"https:\\\/\\\/tasdashop.com\\\/es\\\/tienda\\\/\"},{\"@type\":\"ListItem\",\"position\":3,\"name\":\"Bolso Shopper Flor Rosa\"}]},{\"@type\":\"WebSite\",\"@id\":\"https:\\\/\\\/tasdashop.com\\\/es\\\/#website\",\"url\":\"https:\\\/\\\/tasdashop.com\\\/es\\\/\",\"name\":\"TASDA\",\"description\":\"Bags, jewelry, clothimg and accessories Global Brand\",\"publisher\":{\"@id\":\"https:\\\/\\\/tasdashop.com\\\/es\\\/#organization\"},\"potentialAction\":[{\"@type\":\"SearchAction\",\"target\":{\"@type\":\"EntryPoint\",\"urlTemplate\":\"https:\\\/\\\/tasdashop.com\\\/es\\\/?s={search_term_string}\"},\"query-input\":{\"@type\":\"PropertyValueSpecification\",\"valueRequired\":true,\"valueName\":\"search_term_string\"}}],\"inLanguage\":\"es\"},{\"@type\":\"Organization\",\"@id\":\"https:\\\/\\\/tasdashop.com\\\/es\\\/#organization\",\"name\":\"TASDA\",\"url\":\"https:\\\/\\\/tasdashop.com\\\/es\\\/\",\"logo\":{\"@type\":\"ImageObject\",\"inLanguage\":\"es\",\"@id\":\"https:\\\/\\\/tasdashop.com\\\/es\\\/#\\\/schema\\\/logo\\\/image\\\/\",\"url\":\"\",\"contentUrl\":\"\",\"caption\":\"TASDA\"},\"image\":{\"@id\":\"https:\\\/\\\/tasdashop.com\\\/es\\\/#\\\/schema\\\/logo\\\/image\\\/\"},\"sameAs\":[\"https:\\\/\\\/www.facebook.com\\\/Tasda-107458447328529\\\/\",\"https:\\\/\\\/www.instagram.com\\\/tasda.es\\\/?hl=es\"]}]}<\/script>\n<!-- \/ Yoast SEO plugin. -->","yoast_head_json":{"title":"Bolso Shopper Flor Rosa - TASDA Bags, Kaleidoscope Collection. \u00a1Nuevo!","description":"Echa un vistazo a todos nuestros bolsos con una variedad de estampados de la colecci\u00f3n caleidoscopio. Env\u00edo gratis a todo el mundo. \u00a1S\u00e9 \u00fanico, viste TASDA!","robots":{"index":"index","follow":"follow","max-snippet":"max-snippet:-1","max-image-preview":"max-image-preview:large","max-video-preview":"max-video-preview:-1"},"canonical":"https:\/\/tasdashop.com\/es\/producto\/bolso-shopper-flor-rosa\/","og_locale":"es_ES","og_type":"article","og_title":"Bolso Shopper Flor Rosa - TASDA Bags, Kaleidoscope Collection. \u00a1Nuevo!","og_description":"Echa un vistazo a todos nuestros bolsos con una variedad de estampados de la colecci\u00f3n caleidoscopio. Env\u00edo gratis a todo el mundo. \u00a1S\u00e9 \u00fanico, viste TASDA!","og_url":"https:\/\/tasdashop.com\/es\/producto\/bolso-shopper-flor-rosa\/","og_site_name":"TASDA","article_publisher":"https:\/\/www.facebook.com\/Tasda-107458447328529\/","article_modified_time":"2024-04-15T14:58:56+00:00","og_image":[{"width":1000,"height":1000,"url":"https:\/\/tasdashop.com\/wp-content\/uploads\/2021\/12\/PINK-FLOWER-SHOPPER-BAG-3.jpg","type":"image\/jpeg"}],"twitter_card":"summary_large_image","twitter_misc":{"Tiempo de lectura":"1 minuto"},"schema":{"@context":"https:\/\/schema.org","@graph":[{"@type":"WebPage","@id":"https:\/\/tasdashop.com\/es\/producto\/bolso-shopper-flor-rosa\/","url":"https:\/\/tasdashop.com\/es\/producto\/bolso-shopper-flor-rosa\/","name":"Bolso Shopper Flor Rosa - TASDA Bags, Kaleidoscope Collection. \u00a1Nuevo!","isPartOf":{"@id":"https:\/\/tasdashop.com\/es\/#website"},"primaryImageOfPage":{"@id":"https:\/\/tasdashop.com\/es\/producto\/bolso-shopper-flor-rosa\/#primaryimage"},"image":{"@id":"https:\/\/tasdashop.com\/es\/producto\/bolso-shopper-flor-rosa\/#primaryimage"},"thumbnailUrl":"https:\/\/tasdashop.com\/wp-content\/uploads\/2021\/12\/PINK-FLOWER-SHOPPER-BAG-3.jpg","datePublished":"2021-12-14T15:25:27+00:00","dateModified":"2024-04-15T14:58:56+00:00","description":"Echa un vistazo a todos nuestros bolsos con una variedad de estampados de la colecci\u00f3n caleidoscopio. Env\u00edo gratis a todo el mundo. \u00a1S\u00e9 \u00fanico, viste TASDA!","breadcrumb":{"@id":"https:\/\/tasdashop.com\/es\/producto\/bolso-shopper-flor-rosa\/#breadcrumb"},"inLanguage":"es","potentialAction":[{"@type":"ReadAction","target":["https:\/\/tasdashop.com\/es\/producto\/bolso-shopper-flor-rosa\/"]}]},{"@type":"ImageObject","inLanguage":"es","@id":"https:\/\/tasdashop.com\/es\/producto\/bolso-shopper-flor-rosa\/#primaryimage","url":"https:\/\/tasdashop.com\/wp-content\/uploads\/2021\/12\/PINK-FLOWER-SHOPPER-BAG-3.jpg","contentUrl":"https:\/\/tasdashop.com\/wp-content\/uploads\/2021\/12\/PINK-FLOWER-SHOPPER-BAG-3.jpg","width":1000,"height":1000,"caption":"BOLSO FLOWER-SHOPPER ROSA, bolso shopper rosa, shopper fucsia"},{"@type":"BreadcrumbList","@id":"https:\/\/tasdashop.com\/es\/producto\/bolso-shopper-flor-rosa\/#breadcrumb","itemListElement":[{"@type":"ListItem","position":1,"name":"Portada","item":"https:\/\/tasdashop.com\/es\/"},{"@type":"ListItem","position":2,"name":"Tienda","item":"https:\/\/tasdashop.com\/es\/tienda\/"},{"@type":"ListItem","position":3,"name":"Bolso Shopper Flor Rosa"}]},{"@type":"WebSite","@id":"https:\/\/tasdashop.com\/es\/#website","url":"https:\/\/tasdashop.com\/es\/","name":"TASDA","description":"Bags, jewelry, clothimg and accessories Global Brand","publisher":{"@id":"https:\/\/tasdashop.com\/es\/#organization"},"potentialAction":[{"@type":"SearchAction","target":{"@type":"EntryPoint","urlTemplate":"https:\/\/tasdashop.com\/es\/?s={search_term_string}"},"query-input":{"@type":"PropertyValueSpecification","valueRequired":true,"valueName":"search_term_string"}}],"inLanguage":"es"},{"@type":"Organization","@id":"https:\/\/tasdashop.com\/es\/#organization","name":"TASDA","url":"https:\/\/tasdashop.com\/es\/","logo":{"@type":"ImageObject","inLanguage":"es","@id":"https:\/\/tasdashop.com\/es\/#\/schema\/logo\/image\/","url":"","contentUrl":"","caption":"TASDA"},"image":{"@id":"https:\/\/tasdashop.com\/es\/#\/schema\/logo\/image\/"},"sameAs":["https:\/\/www.facebook.com\/Tasda-107458447328529\/","https:\/\/www.instagram.com\/tasda.es\/?hl=es"]}]}},"jetpack_sharing_enabled":true,"_links":{"self":[{"href":"https:\/\/tasdashop.com\/es\/wp-json\/wp\/v2\/product\/19546","targetHints":{"allow":["GET"]}}],"collection":[{"href":"https:\/\/tasdashop.com\/es\/wp-json\/wp\/v2\/product"}],"about":[{"href":"https:\/\/tasdashop.com\/es\/wp-json\/wp\/v2\/types\/product"}],"replies":[{"embeddable":true,"href":"https:\/\/tasdashop.com\/es\/wp-json\/wp\/v2\/comments?post=19546"}],"wp:featuredmedia":[{"embeddable":true,"href":"https:\/\/tasdashop.com\/es\/wp-json\/wp\/v2\/media\/19384"}],"wp:attachment":[{"href":"https:\/\/tasdashop.com\/es\/wp-json\/wp\/v2\/media?parent=19546"}],"wp:term":[{"taxonomy":"product_brand","embeddable":true,"href":"https:\/\/tasdashop.com\/es\/wp-json\/wp\/v2\/product_brand?post=19546"},{"taxonomy":"product_cat","embeddable":true,"href":"https:\/\/tasdashop.com\/es\/wp-json\/wp\/v2\/product_cat?post=19546"},{"taxonomy":"product_tag","embeddable":true,"href":"https:\/\/tasdashop.com\/es\/wp-json\/wp\/v2\/product_tag?post=19546"}],"curies":[{"name":"wp","href":"https:\/\/api.w.org\/{rel}","templated":true}]}}